{"id":70558,"date":"2023-08-18T13:08:29","date_gmt":"2023-08-18T11:08:29","guid":{"rendered":"https:\/\/staging.egrocoffee.com\/en\/?page_id=70558"},"modified":"2025-12-17T17:22:12","modified_gmt":"2025-12-17T16:22:12","slug":"tecnologia-de-cafe","status":"publish","type":"page","link":"https:\/\/egrocoffee.com\/pt\/quem-somos-nos\/tecnologia-e-inovacao\/tecnologia-de-cafe\/","title":{"rendered":"Coffee Technology"},"content":{"rendered":"\t\t<div data-elementor-type=\"wp-page\" data-elementor-id=\"70558\" class=\"elementor elementor-70558\" data-elementor-post-type=\"page\">\n\t\t\t\t<div data-dce-background-overlay-color=\"#000000\" data-dce-background-overlay-hover-color=\"#030000\" data-dce-background-image-url=\"https:\/\/egrocoffee.com\/en\/wp-content\/uploads\/sites\/3\/2023\/10\/coffee-system-egro-rancilio.jpg\" class=\"elementor-element elementor-element-a2a15b8 e-flex e-con-boxed e-con e-parent\" data-id=\"a2a15b8\" data-element_type=\"container\" data-e-type=\"container\" id=\"hero-banner\" data-settings=\"{&quot;background_background&quot;:&quot;classic&quot;}\">\n\t\t\t\t\t<div class=\"e-con-inner\">\n\t\t<div class=\"elementor-element elementor-element-fef2368 e-con-full e-flex e-con e-child\" data-id=\"fef2368\" data-element_type=\"container\" data-e-type=\"container\">\n\t\t\t\t<div data-dce-title-color=\"#FFFFFF\" class=\"elementor-element elementor-element-51815f6c elementor-widget elementor-widget-heading\" data-id=\"51815f6c\" data-element_type=\"widget\" data-e-type=\"widget\" data-widget_type=\"heading.default\">\n\t\t\t\t<div class=\"elementor-widget-container\">\n\t\t\t\t\t<h1 class=\"elementor-heading-title elementor-size-default\">Tecnologia de caf\u00e9\n<\/h1>\t\t\t\t<\/div>\n\t\t\t\t<\/div>\n\t\t\t\t<div data-dce-text-color=\"#FFFFFF\" class=\"elementor-element elementor-element-2d82fc8 elementor-widget-mobile__width-initial detailshow animated-fast elementor-invisible elementor-widget elementor-widget-text-editor\" data-id=\"2d82fc8\" data-element_type=\"widget\" data-e-type=\"widget\" data-settings=\"{&quot;motion_fx_motion_fx_mouse&quot;:&quot;yes&quot;,&quot;_animation&quot;:&quot;fadeInUp&quot;}\" data-widget_type=\"text-editor.default\">\n\t\t\t\t<div class=\"elementor-widget-container\">\n\t\t\t\t\t\t\t\t\t<p>As m\u00e1quinas de caf\u00e9 Egro super-autom\u00e1ticas s\u00e3o concebidas para oferecer a mais avan\u00e7ada tecnologia de extra\u00e7\u00e3o de caf\u00e9 e todo o profissionalismo e arte do barista ao clique de um bot\u00e3o.<\/p>\t\t\t\t\t\t\t\t<\/div>\n\t\t\t\t<\/div>\n\t\t\t\t<\/div>\n\t\t\t\t\t<\/div>\n\t\t\t\t<\/div>\n\t\t<div data-dce-background-color=\"#FFFFFF\" class=\"elementor-element elementor-element-4251b4bf e-con-full e-flex e-con e-parent\" data-id=\"4251b4bf\" data-element_type=\"container\" data-e-type=\"container\" data-settings=\"{&quot;background_background&quot;:&quot;classic&quot;}\">\n\t\t<div class=\"elementor-element elementor-element-7992e54d e-con-full e-flex e-con e-child\" data-id=\"7992e54d\" data-element_type=\"container\" data-e-type=\"container\">\n\t\t<div class=\"elementor-element elementor-element-d1e2166 e-con-full e-flex e-con e-child\" data-id=\"d1e2166\" data-element_type=\"container\" data-e-type=\"container\">\n\t\t\t\t<div data-dce-title-color=\"#282727\" class=\"elementor-element elementor-element-a363fad elementor-widget elementor-widget-heading\" data-id=\"a363fad\" data-element_type=\"widget\" data-e-type=\"widget\" data-widget_type=\"heading.default\">\n\t\t\t\t<div class=\"elementor-widget-container\">\n\t\t\t\t\t<h2 class=\"elementor-heading-title elementor-size-default\">Desde o gr\u00e3o de caf\u00e9 at\u00e9 \u00e0 ch\u00e1vena, a qualidade est\u00e1 sempre na ponta dos dedos.\n<\/h2>\t\t\t\t<\/div>\n\t\t\t\t<\/div>\n\t\t\t\t<div data-dce-text-color=\"#282727\" class=\"elementor-element elementor-element-2371555 elementor-widget elementor-widget-text-editor\" data-id=\"2371555\" data-element_type=\"widget\" data-e-type=\"widget\" data-widget_type=\"text-editor.default\">\n\t\t\t\t<div class=\"elementor-widget-container\">\n\t\t\t\t\t\t\t\t\t<p>As m\u00e1quinas de caf\u00e9 super-autom\u00e1ticas Egro cuidam dos gr\u00e3os de caf\u00e9 em cada fase da prepara\u00e7\u00e3o, desde a moagem at\u00e9 \u00e0 temperatura da \u00e1gua de extra\u00e7\u00e3o. As nossas tecnologias transformam a arte do barista num processo autom\u00e1tico, garantindo o sabor, a frescura e a m\u00e1xima repetibilidade.<\/p>\t\t\t\t\t\t\t\t<\/div>\n\t\t\t\t<\/div>\n\t\t\t\t<\/div>\n\t\t<div class=\"elementor-element elementor-element-7d5d9bda e-con-full e-flex e-con e-child\" data-id=\"7d5d9bda\" data-element_type=\"container\" data-e-type=\"container\">\n\t\t\t\t<div data-dce-title-color=\"#282727\" class=\"elementor-element elementor-element-7be3e24 elementor-widget elementor-widget-heading\" data-id=\"7be3e24\" data-element_type=\"widget\" data-e-type=\"widget\" data-widget_type=\"heading.default\">\n\t\t\t\t<div class=\"elementor-widget-container\">\n\t\t\t\t\t<h2 class=\"elementor-heading-title elementor-size-default\">Moagem inteligente\n<\/h2>\t\t\t\t<\/div>\n\t\t\t\t<\/div>\n\t\t\t\t<div data-dce-text-color=\"#282727\" class=\"elementor-element elementor-element-aebb7a1 elementor-widget elementor-widget-text-editor\" data-id=\"aebb7a1\" data-element_type=\"widget\" data-e-type=\"widget\" data-widget_type=\"text-editor.default\">\n\t\t\t\t<div class=\"elementor-widget-container\">\n\t\t\t\t\t\t\t\t\t<p>O moinho auto-ajust\u00e1vel (SAG) \u00e9 o sistema de moagem inteligente que corrige quaisquer altera\u00e7\u00f5es na qualidade do caf\u00e9 em tempo real e assegura uma moagem excelente e uma mistura consistente, ch\u00e1vena ap\u00f3s ch\u00e1vena.<\/p>\t\t\t\t\t\t\t\t<\/div>\n\t\t\t\t<\/div>\n\t\t\t\t<\/div>\n\t\t<div class=\"elementor-element elementor-element-0e092eb e-con-full e-flex e-con e-child\" data-id=\"0e092eb\" data-element_type=\"container\" data-e-type=\"container\">\n\t\t\t\t<div data-dce-title-color=\"#282727\" class=\"elementor-element elementor-element-152bd2f elementor-widget elementor-widget-heading\" data-id=\"152bd2f\" data-element_type=\"widget\" data-e-type=\"widget\" data-widget_type=\"heading.default\">\n\t\t\t\t<div class=\"elementor-widget-container\">\n\t\t\t\t\t<h2 class=\"elementor-heading-title elementor-size-default\">Controlo total sobre todos os par\u00e2metros de extra\u00e7\u00e3o de caf\u00e9\n<\/h2>\t\t\t\t<\/div>\n\t\t\t\t<\/div>\n\t\t\t\t<div data-dce-text-color=\"#282727\" class=\"elementor-element elementor-element-709e9cd elementor-widget elementor-widget-text-editor\" data-id=\"709e9cd\" data-element_type=\"widget\" data-e-type=\"widget\" data-widget_type=\"text-editor.default\">\n\t\t\t\t<div class=\"elementor-widget-container\">\n\t\t\t\t\t\t\t\t\t<p>Personalize as suas receitas de caf\u00e9 a partir da interface e atualize o seu menu de caf\u00e9 em qualquer altura. Um simples toque \u00e9 tudo o que precisa para escolher ingredientes, regular as doses e o grau de moagem, escolher o n\u00edvel de press\u00e3o e ativar a pr\u00e9-infus\u00e3o.<\/p>\t\t\t\t\t\t\t\t<\/div>\n\t\t\t\t<\/div>\n\t\t\t\t<\/div>\n\t\t<div class=\"elementor-element elementor-element-e5efbb3 e-con-full e-flex e-con e-child\" data-id=\"e5efbb3\" data-element_type=\"container\" data-e-type=\"container\">\n\t\t\t\t<div data-dce-title-color=\"#282727\" class=\"elementor-element elementor-element-c92619a elementor-widget elementor-widget-heading\" data-id=\"c92619a\" data-element_type=\"widget\" data-e-type=\"widget\" data-widget_type=\"heading.default\">\n\t\t\t\t<div class=\"elementor-widget-container\">\n\t\t\t\t\t<h2 class=\"elementor-heading-title elementor-size-default\">Tecnologia de caldeira dupla\n<\/h2>\t\t\t\t<\/div>\n\t\t\t\t<\/div>\n\t\t\t\t<div data-dce-text-color=\"#282727\" class=\"elementor-element elementor-element-e848813 elementor-widget elementor-widget-text-editor\" data-id=\"e848813\" data-element_type=\"widget\" data-e-type=\"widget\" data-widget_type=\"text-editor.default\">\n\t\t\t\t<div class=\"elementor-widget-container\">\n\t\t\t\t\t\t\t\t\t<p>Duas caldeiras independentes para a prepara\u00e7\u00e3o de caf\u00e9 e dispensa\u00e7\u00e3o de vapor, com a possibilidade de estabelecer temperaturas diferentes para obter sempre o melhor, quer para a dispensa\u00e7\u00e3o de vapor quer para a extra\u00e7\u00e3o de caf\u00e9.<\/p>\t\t\t\t\t\t\t\t<\/div>\n\t\t\t\t<\/div>\n\t\t\t\t<\/div>\n\t\t<div class=\"elementor-element elementor-element-527bf4e e-con-full e-flex e-con e-child\" data-id=\"527bf4e\" data-element_type=\"container\" data-e-type=\"container\">\n\t\t\t\t<div data-dce-title-color=\"#282727\" class=\"elementor-element elementor-element-cbed017 elementor-widget elementor-widget-heading\" data-id=\"cbed017\" data-element_type=\"widget\" data-e-type=\"widget\" data-widget_type=\"heading.default\">\n\t\t\t\t<div class=\"elementor-widget-container\">\n\t\t\t\t\t<h2 class=\"elementor-heading-title elementor-size-default\">Componentes duradouros e materiais de alta qualidade\n<\/h2>\t\t\t\t<\/div>\n\t\t\t\t<\/div>\n\t\t\t\t<div data-dce-text-color=\"#282727\" class=\"elementor-element elementor-element-fd96b6c elementor-widget elementor-widget-text-editor\" data-id=\"fd96b6c\" data-element_type=\"widget\" data-e-type=\"widget\" data-widget_type=\"text-editor.default\">\n\t\t\t\t<div class=\"elementor-widget-container\">\n\t\t\t\t\t\t\t\t\t<p>O grupo de distribui\u00e7\u00e3o em a\u00e7o inoxid\u00e1vel garante alto desempenho e m\u00e1xima fiabilidade. Est\u00e1 dispon\u00edvel com c\u00e2maras de distribui\u00e7\u00e3o de diferentes capacidades para preparar uma grande variedade de receitas de caf\u00e9. O sistema de fecho herm\u00e9tico Dura Brew reduz a manuten\u00e7\u00e3o de rotina do grupo de distribui\u00e7\u00e3o e os custos totais de utiliza\u00e7\u00e3o da m\u00e1quina.<\/p>\t\t\t\t\t\t\t\t<\/div>\n\t\t\t\t<\/div>\n\t\t\t\t<\/div>\n\t\t<div class=\"elementor-element elementor-element-f289d2f e-con-full e-flex e-con e-child\" data-id=\"f289d2f\" data-element_type=\"container\" data-e-type=\"container\">\n\t\t\t\t<div data-dce-title-color=\"#282727\" class=\"elementor-element elementor-element-3a1f8f7 elementor-widget elementor-widget-heading\" data-id=\"3a1f8f7\" data-element_type=\"widget\" data-e-type=\"widget\" data-widget_type=\"heading.default\">\n\t\t\t\t<div class=\"elementor-widget-container\">\n\t\t\t\t\t<h2 class=\"elementor-heading-title elementor-size-default\">Frescura e variedade para o seu menu de caf\u00e9\n<\/h2>\t\t\t\t<\/div>\n\t\t\t\t<\/div>\n\t\t\t\t<div data-dce-text-color=\"#282727\" class=\"elementor-element elementor-element-8546449 elementor-widget elementor-widget-text-editor\" data-id=\"8546449\" data-element_type=\"widget\" data-e-type=\"widget\" data-widget_type=\"text-editor.default\">\n\t\t\t\t<div class=\"elementor-widget-container\">\n\t\t\t\t\t\t\t\t\t<p>Trabalhe simultaneamente com diferentes tipos de gr\u00e3os de caf\u00e9 e produtos instant\u00e2neos para criar um menu de caf\u00e9 rico e variado. Todas as tremonhas das m\u00e1quinas super-autom\u00e1ticas Egro podem ser removidas e disp\u00f5em de fechaduras.<\/p>\t\t\t\t\t\t\t\t<\/div>\n\t\t\t\t<\/div>\n\t\t\t\t<\/div>\n\t\t\t\t<\/div>\n\t\t\t\t<\/div>\n\t\t<div data-dce-background-color=\"#282727\" class=\"elementor-element elementor-element-7dd5c565 e-flex e-con-boxed e-con e-parent\" data-id=\"7dd5c565\" data-element_type=\"container\" data-e-type=\"container\" data-settings=\"{&quot;background_background&quot;:&quot;classic&quot;}\">\n\t\t\t\t\t<div class=\"e-con-inner\">\n\t\t<div class=\"elementor-element elementor-element-793d10a6 e-con-full e-flex e-con e-child\" data-id=\"793d10a6\" data-element_type=\"container\" data-e-type=\"container\">\n\t\t\t\t<div data-dce-title-color=\"#FFFFFF\" class=\"elementor-element elementor-element-359bd908 elementor-widget-mobile__width-initial h2-custom-header elementor-widget elementor-widget-heading\" data-id=\"359bd908\" data-element_type=\"widget\" data-e-type=\"widget\" data-widget_type=\"heading.default\">\n\t\t\t\t<div class=\"elementor-widget-container\">\n\t\t\t\t\t<h2 class=\"elementor-heading-title elementor-size-default\">ESTAMOS AQUI PARA AJUDAR<\/h2>\t\t\t\t<\/div>\n\t\t\t\t<\/div>\n\t\t\t\t<div data-dce-background-color=\"#E2444C\" class=\"elementor-element elementor-element-7fdf1254 elementor-align-justify elementor-widget__width-initial elementor-widget elementor-widget-button\" data-id=\"7fdf1254\" data-element_type=\"widget\" data-e-type=\"widget\" data-widget_type=\"button.default\">\n\t\t\t\t<div class=\"elementor-widget-container\">\n\t\t\t\t\t\t\t\t\t<div class=\"elementor-button-wrapper\">\n\t\t\t\t\t<a class=\"elementor-button elementor-button-link elementor-size-sm\" href=\"https:\/\/contact-us.egrocoffee.com\/pt-pt\/egro\/contact-us\/\" target=\"_blank\">\n\t\t\t\t\t\t<span class=\"elementor-button-content-wrapper\">\n\t\t\t\t\t\t\t\t\t<span class=\"elementor-button-text\">Contacte-nos <\/span>\n\t\t\t\t\t<\/span>\n\t\t\t\t\t<\/a>\n\t\t\t\t<\/div>\n\t\t\t\t\t\t\t\t<\/div>\n\t\t\t\t<\/div>\n\t\t\t\t<\/div>\n\t\t<div class=\"elementor-element elementor-element-71219c4b e-con-full elementor-hidden-tablet elementor-hidden-mobile e-flex e-con e-child\" data-id=\"71219c4b\" data-element_type=\"container\" data-e-type=\"container\">\n\t\t\t\t<\/div>\n\t\t\t\t\t<\/div>\n\t\t\t\t<\/div>\n\t\t\t\t<\/div>\n\t\t","protected":false},"excerpt":{"rendered":"<p>Tecnologia de caf\u00e9 As m\u00e1quinas de caf\u00e9 Egro super-autom\u00e1ticas s\u00e3o concebidas para oferecer a mais avan\u00e7ada tecnologia de extra\u00e7\u00e3o de caf\u00e9 e todo o profissionalismo e arte do barista ao clique de um bot\u00e3o. Desde o gr\u00e3o de caf\u00e9 at\u00e9 \u00e0 ch\u00e1vena, a qualidade est\u00e1 sempre na ponta dos dedos. As m\u00e1quinas de caf\u00e9 super-autom\u00e1ticas [&hellip;]<\/p>\n","protected":false},"author":1,"featured_media":0,"parent":70296,"menu_order":0,"comment_status":"closed","ping_status":"closed","template":"","meta":{"_acf_changed":false,"footnotes":""},"class_list":["post-70558","page","type-page","status-publish","hentry"],"acf":[],"_links":{"self":[{"href":"https:\/\/egrocoffee.com\/pt\/wp-json\/wp\/v2\/pages\/70558","targetHints":{"allow":["GET"]}}],"collection":[{"href":"https:\/\/egrocoffee.com\/pt\/wp-json\/wp\/v2\/pages"}],"about":[{"href":"https:\/\/egrocoffee.com\/pt\/wp-json\/wp\/v2\/types\/page"}],"author":[{"embeddable":true,"href":"https:\/\/egrocoffee.com\/pt\/wp-json\/wp\/v2\/users\/1"}],"replies":[{"embeddable":true,"href":"https:\/\/egrocoffee.com\/pt\/wp-json\/wp\/v2\/comments?post=70558"}],"version-history":[{"count":3,"href":"https:\/\/egrocoffee.com\/pt\/wp-json\/wp\/v2\/pages\/70558\/revisions"}],"predecessor-version":[{"id":81854,"href":"https:\/\/egrocoffee.com\/pt\/wp-json\/wp\/v2\/pages\/70558\/revisions\/81854"}],"up":[{"embeddable":true,"href":"https:\/\/egrocoffee.com\/pt\/wp-json\/wp\/v2\/pages\/70296"}],"wp:attachment":[{"href":"https:\/\/egrocoffee.com\/pt\/wp-json\/wp\/v2\/media?parent=70558"}],"curies":[{"name":"wp","href":"https:\/\/api.w.org\/{rel}","templated":true}]}}