{"id":15,"date":"2023-07-24T16:39:13","date_gmt":"2023-07-24T14:39:13","guid":{"rendered":"https:\/\/staging.egrocoffee.com\/en\/?page_id=15"},"modified":"2026-01-27T11:15:47","modified_gmt":"2026-01-27T10:15:47","slug":"sistemas-de-leite","status":"publish","type":"page","link":"https:\/\/egrocoffee.com\/pt\/quem-somos-nos\/tecnologia-e-inovacao\/sistemas-de-leite\/","title":{"rendered":"Egro Milk System"},"content":{"rendered":"\t\t<div data-elementor-type=\"wp-page\" data-elementor-id=\"15\" class=\"elementor elementor-15\" data-elementor-post-type=\"page\">\n\t\t\t\t<div data-dce-background-overlay-color=\"#00000073\" data-dce-background-overlay-hover-color=\"#030000\" data-dce-background-image-url=\"https:\/\/egrocoffee.com\/en\/wp-content\/uploads\/sites\/3\/2023\/08\/Mask-Group-21-1.png\" class=\"elementor-element elementor-element-a2a15b8 e-flex e-con-boxed e-con e-parent\" data-id=\"a2a15b8\" data-element_type=\"container\" data-e-type=\"container\" id=\"hero-banner\" data-settings=\"{&quot;background_background&quot;:&quot;classic&quot;}\">\n\t\t\t\t\t<div class=\"e-con-inner\">\n\t\t<div class=\"elementor-element elementor-element-fef2368 e-con-full e-flex e-con e-child\" data-id=\"fef2368\" data-element_type=\"container\" data-e-type=\"container\">\n\t\t\t\t<div data-dce-title-color=\"#FFFFFF\" class=\"elementor-element elementor-element-51815f6c elementor-widget elementor-widget-heading\" data-id=\"51815f6c\" data-element_type=\"widget\" data-e-type=\"widget\" data-widget_type=\"heading.default\">\n\t\t\t\t<div class=\"elementor-widget-container\">\n\t\t\t\t\t<h1 class=\"elementor-heading-title elementor-size-default\">SISTEMAS DE LEITE\n<\/h1>\t\t\t\t<\/div>\n\t\t\t\t<\/div>\n\t\t<div class=\"elementor-element elementor-element-0a5e265 detailshow e-flex e-con-boxed e-con e-child\" data-id=\"0a5e265\" data-element_type=\"container\" data-e-type=\"container\">\n\t\t\t\t\t<div class=\"e-con-inner\">\n\t\t\t\t<div data-dce-text-color=\"#FFFFFF\" class=\"elementor-element elementor-element-2d82fc8 animated-fast elementor-invisible elementor-widget elementor-widget-text-editor\" data-id=\"2d82fc8\" data-element_type=\"widget\" data-e-type=\"widget\" data-settings=\"{&quot;_animation&quot;:&quot;fadeInUp&quot;,&quot;_animation_mobile&quot;:&quot;fadeIn&quot;}\" data-widget_type=\"text-editor.default\">\n\t\t\t\t<div class=\"elementor-widget-container\">\n\t\t\t\t\t\t\t\t\t<p>Desenvolvemos 4 sistemas diferentes para a prepara\u00e7\u00e3o autom\u00e1tica de bebidas com leite fresco. Do mais simples ao mais avan\u00e7ado, os SISTEMAS DE LEITE Egro n\u00e3o requerem qualquer forma\u00e7\u00e3o profissional para os operadores e, no modo self-service, s\u00e3o tamb\u00e9m intuitivos para os clientes, que podem facilmente preparar qualquer bebida. Descubra a solu\u00e7\u00e3o que melhor se adapta \u00e0s suas necessidades.<\/p>\t\t\t\t\t\t\t\t<\/div>\n\t\t\t\t<\/div>\n\t\t<!-- dce invisible element 637876e -->\t\t\t<\/div>\n\t\t\t\t<\/div>\n\t\t\t\t<\/div>\n\t\t\t\t\t<\/div>\n\t\t\t\t<\/div>\n\t\t<div data-dce-background-color=\"#FFFFFF\" class=\"elementor-element elementor-element-308fa81f e-con-full e-flex e-con e-parent\" data-id=\"308fa81f\" data-element_type=\"container\" data-e-type=\"container\" data-settings=\"{&quot;background_background&quot;:&quot;classic&quot;}\">\n\t\t<div class=\"elementor-element elementor-element-2eb13aca e-con-full e-flex e-con e-child\" data-id=\"2eb13aca\" data-element_type=\"container\" data-e-type=\"container\">\n\t\t<div class=\"elementor-element elementor-element-1e99edd4 e-con-full e-flex e-con e-child\" data-id=\"1e99edd4\" data-element_type=\"container\" data-e-type=\"container\">\n\t\t\t\t<div data-dce-title-color=\"#282727\" class=\"elementor-element elementor-element-750a0ad elementor-widget elementor-widget-heading\" data-id=\"750a0ad\" data-element_type=\"widget\" data-e-type=\"widget\" data-widget_type=\"heading.default\">\n\t\t\t\t<div class=\"elementor-widget-container\">\n\t\t\t\t\t<h2 class=\"elementor-heading-title elementor-size-default\">Quick Milk<\/h2>\t\t\t\t<\/div>\n\t\t\t\t<\/div>\n\t\t\t\t<div data-dce-text-color=\"#282727\" class=\"elementor-element elementor-element-3109bd9 elementor-widget elementor-widget-text-editor\" data-id=\"3109bd9\" data-element_type=\"widget\" data-e-type=\"widget\" data-widget_type=\"text-editor.default\">\n\t\t\t\t<div class=\"elementor-widget-container\">\n\t\t\t\t\t\t\t\t\t<p>Quick Milk \u00e9 a escolha certa para quem n\u00e3o tem de gerir um fluxo de trabalho intenso e quer oferecer aos seus clientes um menu com os grandes cl\u00e1ssicos do caf\u00e9, tais como cappuccino e latte macchiato. Quick Milk \u00e9 um sistema de leite intuitivo de f\u00e1cil utiliza\u00e7\u00e3o e manuten\u00e7\u00e3o.<\/p>\t\t\t\t\t\t\t\t<\/div>\n\t\t\t\t<\/div>\n\t\t\t\t<\/div>\n\t\t<div class=\"elementor-element elementor-element-555285d e-con-full e-flex e-con e-child\" data-id=\"555285d\" data-element_type=\"container\" data-e-type=\"container\">\n\t\t\t\t<div data-dce-title-color=\"#282727\" class=\"elementor-element elementor-element-cce7257 elementor-widget elementor-widget-heading\" data-id=\"cce7257\" data-element_type=\"widget\" data-e-type=\"widget\" data-widget_type=\"heading.default\">\n\t\t\t\t<div class=\"elementor-widget-container\">\n\t\t\t\t\t<h2 class=\"elementor-heading-title elementor-size-default\">PRO MILK<\/h2>\t\t\t\t<\/div>\n\t\t\t\t<\/div>\n\t\t\t\t<div data-dce-text-color=\"#282727\" class=\"elementor-element elementor-element-94ac695 elementor-widget elementor-widget-text-editor\" data-id=\"94ac695\" data-element_type=\"widget\" data-e-type=\"widget\" data-widget_type=\"text-editor.default\">\n\t\t\t\t<div class=\"elementor-widget-container\">\n\t\t\t\t\t\t\t\t\t<p>Pro Milk e Quick Milk Pro s\u00e3o a escolha certa para os estabelecimentos que querem oferecer aos seus clientes uma vasta gama de bebidas feitas com leite quente ou frio e espuma de leite quente. Pro Milk e o Quick Milk Pro tamb\u00e9m permitem ajustar a temperatura do leite, o n\u00edvel de espuma e a consist\u00eancia da espuma para cada bebida.<\/p>\t\t\t\t\t\t\t\t<\/div>\n\t\t\t\t<\/div>\n\t\t\t\t<\/div>\n\t\t<div class=\"elementor-element elementor-element-6747a338 e-con-full e-flex e-con e-child\" data-id=\"6747a338\" data-element_type=\"container\" data-e-type=\"container\">\n\t\t\t\t<div data-dce-title-color=\"#282727\" class=\"elementor-element elementor-element-38cb117b elementor-widget elementor-widget-heading\" data-id=\"38cb117b\" data-element_type=\"widget\" data-e-type=\"widget\" data-widget_type=\"heading.default\">\n\t\t\t\t<div class=\"elementor-widget-container\">\n\t\t\t\t\t<h2 class=\"elementor-heading-title elementor-size-default\">TOP MILK<\/h2>\t\t\t\t<\/div>\n\t\t\t\t<\/div>\n\t\t\t\t<div data-dce-text-color=\"#282727\" class=\"elementor-element elementor-element-370907e5 elementor-widget elementor-widget-text-editor\" data-id=\"370907e5\" data-element_type=\"widget\" data-e-type=\"widget\" data-widget_type=\"text-editor.default\">\n\t\t\t\t<div class=\"elementor-widget-container\">\n\t\t\t\t\t\t\t\t\t<p>Top Milk \u00e9 a solu\u00e7\u00e3o ideal para todos os locais com um elevado consumo de bebidas \u00e0 base de leite que queiram personalizar cada receita e oferecer um menu de caf\u00e9 completo. \u00c9 poss\u00edvel ajustar a temperatura e o n\u00edvel de espuma de leite para cada bebida e at\u00e9 trabalhar com dois tipos diferentes de leite fresco.<\/p>\t\t\t\t\t\t\t\t<\/div>\n\t\t\t\t<\/div>\n\t\t\t\t<\/div>\n\t\t<div class=\"elementor-element elementor-element-ada3ebd e-con-full e-flex e-con e-child\" data-id=\"ada3ebd\" data-element_type=\"container\" data-e-type=\"container\">\n\t\t\t\t<div data-dce-title-color=\"#282727\" class=\"elementor-element elementor-element-4ac388df elementor-widget elementor-widget-heading\" data-id=\"4ac388df\" data-element_type=\"widget\" data-e-type=\"widget\" data-widget_type=\"heading.default\">\n\t\t\t\t<div class=\"elementor-widget-container\">\n\t\t\t\t\t<h2 class=\"elementor-heading-title elementor-size-default\">NMS+<\/h2>\t\t\t\t<\/div>\n\t\t\t\t<\/div>\n\t\t\t\t<div data-dce-text-color=\"#282727\" class=\"elementor-element elementor-element-53e4e66e elementor-widget elementor-widget-text-editor\" data-id=\"53e4e66e\" data-element_type=\"widget\" data-e-type=\"widget\" data-widget_type=\"text-editor.default\">\n\t\t\t\t<div class=\"elementor-widget-container\">\n\t\t\t\t\t\t\t\t\t<p>NMS+ \u00e9 o sistema de leite mais avan\u00e7ado da Egro, que garante os melhores resultados na ch\u00e1vena, especialmente na prepara\u00e7\u00e3o de espuma de leite. Para cada tipo de bebida, \u00e9 poss\u00edvel ajustar a temperatura e o n\u00edvel de espuma do leite e escolher entre dois tipos diferentes de leite fresco. NMS+ \u00e9 concebido para locais que requerem elevada produtividade.<\/p>\t\t\t\t\t\t\t\t<\/div>\n\t\t\t\t<\/div>\n\t\t\t\t<\/div>\n\t\t\t\t<\/div>\n\t\t\t\t<\/div>\n\t\t<div data-dce-background-color=\"#282727\" class=\"elementor-element elementor-element-dcbc9a7 e-flex e-con-boxed e-con e-parent\" data-id=\"dcbc9a7\" data-element_type=\"container\" data-e-type=\"container\" data-settings=\"{&quot;background_background&quot;:&quot;classic&quot;}\">\n\t\t\t\t\t<div class=\"e-con-inner\">\n\t\t\t\t<div class=\"elementor-element elementor-element-73b3438 elementor-hidden-mobile elementor-widget elementor-widget-image\" data-id=\"73b3438\" data-element_type=\"widget\" data-e-type=\"widget\" data-widget_type=\"image.default\">\n\t\t\t\t<div class=\"elementor-widget-container\">\n\t\t\t\t\t\t\t\t\t\t\t\t\t\t\t<img decoding=\"async\" src=\"https:\/\/egrocoffee.com\/wp-content\/uploads\/tabella-egro\/Tabella_egro_pt.png\" title=\"\" alt=\"Egro Table Milk System\" loading=\"lazy\" \/>\t\t\t\t\t\t\t\t\t\t\t\t\t\t\t<\/div>\n\t\t\t\t<\/div>\n\t\t\t\t<div class=\"elementor-element elementor-element-88f5a03 elementor-hidden-desktop elementor-hidden-tablet elementor-widget elementor-widget-html\" data-id=\"88f5a03\" data-element_type=\"widget\" data-e-type=\"widget\" data-widget_type=\"html.default\">\n\t\t\t\t<div class=\"elementor-widget-container\">\n\t\t\t\t\t<style>\r\n.container{\r\n    width:100%;\r\n    overflow-x: auto;\r\n    overflow-y:hidden;\r\n    white-space: nowrap;\r\n    -webkit-overflow-scrolling: touch;\r\n    -ms-overflow-style: -ms-autohiding-scrollbar;\r\n    \r\n}\r\n.container::-webkit-scrollbar{\r\n    height: 10px;\r\n}\r\n.container::-webkit-scrollbar-track{\r\n    background: #00000033\r\n}\r\n.container::-webkit-scrollbar-thumb{\r\n    background: rgba(226, 68, 76, 1);\r\n    border-radius: 20px;\r\n}\r\n.full-width-image {\r\n  position: relative;\r\n  left: 50%;  \r\n  margin-left: -46vw;\r\n  padding:10px;\r\n}\r\n.full-width-image img {\r\n  width: 100%\r\n  max-width: 100vw;\r\n}\r\n<\/style>\r\n<div class=\"container\">\r\n  <div class=\"full-width-image\">\r\n     <img decoding=\"async\" src=\"https:\/\/egrocoffee.com\/wp-content\/uploads\/tabella-egro\/Tabella_egro_pt.png\" alt=\"\">\r\n  <\/div>\r\n<\/div>\r\n\t\t\t\t<\/div>\n\t\t\t\t<\/div>\n\t\t\t\t\t<\/div>\n\t\t\t\t<\/div>\n\t\t<div data-dce-background-color=\"#E2444C\" class=\"elementor-element elementor-element-ce716c9 e-flex e-con-boxed e-con e-parent\" data-id=\"ce716c9\" data-element_type=\"container\" data-e-type=\"container\" data-settings=\"{&quot;background_background&quot;:&quot;classic&quot;}\">\n\t\t\t\t\t<div class=\"e-con-inner\">\n\t\t<div class=\"elementor-element elementor-element-f06cfe3 e-con-full e-flex e-con e-child\" data-id=\"f06cfe3\" data-element_type=\"container\" data-e-type=\"container\">\n\t\t\t\t<div data-dce-title-color=\"#FFFFFF\" class=\"elementor-element elementor-element-69268ca elementor-widget-mobile__width-initial h2-custom-header-two elementor-widget elementor-widget-heading\" data-id=\"69268ca\" data-element_type=\"widget\" data-e-type=\"widget\" data-widget_type=\"heading.default\">\n\t\t\t\t<div class=\"elementor-widget-container\">\n\t\t\t\t\t<h2 class=\"elementor-heading-title elementor-size-default\">Encontre a m\u00e1quina de caf\u00e9 perfeita para o seu neg\u00f3cio<\/h2>\t\t\t\t<\/div>\n\t\t\t\t<\/div>\n\t\t\t\t<div data-dce-text-color=\"#FFFFFF\" class=\"elementor-element elementor-element-059b8b3 elementor-widget__width-initial elementor-widget elementor-widget-text-editor\" data-id=\"059b8b3\" data-element_type=\"widget\" data-e-type=\"widget\" data-widget_type=\"text-editor.default\">\n\t\t\t\t<div class=\"elementor-widget-container\">\n\t\t\t\t\t\t\t\t\t<p>Precisa de ajuda para escolher? Responda a algumas perguntas e encontre a m\u00e1quina de caf\u00e9 perfeita para o seu neg\u00f3cio<\/p>\t\t\t\t\t\t\t\t<\/div>\n\t\t\t\t<\/div>\n\t\t\t\t<div data-dce-background-color=\"#FFFFFF\" class=\"elementor-element elementor-element-291f068 elementor-align-justify elementor-mobile-align-justify elementor-widget-mobile__width-inherit elementor-widget elementor-widget-button\" data-id=\"291f068\" data-element_type=\"widget\" data-e-type=\"widget\" data-widget_type=\"button.default\">\n\t\t\t\t<div class=\"elementor-widget-container\">\n\t\t\t\t\t\t\t\t\t<div class=\"elementor-button-wrapper\">\n\t\t\t\t\t<a class=\"elementor-button elementor-button-link elementor-size-sm\" href=\"https:\/\/machine-finder.egrocoffee.com\/?lang=pt\" target=\"_blank\">\n\t\t\t\t\t\t<span class=\"elementor-button-content-wrapper\">\n\t\t\t\t\t\t\t\t\t<span class=\"elementor-button-text\">Ir para o Coffee machine finder<\/span>\n\t\t\t\t\t<\/span>\n\t\t\t\t\t<\/a>\n\t\t\t\t<\/div>\n\t\t\t\t\t\t\t\t<\/div>\n\t\t\t\t<\/div>\n\t\t\t\t<\/div>\n\t\t<div class=\"elementor-element elementor-element-cf5847c e-con-full elementor-hidden-tablet elementor-hidden-mobile e-flex e-con e-child\" data-id=\"cf5847c\" data-element_type=\"container\" data-e-type=\"container\">\n\t\t\t\t<\/div>\n\t\t\t\t\t<\/div>\n\t\t\t\t<\/div>\n\t\t<div data-dce-background-color=\"#282727\" class=\"elementor-element elementor-element-6889e856 e-flex e-con-boxed e-con e-parent\" data-id=\"6889e856\" data-element_type=\"container\" data-e-type=\"container\" data-settings=\"{&quot;background_background&quot;:&quot;classic&quot;}\">\n\t\t\t\t\t<div class=\"e-con-inner\">\n\t\t<div class=\"elementor-element elementor-element-64ab33e3 e-con-full e-flex e-con e-child\" data-id=\"64ab33e3\" data-element_type=\"container\" data-e-type=\"container\">\n\t\t\t\t<div data-dce-title-color=\"#FFFFFF\" class=\"elementor-element elementor-element-1cf7587d elementor-widget-mobile__width-initial h2-custom-header elementor-widget elementor-widget-heading\" data-id=\"1cf7587d\" data-element_type=\"widget\" data-e-type=\"widget\" data-widget_type=\"heading.default\">\n\t\t\t\t<div class=\"elementor-widget-container\">\n\t\t\t\t\t<h2 class=\"elementor-heading-title elementor-size-default\">ESTAMOS AQUI PARA AJUDAR<\/h2>\t\t\t\t<\/div>\n\t\t\t\t<\/div>\n\t\t\t\t<div data-dce-background-color=\"#E2444C\" class=\"elementor-element elementor-element-28a9ad63 elementor-align-justify elementor-widget__width-initial elementor-widget elementor-widget-button\" data-id=\"28a9ad63\" data-element_type=\"widget\" data-e-type=\"widget\" data-widget_type=\"button.default\">\n\t\t\t\t<div class=\"elementor-widget-container\">\n\t\t\t\t\t\t\t\t\t<div class=\"elementor-button-wrapper\">\n\t\t\t\t\t<a class=\"elementor-button elementor-button-link elementor-size-sm\" href=\"https:\/\/contact-us.egrocoffee.com\/pt-pt\/egro\/contact-us\/\" target=\"_blank\">\n\t\t\t\t\t\t<span class=\"elementor-button-content-wrapper\">\n\t\t\t\t\t\t\t\t\t<span class=\"elementor-button-text\">Contacte-nos <\/span>\n\t\t\t\t\t<\/span>\n\t\t\t\t\t<\/a>\n\t\t\t\t<\/div>\n\t\t\t\t\t\t\t\t<\/div>\n\t\t\t\t<\/div>\n\t\t\t\t<\/div>\n\t\t<div class=\"elementor-element elementor-element-374d79ff e-con-full elementor-hidden-tablet elementor-hidden-mobile e-flex e-con e-child\" data-id=\"374d79ff\" data-element_type=\"container\" data-e-type=\"container\">\n\t\t\t\t<\/div>\n\t\t\t\t\t<\/div>\n\t\t\t\t<\/div>\n\t\t\t\t<\/div>\n\t\t","protected":false},"excerpt":{"rendered":"<p>SISTEMAS DE LEITE Desenvolvemos 4 sistemas diferentes para a prepara\u00e7\u00e3o autom\u00e1tica de bebidas com leite fresco. Do mais simples ao mais avan\u00e7ado, os SISTEMAS DE LEITE Egro n\u00e3o requerem qualquer forma\u00e7\u00e3o profissional para os operadores e, no modo self-service, s\u00e3o tamb\u00e9m intuitivos para os clientes, que podem facilmente preparar qualquer bebida. Descubra a solu\u00e7\u00e3o que [&hellip;]<\/p>\n","protected":false},"author":1,"featured_media":0,"parent":70296,"menu_order":0,"comment_status":"closed","ping_status":"closed","template":"","meta":{"_acf_changed":false,"footnotes":""},"class_list":["post-15","page","type-page","status-publish","hentry"],"acf":[],"_links":{"self":[{"href":"https:\/\/egrocoffee.com\/pt\/wp-json\/wp\/v2\/pages\/15","targetHints":{"allow":["GET"]}}],"collection":[{"href":"https:\/\/egrocoffee.com\/pt\/wp-json\/wp\/v2\/pages"}],"about":[{"href":"https:\/\/egrocoffee.com\/pt\/wp-json\/wp\/v2\/types\/page"}],"author":[{"embeddable":true,"href":"https:\/\/egrocoffee.com\/pt\/wp-json\/wp\/v2\/users\/1"}],"replies":[{"embeddable":true,"href":"https:\/\/egrocoffee.com\/pt\/wp-json\/wp\/v2\/comments?post=15"}],"version-history":[{"count":6,"href":"https:\/\/egrocoffee.com\/pt\/wp-json\/wp\/v2\/pages\/15\/revisions"}],"predecessor-version":[{"id":81919,"href":"https:\/\/egrocoffee.com\/pt\/wp-json\/wp\/v2\/pages\/15\/revisions\/81919"}],"up":[{"embeddable":true,"href":"https:\/\/egrocoffee.com\/pt\/wp-json\/wp\/v2\/pages\/70296"}],"wp:attachment":[{"href":"https:\/\/egrocoffee.com\/pt\/wp-json\/wp\/v2\/media?parent=15"}],"curies":[{"name":"wp","href":"https:\/\/api.w.org\/{rel}","templated":true}]}}