{"id":70558,"date":"2023-08-18T13:08:29","date_gmt":"2023-08-18T11:08:29","guid":{"rendered":"https:\/\/staging.egrocoffee.com\/en\/?page_id=70558"},"modified":"2025-12-16T14:07:21","modified_gmt":"2025-12-16T13:07:21","slug":"tecnologia-caffe","status":"publish","type":"page","link":"https:\/\/egrocoffee.com\/it\/chi-siamo\/tecnologia-innovazione\/tecnologia-caffe\/","title":{"rendered":"Tecnologia caff\u00e8"},"content":{"rendered":"\t\t<div data-elementor-type=\"wp-page\" data-elementor-id=\"70558\" class=\"elementor elementor-70558\" data-elementor-post-type=\"page\">\n\t\t\t\t<div data-dce-background-overlay-color=\"#000000\" data-dce-background-overlay-hover-color=\"#030000\" data-dce-background-image-url=\"https:\/\/egrocoffee.com\/it\/wp-content\/uploads\/sites\/3\/2023\/10\/coffee-system-egro-rancilio.jpg\" class=\"elementor-element elementor-element-a2a15b8 e-flex e-con-boxed e-con e-parent\" data-id=\"a2a15b8\" data-element_type=\"container\" data-e-type=\"container\" id=\"hero-banner\" data-settings=\"{&quot;background_background&quot;:&quot;classic&quot;}\">\n\t\t\t\t\t<div class=\"e-con-inner\">\n\t\t<div class=\"elementor-element elementor-element-fef2368 e-con-full e-flex e-con e-child\" data-id=\"fef2368\" data-element_type=\"container\" data-e-type=\"container\">\n\t\t\t\t<div data-dce-title-color=\"#FFFFFF\" class=\"elementor-element elementor-element-51815f6c elementor-widget elementor-widget-heading\" data-id=\"51815f6c\" data-element_type=\"widget\" data-e-type=\"widget\" data-widget_type=\"heading.default\">\n\t\t\t\t<div class=\"elementor-widget-container\">\n\t\t\t\t\t<h1 class=\"elementor-heading-title elementor-size-default\">Tecnologia caff\u00e8\n<\/h1>\t\t\t\t<\/div>\n\t\t\t\t<\/div>\n\t\t\t\t<div data-dce-text-color=\"#FFFFFF\" class=\"elementor-element elementor-element-2d82fc8 elementor-widget-mobile__width-initial detailshow animated-fast elementor-invisible elementor-widget elementor-widget-text-editor\" data-id=\"2d82fc8\" data-element_type=\"widget\" data-e-type=\"widget\" data-settings=\"{&quot;motion_fx_motion_fx_mouse&quot;:&quot;yes&quot;,&quot;_animation&quot;:&quot;fadeInUp&quot;}\" data-widget_type=\"text-editor.default\">\n\t\t\t\t<div class=\"elementor-widget-container\">\n\t\t\t\t\t\t\t\t\t<p>Le macchine per caff\u00e8 superautomatiche Egro sono progettate per offrire le pi\u00f9 avanzate tecnologie di estrazione caff\u00e8 e tutta la professionalit\u00e0 e l&#8217;arte del barista a portata di click.<\/p>\t\t\t\t\t\t\t\t<\/div>\n\t\t\t\t<\/div>\n\t\t\t\t<\/div>\n\t\t\t\t\t<\/div>\n\t\t\t\t<\/div>\n\t\t<div data-dce-background-color=\"#FFFFFF\" class=\"elementor-element elementor-element-4251b4bf e-con-full e-flex e-con e-parent\" data-id=\"4251b4bf\" data-element_type=\"container\" data-e-type=\"container\" data-settings=\"{&quot;background_background&quot;:&quot;classic&quot;}\">\n\t\t<div class=\"elementor-element elementor-element-7992e54d e-con-full e-flex e-con e-child\" data-id=\"7992e54d\" data-element_type=\"container\" data-e-type=\"container\">\n\t\t<div class=\"elementor-element elementor-element-d1e2166 e-con-full e-flex e-con e-child\" data-id=\"d1e2166\" data-element_type=\"container\" data-e-type=\"container\">\n\t\t\t\t<div data-dce-title-color=\"#282727\" class=\"elementor-element elementor-element-a363fad elementor-widget elementor-widget-heading\" data-id=\"a363fad\" data-element_type=\"widget\" data-e-type=\"widget\" data-widget_type=\"heading.default\">\n\t\t\t\t<div class=\"elementor-widget-container\">\n\t\t\t\t\t<h2 class=\"elementor-heading-title elementor-size-default\">Dal chicco di caff\u00e8 alla tazzina, la qualit\u00e0 \u00e8 sempre a portata di mano.\n<\/h2>\t\t\t\t<\/div>\n\t\t\t\t<\/div>\n\t\t\t\t<div data-dce-text-color=\"#282727\" class=\"elementor-element elementor-element-2371555 elementor-widget elementor-widget-text-editor\" data-id=\"2371555\" data-element_type=\"widget\" data-e-type=\"widget\" data-widget_type=\"text-editor.default\">\n\t\t\t\t<div class=\"elementor-widget-container\">\n\t\t\t\t\t\t\t\t\t<p>Le macchine per caff\u00e8 superautomatiche Egro si prendono cura dei chicchi di caff\u00e8 in ogni fase della preparazione, dalla macinatura fino alla temperatura dell&#8217;acqua di estrazione. Le nostre tecnologie trasformano l&#8217;arte del barista in un processo automatico, garantendoti gusto, freschezza e massima ripetibilit\u00e0.<\/p>\t\t\t\t\t\t\t\t<\/div>\n\t\t\t\t<\/div>\n\t\t\t\t<\/div>\n\t\t<div class=\"elementor-element elementor-element-7d5d9bda e-con-full e-flex e-con e-child\" data-id=\"7d5d9bda\" data-element_type=\"container\" data-e-type=\"container\">\n\t\t\t\t<div data-dce-title-color=\"#282727\" class=\"elementor-element elementor-element-7be3e24 elementor-widget elementor-widget-heading\" data-id=\"7be3e24\" data-element_type=\"widget\" data-e-type=\"widget\" data-widget_type=\"heading.default\">\n\t\t\t\t<div class=\"elementor-widget-container\">\n\t\t\t\t\t<h2 class=\"elementor-heading-title elementor-size-default\">Macinatura intelligente\n<\/h2>\t\t\t\t<\/div>\n\t\t\t\t<\/div>\n\t\t\t\t<div data-dce-text-color=\"#282727\" class=\"elementor-element elementor-element-aebb7a1 elementor-widget elementor-widget-text-editor\" data-id=\"aebb7a1\" data-element_type=\"widget\" data-e-type=\"widget\" data-widget_type=\"text-editor.default\">\n\t\t\t\t<div class=\"elementor-widget-container\">\n\t\t\t\t\t\t\t\t\t<p>Il macinino autoregolante (SAG) \u00e8 il sistema di macinatura intelligente, in grado di correggere in tempo reale eventuali alterazioni della qualit\u00e0 del caff\u00e8 e garantire una macinatura eccellente e un\u2019erogazione costante, tazza dopo tazza.<\/p>\t\t\t\t\t\t\t\t<\/div>\n\t\t\t\t<\/div>\n\t\t\t\t<\/div>\n\t\t<div class=\"elementor-element elementor-element-0e092eb e-con-full e-flex e-con e-child\" data-id=\"0e092eb\" data-element_type=\"container\" data-e-type=\"container\">\n\t\t\t\t<div data-dce-title-color=\"#282727\" class=\"elementor-element elementor-element-152bd2f elementor-widget elementor-widget-heading\" data-id=\"152bd2f\" data-element_type=\"widget\" data-e-type=\"widget\" data-widget_type=\"heading.default\">\n\t\t\t\t<div class=\"elementor-widget-container\">\n\t\t\t\t\t<h2 class=\"elementor-heading-title elementor-size-default\">Controllo totale su tutti i parametri dell'estrazione caff\u00e8\n<\/h2>\t\t\t\t<\/div>\n\t\t\t\t<\/div>\n\t\t\t\t<div data-dce-text-color=\"#282727\" class=\"elementor-element elementor-element-709e9cd elementor-widget elementor-widget-text-editor\" data-id=\"709e9cd\" data-element_type=\"widget\" data-e-type=\"widget\" data-widget_type=\"text-editor.default\">\n\t\t\t\t<div class=\"elementor-widget-container\">\n\t\t\t\t\t\t\t\t\t<p>Personalizza le tue ricette caff\u00e8 dall&#8217;interfaccia e aggiorna il tuo menu caffetteria in ogni momento. Basta un semplice tocco per scegliere gli ingredienti, regolare le dosi e il grado di macinatura, scegliere il livello di presatura e attivare la preinfusione.<\/p>\t\t\t\t\t\t\t\t<\/div>\n\t\t\t\t<\/div>\n\t\t\t\t<\/div>\n\t\t<div class=\"elementor-element elementor-element-e5efbb3 e-con-full e-flex e-con e-child\" data-id=\"e5efbb3\" data-element_type=\"container\" data-e-type=\"container\">\n\t\t\t\t<div data-dce-title-color=\"#282727\" class=\"elementor-element elementor-element-c92619a elementor-widget elementor-widget-heading\" data-id=\"c92619a\" data-element_type=\"widget\" data-e-type=\"widget\" data-widget_type=\"heading.default\">\n\t\t\t\t<div class=\"elementor-widget-container\">\n\t\t\t\t\t<h2 class=\"elementor-heading-title elementor-size-default\">Tecnologia a doppia caldaia\n<\/h2>\t\t\t\t<\/div>\n\t\t\t\t<\/div>\n\t\t\t\t<div data-dce-text-color=\"#282727\" class=\"elementor-element elementor-element-e848813 elementor-widget elementor-widget-text-editor\" data-id=\"e848813\" data-element_type=\"widget\" data-e-type=\"widget\" data-widget_type=\"text-editor.default\">\n\t\t\t\t<div class=\"elementor-widget-container\">\n\t\t\t\t\t\t\t\t\t<p>Due caldaie indipendenti per la preparazione del caff\u00e8 e l\u2019erogazione vapore con possibilit\u00e0 di impostare temperature diverse per ottenere sempre il massimo sia per l&#8217;erogazione vaore che per l&#8217;estrazione del caff\u00e8.<\/p>\t\t\t\t\t\t\t\t<\/div>\n\t\t\t\t<\/div>\n\t\t\t\t<\/div>\n\t\t<div class=\"elementor-element elementor-element-527bf4e e-con-full e-flex e-con e-child\" data-id=\"527bf4e\" data-element_type=\"container\" data-e-type=\"container\">\n\t\t\t\t<div data-dce-title-color=\"#282727\" class=\"elementor-element elementor-element-cbed017 elementor-widget elementor-widget-heading\" data-id=\"cbed017\" data-element_type=\"widget\" data-e-type=\"widget\" data-widget_type=\"heading.default\">\n\t\t\t\t<div class=\"elementor-widget-container\">\n\t\t\t\t\t<h2 class=\"elementor-heading-title elementor-size-default\">Componenti durevoli e materiali di prima qualit\u00e0\n<\/h2>\t\t\t\t<\/div>\n\t\t\t\t<\/div>\n\t\t\t\t<div data-dce-text-color=\"#282727\" class=\"elementor-element elementor-element-fd96b6c elementor-widget elementor-widget-text-editor\" data-id=\"fd96b6c\" data-element_type=\"widget\" data-e-type=\"widget\" data-widget_type=\"text-editor.default\">\n\t\t\t\t<div class=\"elementor-widget-container\">\n\t\t\t\t\t\t\t\t\t<p>Il gruppo erogatore in acciaio inox garantisce performance elevate e la massima affidabilit\u00e0. \u00c8 disponibile con camere di erogazione di diversa capacit\u00e0 per la preparazione di una grande variet\u00e0 di ricette caff\u00e8. Il sistema di chiusura ermetica Dura Brew riduce le spese di manutenzione ordinaria del gruppo erogatore e i costi complessivi di utilizzo della macchina.<\/p>\t\t\t\t\t\t\t\t<\/div>\n\t\t\t\t<\/div>\n\t\t\t\t<\/div>\n\t\t<div class=\"elementor-element elementor-element-f289d2f e-con-full e-flex e-con e-child\" data-id=\"f289d2f\" data-element_type=\"container\" data-e-type=\"container\">\n\t\t\t\t<div data-dce-title-color=\"#282727\" class=\"elementor-element elementor-element-3a1f8f7 elementor-widget elementor-widget-heading\" data-id=\"3a1f8f7\" data-element_type=\"widget\" data-e-type=\"widget\" data-widget_type=\"heading.default\">\n\t\t\t\t<div class=\"elementor-widget-container\">\n\t\t\t\t\t<h2 class=\"elementor-heading-title elementor-size-default\">Freschezza e variet\u00e0 per il tuo men\u00f9 caffetteria\n<\/h2>\t\t\t\t<\/div>\n\t\t\t\t<\/div>\n\t\t\t\t<div data-dce-text-color=\"#282727\" class=\"elementor-element elementor-element-8546449 elementor-widget elementor-widget-text-editor\" data-id=\"8546449\" data-element_type=\"widget\" data-e-type=\"widget\" data-widget_type=\"text-editor.default\">\n\t\t\t\t<div class=\"elementor-widget-container\">\n\t\t\t\t\t\t\t\t\t<p>Lavora in simultanea con diversi tipi di caff\u00e8 in chicchi e prodotti solubili per creare un men\u00f9 caffetteria ricco e variegato. Tutte le tramogge delle superautomatiche Egro sono rimovibili e dotate di serrature.<\/p>\t\t\t\t\t\t\t\t<\/div>\n\t\t\t\t<\/div>\n\t\t\t\t<\/div>\n\t\t\t\t<\/div>\n\t\t\t\t<\/div>\n\t\t<div data-dce-background-color=\"#282727\" class=\"elementor-element elementor-element-7dd5c565 e-flex e-con-boxed e-con e-parent\" data-id=\"7dd5c565\" data-element_type=\"container\" data-e-type=\"container\" data-settings=\"{&quot;background_background&quot;:&quot;classic&quot;}\">\n\t\t\t\t\t<div class=\"e-con-inner\">\n\t\t<div class=\"elementor-element elementor-element-793d10a6 e-con-full e-flex e-con e-child\" data-id=\"793d10a6\" data-element_type=\"container\" data-e-type=\"container\">\n\t\t\t\t<div data-dce-title-color=\"#FFFFFF\" class=\"elementor-element elementor-element-359bd908 elementor-widget-mobile__width-initial h2-custom-header elementor-widget elementor-widget-heading\" data-id=\"359bd908\" data-element_type=\"widget\" data-e-type=\"widget\" data-widget_type=\"heading.default\">\n\t\t\t\t<div class=\"elementor-widget-container\">\n\t\t\t\t\t<h2 class=\"elementor-heading-title elementor-size-default\">Siamo qui per aiutarti<\/h2>\t\t\t\t<\/div>\n\t\t\t\t<\/div>\n\t\t\t\t<div data-dce-background-color=\"#E2444C\" class=\"elementor-element elementor-element-7fdf1254 elementor-align-justify elementor-widget__width-initial elementor-widget elementor-widget-button\" data-id=\"7fdf1254\" data-element_type=\"widget\" data-e-type=\"widget\" data-widget_type=\"button.default\">\n\t\t\t\t<div class=\"elementor-widget-container\">\n\t\t\t\t\t\t\t\t\t<div class=\"elementor-button-wrapper\">\n\t\t\t\t\t<a class=\"elementor-button elementor-button-link elementor-size-sm\" href=\"https:\/\/contact-us.egrocoffee.com\/it-it\/egro\/contact-us\/\" target=\"_blank\">\n\t\t\t\t\t\t<span class=\"elementor-button-content-wrapper\">\n\t\t\t\t\t\t\t\t\t<span class=\"elementor-button-text\">Contattaci<\/span>\n\t\t\t\t\t<\/span>\n\t\t\t\t\t<\/a>\n\t\t\t\t<\/div>\n\t\t\t\t\t\t\t\t<\/div>\n\t\t\t\t<\/div>\n\t\t\t\t<\/div>\n\t\t<div class=\"elementor-element elementor-element-71219c4b e-con-full elementor-hidden-tablet elementor-hidden-mobile e-flex e-con e-child\" data-id=\"71219c4b\" data-element_type=\"container\" data-e-type=\"container\">\n\t\t\t\t<\/div>\n\t\t\t\t\t<\/div>\n\t\t\t\t<\/div>\n\t\t\t\t<\/div>\n\t\t","protected":false},"excerpt":{"rendered":"<p>Tecnologia caff\u00e8 Le macchine per caff\u00e8 superautomatiche Egro sono progettate per offrire le pi\u00f9 avanzate tecnologie di estrazione caff\u00e8 e tutta la professionalit\u00e0 e l&#8217;arte del barista a portata di click. Dal chicco di caff\u00e8 alla tazzina, la qualit\u00e0 \u00e8 sempre a portata di mano. Le macchine per caff\u00e8 superautomatiche Egro si prendono cura dei [&hellip;]<\/p>\n","protected":false},"author":1,"featured_media":0,"parent":70296,"menu_order":0,"comment_status":"closed","ping_status":"closed","template":"","meta":{"_acf_changed":false,"footnotes":""},"class_list":["post-70558","page","type-page","status-publish","hentry"],"acf":[],"_links":{"self":[{"href":"https:\/\/egrocoffee.com\/it\/wp-json\/wp\/v2\/pages\/70558","targetHints":{"allow":["GET"]}}],"collection":[{"href":"https:\/\/egrocoffee.com\/it\/wp-json\/wp\/v2\/pages"}],"about":[{"href":"https:\/\/egrocoffee.com\/it\/wp-json\/wp\/v2\/types\/page"}],"author":[{"embeddable":true,"href":"https:\/\/egrocoffee.com\/it\/wp-json\/wp\/v2\/users\/1"}],"replies":[{"embeddable":true,"href":"https:\/\/egrocoffee.com\/it\/wp-json\/wp\/v2\/comments?post=70558"}],"version-history":[{"count":3,"href":"https:\/\/egrocoffee.com\/it\/wp-json\/wp\/v2\/pages\/70558\/revisions"}],"predecessor-version":[{"id":81212,"href":"https:\/\/egrocoffee.com\/it\/wp-json\/wp\/v2\/pages\/70558\/revisions\/81212"}],"up":[{"embeddable":true,"href":"https:\/\/egrocoffee.com\/it\/wp-json\/wp\/v2\/pages\/70296"}],"wp:attachment":[{"href":"https:\/\/egrocoffee.com\/it\/wp-json\/wp\/v2\/media?parent=70558"}],"curies":[{"name":"wp","href":"https:\/\/api.w.org\/{rel}","templated":true}]}}