{"id":15,"date":"2023-07-24T16:39:13","date_gmt":"2023-07-24T14:39:13","guid":{"rendered":"https:\/\/staging.egrocoffee.com\/en\/?page_id=15"},"modified":"2026-01-27T10:35:30","modified_gmt":"2026-01-27T09:35:30","slug":"egro-sistemi-latte","status":"publish","type":"page","link":"https:\/\/egrocoffee.com\/it\/chi-siamo\/tecnologia-innovazione\/egro-sistemi-latte\/","title":{"rendered":"Sistemi latte"},"content":{"rendered":"\t\t<div data-elementor-type=\"wp-page\" data-elementor-id=\"15\" class=\"elementor elementor-15\" data-elementor-post-type=\"page\">\n\t\t\t\t<div data-dce-background-overlay-color=\"#00000073\" data-dce-background-overlay-hover-color=\"#030000\" data-dce-background-image-url=\"https:\/\/egrocoffee.com\/it\/wp-content\/uploads\/sites\/3\/2023\/08\/Mask-Group-21-1.png\" class=\"elementor-element elementor-element-a2a15b8 e-flex e-con-boxed e-con e-parent\" data-id=\"a2a15b8\" data-element_type=\"container\" data-e-type=\"container\" id=\"hero-banner\" data-settings=\"{&quot;background_background&quot;:&quot;classic&quot;}\">\n\t\t\t\t\t<div class=\"e-con-inner\">\n\t\t<div class=\"elementor-element elementor-element-fef2368 e-con-full e-flex e-con e-child\" data-id=\"fef2368\" data-element_type=\"container\" data-e-type=\"container\">\n\t\t\t\t<div data-dce-title-color=\"#FFFFFF\" class=\"elementor-element elementor-element-51815f6c elementor-widget elementor-widget-heading\" data-id=\"51815f6c\" data-element_type=\"widget\" data-e-type=\"widget\" data-widget_type=\"heading.default\">\n\t\t\t\t<div class=\"elementor-widget-container\">\n\t\t\t\t\t<h1 class=\"elementor-heading-title elementor-size-default\">EGRO Sistemi latte\n<\/h1>\t\t\t\t<\/div>\n\t\t\t\t<\/div>\n\t\t<div class=\"elementor-element elementor-element-0a5e265 detailshow e-flex e-con-boxed e-con e-child\" data-id=\"0a5e265\" data-element_type=\"container\" data-e-type=\"container\">\n\t\t\t\t\t<div class=\"e-con-inner\">\n\t\t\t\t<div data-dce-text-color=\"#FFFFFF\" class=\"elementor-element elementor-element-2d82fc8 animated-fast elementor-invisible elementor-widget elementor-widget-text-editor\" data-id=\"2d82fc8\" data-element_type=\"widget\" data-e-type=\"widget\" data-settings=\"{&quot;_animation&quot;:&quot;fadeInUp&quot;,&quot;_animation_mobile&quot;:&quot;fadeIn&quot;}\" data-widget_type=\"text-editor.default\">\n\t\t\t\t<div class=\"elementor-widget-container\">\n\t\t\t\t\t\t\t\t\t<p>Abbiamo sviluppato 4 diversi sistemi latte per la preparazione in automatico di bevande a base di latte fresco. Da quello pi\u00f9 semplice fino a quello pi\u00f9 avanzato, i sistemi latte Egro non richiedono alcuna formazione professionale per gli operatori e, in modalit\u00e0 self-service, sono intuitivi anche per i clienti che possono preparare tutte le bevande con facilit\u00e0. Scopri qual \u00e8 la soluzione pi\u00f9 adatta alle tue esigenze.<\/p>\t\t\t\t\t\t\t\t<\/div>\n\t\t\t\t<\/div>\n\t\t\t\t<div data-dce-background-color=\"#E2444C\" class=\"elementor-element elementor-element-637876e elementor-align-justify elementor-widget__width-initial elementor-hidden-desktop elementor-hidden-tablet elementor-tablet-align-justify elementor-hidden-mobile elementor-widget elementor-widget-button\" data-id=\"637876e\" data-element_type=\"widget\" data-e-type=\"widget\" data-widget_type=\"button.default\">\n\t\t\t\t<div class=\"elementor-widget-container\">\n\t\t\t\t\t\t\t\t\t<div class=\"elementor-button-wrapper\">\n\t\t\t\t\t<a class=\"elementor-button elementor-button-link elementor-size-sm\" href=\"#\">\n\t\t\t\t\t\t<span class=\"elementor-button-content-wrapper\">\n\t\t\t\t\t\t\t\t\t<span class=\"elementor-button-text\">Discover More<\/span>\n\t\t\t\t\t<\/span>\n\t\t\t\t\t<\/a>\n\t\t\t\t<\/div>\n\t\t\t\t\t\t\t\t<\/div>\n\t\t\t\t<\/div>\n\t\t\t\t\t<\/div>\n\t\t\t\t<\/div>\n\t\t\t\t<\/div>\n\t\t\t\t\t<\/div>\n\t\t\t\t<\/div>\n\t\t<div data-dce-background-color=\"#FFFFFF\" class=\"elementor-element elementor-element-308fa81f e-con-full e-flex e-con e-parent\" data-id=\"308fa81f\" data-element_type=\"container\" data-e-type=\"container\" data-settings=\"{&quot;background_background&quot;:&quot;classic&quot;}\">\n\t\t<div class=\"elementor-element elementor-element-2eb13aca e-con-full e-flex e-con e-child\" data-id=\"2eb13aca\" data-element_type=\"container\" data-e-type=\"container\">\n\t\t<div class=\"elementor-element elementor-element-1e99edd4 e-con-full e-flex e-con e-child\" data-id=\"1e99edd4\" data-element_type=\"container\" data-e-type=\"container\">\n\t\t\t\t<div data-dce-title-color=\"#282727\" class=\"elementor-element elementor-element-750a0ad elementor-widget elementor-widget-heading\" data-id=\"750a0ad\" data-element_type=\"widget\" data-e-type=\"widget\" data-widget_type=\"heading.default\">\n\t\t\t\t<div class=\"elementor-widget-container\">\n\t\t\t\t\t<h2 class=\"elementor-heading-title elementor-size-default\">Quick Milk<\/h2>\t\t\t\t<\/div>\n\t\t\t\t<\/div>\n\t\t\t\t<div data-dce-text-color=\"#282727\" class=\"elementor-element elementor-element-3109bd9 elementor-widget elementor-widget-text-editor\" data-id=\"3109bd9\" data-element_type=\"widget\" data-e-type=\"widget\" data-widget_type=\"text-editor.default\">\n\t\t\t\t<div class=\"elementor-widget-container\">\n\t\t\t\t\t\t\t\t\t<p>Quick Milk \u00e8 la scelta giusta per chi non deve gestire un flusso di lavoro intenso e desidera offrire ai propri clienti un men\u00f9 con i grandi classici della caffetteria come il cappuccino e il latte macchiato. Quick Milk \u00e8 un sistema latte intuitivo, facile da usare e da manutenere.<\/p>\t\t\t\t\t\t\t\t<\/div>\n\t\t\t\t<\/div>\n\t\t\t\t<\/div>\n\t\t<div class=\"elementor-element elementor-element-555285d e-con-full e-flex e-con e-child\" data-id=\"555285d\" data-element_type=\"container\" data-e-type=\"container\">\n\t\t\t\t<div data-dce-title-color=\"#282727\" class=\"elementor-element elementor-element-cce7257 elementor-widget elementor-widget-heading\" data-id=\"cce7257\" data-element_type=\"widget\" data-e-type=\"widget\" data-widget_type=\"heading.default\">\n\t\t\t\t<div class=\"elementor-widget-container\">\n\t\t\t\t\t<h2 class=\"elementor-heading-title elementor-size-default\">Pro Milk \/ Quick Milk Pro\n<\/h2>\t\t\t\t<\/div>\n\t\t\t\t<\/div>\n\t\t\t\t<div data-dce-text-color=\"#282727\" class=\"elementor-element elementor-element-94ac695 elementor-widget elementor-widget-text-editor\" data-id=\"94ac695\" data-element_type=\"widget\" data-e-type=\"widget\" data-widget_type=\"text-editor.default\">\n\t\t\t\t<div class=\"elementor-widget-container\">\n\t\t\t\t\t\t\t\t\t<p>Pro Milk e Quick Milk Pro sono consigliati per chi desidera offrire ai propri clienti un vasto assortimento di bevande a base di latte, freddo o caldo, e crema di latte caldo. Pro Milk e Quick Milk Pro offrono la possibilit\u00e0 di regolare la temperatura del latte, i livelli di montatura e la consistenza della crema per ogni bevanda.<\/p>\t\t\t\t\t\t\t\t<\/div>\n\t\t\t\t<\/div>\n\t\t\t\t<\/div>\n\t\t<div class=\"elementor-element elementor-element-6747a338 e-con-full e-flex e-con e-child\" data-id=\"6747a338\" data-element_type=\"container\" data-e-type=\"container\">\n\t\t\t\t<div data-dce-title-color=\"#282727\" class=\"elementor-element elementor-element-38cb117b elementor-widget elementor-widget-heading\" data-id=\"38cb117b\" data-element_type=\"widget\" data-e-type=\"widget\" data-widget_type=\"heading.default\">\n\t\t\t\t<div class=\"elementor-widget-container\">\n\t\t\t\t\t<h2 class=\"elementor-heading-title elementor-size-default\">TOP MILK<\/h2>\t\t\t\t<\/div>\n\t\t\t\t<\/div>\n\t\t\t\t<div data-dce-text-color=\"#282727\" class=\"elementor-element elementor-element-370907e5 elementor-widget elementor-widget-text-editor\" data-id=\"370907e5\" data-element_type=\"widget\" data-e-type=\"widget\" data-widget_type=\"text-editor.default\">\n\t\t\t\t<div class=\"elementor-widget-container\">\n\t\t\t\t\t\t\t\t\t<p>Top Milk \u00e8 la soluzione ideale per tutte le location con consumi elevati di bevande a base di latte che desiderano personalizzare ogni ricetta e offrire un men\u00f9 caffetteria completo. \u00c8 possibile regolare la temperatura e il livello di montatura del latte per ogni bevanda e lavorare anche con due diversi tipi di latte fresco.<\/p>\t\t\t\t\t\t\t\t<\/div>\n\t\t\t\t<\/div>\n\t\t\t\t<\/div>\n\t\t<div class=\"elementor-element elementor-element-ada3ebd e-con-full e-flex e-con e-child\" data-id=\"ada3ebd\" data-element_type=\"container\" data-e-type=\"container\">\n\t\t\t\t<div data-dce-title-color=\"#282727\" class=\"elementor-element elementor-element-4ac388df elementor-widget elementor-widget-heading\" data-id=\"4ac388df\" data-element_type=\"widget\" data-e-type=\"widget\" data-widget_type=\"heading.default\">\n\t\t\t\t<div class=\"elementor-widget-container\">\n\t\t\t\t\t<h2 class=\"elementor-heading-title elementor-size-default\">NMS+<\/h2>\t\t\t\t<\/div>\n\t\t\t\t<\/div>\n\t\t\t\t<div data-dce-text-color=\"#282727\" class=\"elementor-element elementor-element-53e4e66e elementor-widget elementor-widget-text-editor\" data-id=\"53e4e66e\" data-element_type=\"widget\" data-e-type=\"widget\" data-widget_type=\"text-editor.default\">\n\t\t\t\t<div class=\"elementor-widget-container\">\n\t\t\t\t\t\t\t\t\t<p>NMS+ \u00e8 il sistema latte pi\u00f9 avanzato di Egro che garantisce i risultati migliori in tazza, in particolare per la preparazione della crema di latte. Per ogni tipo di bevanda offre la possibilit\u00e0 di regolare la temperatura e il livello di montatura del latte e scegliere tra due diversi tipi di latte fresco. NMS+ \u00e8 progettato per le location che richiedono un&#8217;elevata produttivit\u00e0.<\/p>\t\t\t\t\t\t\t\t<\/div>\n\t\t\t\t<\/div>\n\t\t\t\t<\/div>\n\t\t\t\t<\/div>\n\t\t\t\t<\/div>\n\t\t<div data-dce-background-color=\"#282727\" class=\"elementor-element elementor-element-dcbc9a7 e-flex e-con-boxed e-con e-parent\" data-id=\"dcbc9a7\" data-element_type=\"container\" data-e-type=\"container\" data-settings=\"{&quot;background_background&quot;:&quot;classic&quot;}\">\n\t\t\t\t\t<div class=\"e-con-inner\">\n\t\t\t\t<div class=\"elementor-element elementor-element-73b3438 elementor-hidden-mobile elementor-widget elementor-widget-image\" data-id=\"73b3438\" data-element_type=\"widget\" data-e-type=\"widget\" data-widget_type=\"image.default\">\n\t\t\t\t<div class=\"elementor-widget-container\">\n\t\t\t\t\t\t\t\t\t\t\t\t\t\t\t<img decoding=\"async\" src=\"https:\/\/egrocoffee.com\/wp-content\/uploads\/tabella-egro\/Tabella_egro_it.png\" title=\"\" alt=\"Egro Table Milk System\" loading=\"lazy\" \/>\t\t\t\t\t\t\t\t\t\t\t\t\t\t\t<\/div>\n\t\t\t\t<\/div>\n\t\t\t\t<div class=\"elementor-element elementor-element-88f5a03 elementor-hidden-desktop elementor-hidden-tablet elementor-widget elementor-widget-html\" data-id=\"88f5a03\" data-element_type=\"widget\" data-e-type=\"widget\" data-widget_type=\"html.default\">\n\t\t\t\t<div class=\"elementor-widget-container\">\n\t\t\t\t\t<style>\r\n.container{\r\n    width:100%;\r\n    overflow-x: auto;\r\n    overflow-y:hidden;\r\n    white-space: nowrap;\r\n    -webkit-overflow-scrolling: touch;\r\n    -ms-overflow-style: -ms-autohiding-scrollbar;\r\n    \r\n}\r\n.container::-webkit-scrollbar{\r\n    height: 10px;\r\n}\r\n.container::-webkit-scrollbar-track{\r\n    background: #00000033\r\n}\r\n.container::-webkit-scrollbar-thumb{\r\n    background: rgba(226, 68, 76, 1);\r\n    border-radius: 20px;\r\n}\r\n.full-width-image {\r\n  position: relative;\r\n  left: 50%;  \r\n  margin-left: -46vw;\r\n  padding:10px;\r\n}\r\n.full-width-image img {\r\n  width: 100%\r\n  max-width: 100vw;\r\n}\r\n<\/style>\r\n<div class=\"container\">\r\n  <div class=\"full-width-image\">\r\n     <img decoding=\"async\" src=\"https:\/\/egrocoffee.com\/wp-content\/uploads\/tabella-egro\/Tabella_egro_it.png\" alt=\"\">\r\n  <\/div>\r\n<\/div>\r\n\t\t\t\t<\/div>\n\t\t\t\t<\/div>\n\t\t\t\t\t<\/div>\n\t\t\t\t<\/div>\n\t\t<div data-dce-background-color=\"#E2444C\" class=\"elementor-element elementor-element-ce716c9 e-flex e-con-boxed e-con e-parent\" data-id=\"ce716c9\" data-element_type=\"container\" data-e-type=\"container\" data-settings=\"{&quot;background_background&quot;:&quot;classic&quot;}\">\n\t\t\t\t\t<div class=\"e-con-inner\">\n\t\t<div class=\"elementor-element elementor-element-f06cfe3 e-con-full e-flex e-con e-child\" data-id=\"f06cfe3\" data-element_type=\"container\" data-e-type=\"container\">\n\t\t\t\t<div data-dce-title-color=\"#FFFFFF\" class=\"elementor-element elementor-element-69268ca elementor-widget-mobile__width-initial h2-custom-header elementor-widget elementor-widget-heading\" data-id=\"69268ca\" data-element_type=\"widget\" data-e-type=\"widget\" data-widget_type=\"heading.default\">\n\t\t\t\t<div class=\"elementor-widget-container\">\n\t\t\t\t\t<h2 class=\"elementor-heading-title elementor-size-default\">Trova la macchina per caff\u00e8 perfetta per il tuo business<\/h2>\t\t\t\t<\/div>\n\t\t\t\t<\/div>\n\t\t\t\t<div data-dce-text-color=\"#FFFFFF\" class=\"elementor-element elementor-element-059b8b3 elementor-widget__width-initial elementor-widget elementor-widget-text-editor\" data-id=\"059b8b3\" data-element_type=\"widget\" data-e-type=\"widget\" data-widget_type=\"text-editor.default\">\n\t\t\t\t<div class=\"elementor-widget-container\">\n\t\t\t\t\t\t\t\t\t<p><p>Hai bisogno di aiuto per scegliere? Rispondi a poche domande e troveremo la <strong>macchina per caff\u00e8 superautomatica per hotel<\/strong> pi\u00f9 adatta al tuo servizio, capace di coniugare qualit\u00e0, efficienza e semplicit\u00e0 d\u2019uso.<\/p>\n\t\t\t\t\t\t\t\t<\/div>\n\t\t\t\t<\/div>\n\t\t\t\t<div data-dce-background-color=\"#FFFFFF\" class=\"elementor-element elementor-element-291f068 elementor-align-justify elementor-mobile-align-justify elementor-widget-mobile__width-inherit elementor-widget elementor-widget-button\" data-id=\"291f068\" data-element_type=\"widget\" data-e-type=\"widget\" data-widget_type=\"button.default\">\n\t\t\t\t<div class=\"elementor-widget-container\">\n\t\t\t\t\t\t\t\t\t<div class=\"elementor-button-wrapper\">\n\t\t\t\t\t<a class=\"elementor-button elementor-button-link elementor-size-sm\" href=\"https:\/\/machine-finder.egrocoffee.com\/?lang=it\" target=\"_blank\">\n\t\t\t\t\t\t<span class=\"elementor-button-content-wrapper\">\n\t\t\t\t\t\t\t\t\t<span class=\"elementor-button-text\">Vai al Coffee machine finder<\/span>\n\t\t\t\t\t<\/span>\n\t\t\t\t\t<\/a>\n\t\t\t\t<\/div>\n\t\t\t\t\t\t\t\t<\/div>\n\t\t\t\t<\/div>\n\t\t\t\t<\/div>\n\t\t<div class=\"elementor-element elementor-element-cf5847c e-con-full elementor-hidden-tablet elementor-hidden-mobile e-flex e-con e-child\" data-id=\"cf5847c\" data-element_type=\"container\" data-e-type=\"container\">\n\t\t\t\t<\/div>\n\t\t\t\t\t<\/div>\n\t\t\t\t<\/div>\n\t\t<div data-dce-background-color=\"#282727\" class=\"elementor-element elementor-element-6889e856 e-flex e-con-boxed e-con e-parent\" data-id=\"6889e856\" data-element_type=\"container\" data-e-type=\"container\" data-settings=\"{&quot;background_background&quot;:&quot;classic&quot;}\">\n\t\t\t\t\t<div class=\"e-con-inner\">\n\t\t<div class=\"elementor-element elementor-element-64ab33e3 e-con-full e-flex e-con e-child\" data-id=\"64ab33e3\" data-element_type=\"container\" data-e-type=\"container\">\n\t\t\t\t<div data-dce-title-color=\"#FFFFFF\" class=\"elementor-element elementor-element-1cf7587d elementor-widget-mobile__width-initial h2-custom-header elementor-widget elementor-widget-heading\" data-id=\"1cf7587d\" data-element_type=\"widget\" data-e-type=\"widget\" data-widget_type=\"heading.default\">\n\t\t\t\t<div class=\"elementor-widget-container\">\n\t\t\t\t\t<h2 class=\"elementor-heading-title elementor-size-default\">Siamo qui per aiutarti<\/h2>\t\t\t\t<\/div>\n\t\t\t\t<\/div>\n\t\t\t\t<div data-dce-background-color=\"#E2444C\" class=\"elementor-element elementor-element-28a9ad63 elementor-align-justify elementor-widget__width-initial elementor-widget elementor-widget-button\" data-id=\"28a9ad63\" data-element_type=\"widget\" data-e-type=\"widget\" data-widget_type=\"button.default\">\n\t\t\t\t<div class=\"elementor-widget-container\">\n\t\t\t\t\t\t\t\t\t<div class=\"elementor-button-wrapper\">\n\t\t\t\t\t<a class=\"elementor-button elementor-button-link elementor-size-sm\" href=\"https:\/\/contact-us.egrocoffee.com\/it-it\/egro\/contact-us\/\" target=\"_blank\">\n\t\t\t\t\t\t<span class=\"elementor-button-content-wrapper\">\n\t\t\t\t\t\t\t\t\t<span class=\"elementor-button-text\">Contattaci<\/span>\n\t\t\t\t\t<\/span>\n\t\t\t\t\t<\/a>\n\t\t\t\t<\/div>\n\t\t\t\t\t\t\t\t<\/div>\n\t\t\t\t<\/div>\n\t\t\t\t<\/div>\n\t\t<div class=\"elementor-element elementor-element-374d79ff e-con-full elementor-hidden-tablet elementor-hidden-mobile e-flex e-con e-child\" data-id=\"374d79ff\" data-element_type=\"container\" data-e-type=\"container\">\n\t\t\t\t<\/div>\n\t\t\t\t\t<\/div>\n\t\t\t\t<\/div>\n\t\t\t\t<\/div>\n\t\t","protected":false},"excerpt":{"rendered":"<p>EGRO Sistemi latte Abbiamo sviluppato 4 diversi sistemi latte per la preparazione in automatico di bevande a base di latte fresco. Da quello pi\u00f9 semplice fino a quello pi\u00f9 avanzato, i sistemi latte Egro non richiedono alcuna formazione professionale per gli operatori e, in modalit\u00e0 self-service, sono intuitivi anche per i clienti che possono preparare [&hellip;]<\/p>\n","protected":false},"author":1,"featured_media":0,"parent":70296,"menu_order":0,"comment_status":"closed","ping_status":"closed","template":"","meta":{"_acf_changed":false,"footnotes":""},"class_list":["post-15","page","type-page","status-publish","hentry"],"acf":[],"_links":{"self":[{"href":"https:\/\/egrocoffee.com\/it\/wp-json\/wp\/v2\/pages\/15","targetHints":{"allow":["GET"]}}],"collection":[{"href":"https:\/\/egrocoffee.com\/it\/wp-json\/wp\/v2\/pages"}],"about":[{"href":"https:\/\/egrocoffee.com\/it\/wp-json\/wp\/v2\/types\/page"}],"author":[{"embeddable":true,"href":"https:\/\/egrocoffee.com\/it\/wp-json\/wp\/v2\/users\/1"}],"replies":[{"embeddable":true,"href":"https:\/\/egrocoffee.com\/it\/wp-json\/wp\/v2\/comments?post=15"}],"version-history":[{"count":6,"href":"https:\/\/egrocoffee.com\/it\/wp-json\/wp\/v2\/pages\/15\/revisions"}],"predecessor-version":[{"id":81336,"href":"https:\/\/egrocoffee.com\/it\/wp-json\/wp\/v2\/pages\/15\/revisions\/81336"}],"up":[{"embeddable":true,"href":"https:\/\/egrocoffee.com\/it\/wp-json\/wp\/v2\/pages\/70296"}],"wp:attachment":[{"href":"https:\/\/egrocoffee.com\/it\/wp-json\/wp\/v2\/media?parent=15"}],"curies":[{"name":"wp","href":"https:\/\/api.w.org\/{rel}","templated":true}]}}