{"id":70996,"date":"2023-08-22T15:04:18","date_gmt":"2023-08-22T13:04:18","guid":{"rendered":"https:\/\/staging.egrocoffee.com\/en\/?page_id=70996"},"modified":"2026-01-26T16:47:52","modified_gmt":"2026-01-26T15:47:52","slug":"patisserie-et-boulangerie","status":"publish","type":"page","link":"https:\/\/egrocoffee.com\/fr\/solutions-professionnelles\/patisserie-et-boulangerie\/","title":{"rendered":"Bakery &amp; Pastry"},"content":{"rendered":"\t\t<div data-elementor-type=\"wp-page\" data-elementor-id=\"70996\" class=\"elementor elementor-70996\" data-elementor-post-type=\"page\">\n\t\t\t\t<div data-dce-background-overlay-color=\"#000000\" data-dce-background-image-url=\"https:\/\/egrocoffee.com\/wp-content\/uploads\/NEXT-PC-BAKERY.jpg\" class=\"elementor-element elementor-element-41acdc7f e-flex e-con-boxed e-con e-parent\" data-id=\"41acdc7f\" data-element_type=\"container\" data-e-type=\"container\" id=\"hero-banner\" data-settings=\"{&quot;background_background&quot;:&quot;classic&quot;}\">\n\t\t\t\t\t<div class=\"e-con-inner\">\n\t\t<div class=\"elementor-element elementor-element-41bb5fb1 e-con-full e-flex e-con e-child\" data-id=\"41bb5fb1\" data-element_type=\"container\" data-e-type=\"container\">\n\t\t\t\t<div data-dce-title-color=\"#FFFFFF\" class=\"elementor-element elementor-element-54c9d097 elementor-widget elementor-widget-heading\" data-id=\"54c9d097\" data-element_type=\"widget\" data-e-type=\"widget\" data-widget_type=\"heading.default\">\n\t\t\t\t<div class=\"elementor-widget-container\">\n\t\t\t\t\t<h1 class=\"elementor-heading-title elementor-size-default\">P\u00e2tisserie et boulangerie\n<\/h1>\t\t\t\t<\/div>\n\t\t\t\t<\/div>\n\t\t\t\t<div data-dce-text-color=\"#FFFFFF\" class=\"elementor-element elementor-element-010c361 elementor-widget elementor-widget-text-editor\" data-id=\"010c361\" data-element_type=\"widget\" data-e-type=\"widget\" data-widget_type=\"text-editor.default\">\n\t\t\t\t<div class=\"elementor-widget-container\">\n\t\t\t\t\t\t\t\t\t<p>Les machines \u00e0 caf\u00e9 super-automatiques Egro sont le bon choix si vous envisagez d&rsquo;\u00e9tendre votre activit\u00e9, de diversifier vos produits ou de gagner de nouveaux clients.<\/p>\t\t\t\t\t\t\t\t<\/div>\n\t\t\t\t<\/div>\n\t\t\t\t<\/div>\n\t\t<div class=\"elementor-element elementor-element-603fa9a0 e-con-full e-flex e-con e-child\" data-id=\"603fa9a0\" data-element_type=\"container\" data-e-type=\"container\">\n\t\t<div class=\"elementor-element elementor-element-195acb4 e-flex e-con-boxed e-con e-child\" data-id=\"195acb4\" data-element_type=\"container\" data-e-type=\"container\">\n\t\t\t\t\t<div class=\"e-con-inner\">\n\t\t\t\t<div class=\"elementor-element elementor-element-36197115 elementor-widget elementor-widget-image\" data-id=\"36197115\" data-element_type=\"widget\" data-e-type=\"widget\" data-widget_type=\"image.default\">\n\t\t\t\t<div class=\"elementor-widget-container\">\n\t\t\t\t\t\t\t\t\t\t\t\t\t\t\t\t<a href=\"#start\">\n\t\t\t\t\t\t\t<img decoding=\"async\" width=\"17\" height=\"6\" src=\"https:\/\/egrocoffee.com\/wp-content\/uploads\/2023\/08\/egro_down.png\" class=\"attachment-large size-large wp-image-914\" alt=\"\" \/>\t\t\t\t\t\t\t\t<\/a>\n\t\t\t\t\t\t\t\t\t\t\t\t\t\t\t<\/div>\n\t\t\t\t<\/div>\n\t\t\t\t\t<\/div>\n\t\t\t\t<\/div>\n\t\t\t\t<\/div>\n\t\t\t\t\t<\/div>\n\t\t\t\t<\/div>\n\t\t<div data-dce-background-color=\"#FFFFFF\" class=\"elementor-element elementor-element-74920e1a e-con-full e-flex e-con e-parent\" data-id=\"74920e1a\" data-element_type=\"container\" data-e-type=\"container\" data-settings=\"{&quot;background_background&quot;:&quot;classic&quot;}\">\n\t\t<div class=\"elementor-element elementor-element-3e06cb2e e-con-full e-flex e-con e-child\" data-id=\"3e06cb2e\" data-element_type=\"container\" data-e-type=\"container\">\n\t\t<div data-dce-background-image-url=\"https:\/\/egrocoffee.com\/wp-content\/uploads\/MODE_PM-MK4_BAKERY.jpg\" class=\"elementor-element elementor-element-6b0e15a4 e-con-full e-flex e-con e-child\" data-id=\"6b0e15a4\" data-element_type=\"container\" data-e-type=\"container\" data-settings=\"{&quot;background_background&quot;:&quot;classic&quot;}\">\n\t\t\t\t<\/div>\n\t\t<div class=\"elementor-element elementor-element-113970af e-con-full e-flex e-con e-child\" data-id=\"113970af\" data-element_type=\"container\" data-e-type=\"container\">\n\t\t\t\t<div data-dce-title-color=\"#00000FF7\" class=\"elementor-element elementor-element-42be322 elementor-widget__width-initial elementor-widget elementor-widget-heading\" data-id=\"42be322\" data-element_type=\"widget\" data-e-type=\"widget\" data-widget_type=\"heading.default\">\n\t\t\t\t<div class=\"elementor-widget-container\">\n\t\t\t\t\t<h2 class=\"elementor-heading-title elementor-size-default\">Au-del\u00e0 de la p\u00e2tisserie\n\n<\/h2>\t\t\t\t<\/div>\n\t\t\t\t<\/div>\n\t\t\t\t<div data-dce-text-color=\"#00000D\" class=\"elementor-element elementor-element-0bb609d elementor-widget__width-initial elementor-widget elementor-widget-text-editor\" data-id=\"0bb609d\" data-element_type=\"widget\" data-e-type=\"widget\" data-widget_type=\"text-editor.default\">\n\t\t\t\t<div class=\"elementor-widget-container\">\n\t\t\t\t\t\t\t\t\t<p>Les boulangeries d&rsquo;aujourd&rsquo;hui sont plusieurs choses en une : p\u00e2tisserie, bistrot, magasin de d\u00e9tail. On ne fait plus la diff\u00e9rence. Tous les espaces commerciaux disposent d\u00e9sormais d&rsquo;un kiosque \u00e0 caf\u00e9 et fonctionnent pour le petit-d\u00e9jeuner, le d\u00e9jeuner et aussi l&rsquo;heure du cocktail.<\/p>\t\t\t\t\t\t\t\t<\/div>\n\t\t\t\t<\/div>\n\t\t\t\t<\/div>\n\t\t\t\t<\/div>\n\t\t<div data-dce-background-color=\"#282727\" class=\"elementor-element elementor-element-2ed6169c e-con-full e-flex e-con e-child\" data-id=\"2ed6169c\" data-element_type=\"container\" data-e-type=\"container\" data-settings=\"{&quot;background_background&quot;:&quot;classic&quot;}\">\n\t\t<div class=\"elementor-element elementor-element-71ddc09b e-con-full e-flex e-con e-child\" data-id=\"71ddc09b\" data-element_type=\"container\" data-e-type=\"container\">\n\t\t\t\t<div data-dce-title-color=\"#FFFFFF\" class=\"elementor-element elementor-element-14e355b elementor-widget__width-initial elementor-widget elementor-widget-heading\" data-id=\"14e355b\" data-element_type=\"widget\" data-e-type=\"widget\" data-widget_type=\"heading.default\">\n\t\t\t\t<div class=\"elementor-widget-container\">\n\t\t\t\t\t<h2 class=\"elementor-heading-title elementor-size-default\">Votre chemin vers un service de caf\u00e9 sans effort\n<\/h2>\t\t\t\t<\/div>\n\t\t\t\t<\/div>\n\t\t\t\t<div data-dce-text-color=\"#FFFFFF\" class=\"elementor-element elementor-element-8c092a2 elementor-widget__width-initial elementor-widget elementor-widget-text-editor\" data-id=\"8c092a2\" data-element_type=\"widget\" data-e-type=\"widget\" data-widget_type=\"text-editor.default\">\n\t\t\t\t<div class=\"elementor-widget-container\">\n\t\t\t\t\t\t\t\t\t<p>Choisissez Egro pour votre service de caf\u00e9. Vous n&rsquo;aurez plus besoin d&rsquo;un barista professionnel derri\u00e8re le comptoir et vous pourrez atteindre de nouveaux objectifs sans avoir \u00e0 vous soucier de l&rsquo;investissement.<\/p>\t\t\t\t\t\t\t\t<\/div>\n\t\t\t\t<\/div>\n\t\t\t\t<\/div>\n\t\t<div data-dce-background-image-url=\"https:\/\/egrocoffee.com\/wp-content\/uploads\/MODE-PC-BAKERY.jpg\" class=\"elementor-element elementor-element-55b46b9 e-con-full e-flex e-con e-child\" data-id=\"55b46b9\" data-element_type=\"container\" data-e-type=\"container\" data-settings=\"{&quot;background_background&quot;:&quot;classic&quot;}\">\n\t\t\t\t<\/div>\n\t\t\t\t<\/div>\n\t\t<div class=\"elementor-element elementor-element-d9a7161 e-con-full e-flex e-con e-child\" data-id=\"d9a7161\" data-element_type=\"container\" data-e-type=\"container\">\n\t\t<div data-dce-background-image-url=\"https:\/\/egrocoffee.com\/en\/wp-content\/uploads\/sites\/3\/2023\/10\/iStock-1076244572-scaled.jpg\" class=\"elementor-element elementor-element-5a4b852 e-con-full e-flex e-con e-child\" data-id=\"5a4b852\" data-element_type=\"container\" data-e-type=\"container\" data-settings=\"{&quot;background_background&quot;:&quot;classic&quot;}\">\n\t\t\t\t<\/div>\n\t\t<div data-dce-background-color=\"#E2444C\" class=\"elementor-element elementor-element-4b193d9 e-con-full e-flex e-con e-child\" data-id=\"4b193d9\" data-element_type=\"container\" data-e-type=\"container\" data-settings=\"{&quot;background_background&quot;:&quot;classic&quot;}\">\n\t\t\t\t<div data-dce-title-color=\"#FFFFFF\" class=\"elementor-element elementor-element-c01bdfa elementor-widget__width-initial elementor-widget elementor-widget-heading\" data-id=\"c01bdfa\" data-element_type=\"widget\" data-e-type=\"widget\" data-widget_type=\"heading.default\">\n\t\t\t\t<div class=\"elementor-widget-container\">\n\t\t\t\t\t<h2 class=\"elementor-heading-title elementor-size-default\">Associez le caf\u00e9 aux saveurs de votre p\u00e2tisserie\n<\/h2>\t\t\t\t<\/div>\n\t\t\t\t<\/div>\n\t\t\t\t<div data-dce-text-color=\"#FFFFFF\" class=\"elementor-element elementor-element-85647c1 elementor-widget__width-initial elementor-widget elementor-widget-text-editor\" data-id=\"85647c1\" data-element_type=\"widget\" data-e-type=\"widget\" data-widget_type=\"text-editor.default\">\n\t\t\t\t<div class=\"elementor-widget-container\">\n\t\t\t\t\t\t\t\t\t<p>Personnalisez votre menu de caf\u00e9s pour accompagner des produits croustillants et d\u00e9licieux cuits au four, et pr\u00e9parez automatiquement un expresso, un cappuccino, un chocolat chaud et tout type de boisson \u00e0 base de lait frais.<\/p>\t\t\t\t\t\t\t\t<\/div>\n\t\t\t\t<\/div>\n\t\t\t\t<\/div>\n\t\t\t\t<\/div>\n\t\t\t\t<\/div>\n\t\t<div data-dce-background-color=\"#FFFFFF\" class=\"elementor-element elementor-element-70af4596 e-flex e-con-boxed e-con e-parent\" data-id=\"70af4596\" data-element_type=\"container\" data-e-type=\"container\" data-settings=\"{&quot;background_background&quot;:&quot;classic&quot;}\">\n\t\t\t\t\t<div class=\"e-con-inner\">\n\t\t\t\t<div data-dce-title-color=\"#282727\" class=\"elementor-element elementor-element-423345ee h2-custom-header elementor-widget elementor-widget-heading\" data-id=\"423345ee\" data-element_type=\"widget\" data-e-type=\"widget\" data-widget_type=\"heading.default\">\n\t\t\t\t<div class=\"elementor-widget-container\">\n\t\t\t\t\t<h2 class=\"elementor-heading-title elementor-size-default\">Nos solutions pour les boulangeries et les p\u00e2tisseries\n<\/h2>\t\t\t\t<\/div>\n\t\t\t\t<\/div>\n\t\t\t\t\t<\/div>\n\t\t\t\t<\/div>\n\t\t<div data-dce-background-color=\"#FFFFFF\" class=\"elementor-element elementor-element-5347582c e-con-full e-flex e-con e-parent\" data-id=\"5347582c\" data-element_type=\"container\" data-e-type=\"container\" data-settings=\"{&quot;background_background&quot;:&quot;classic&quot;}\">\n\t\t<div class=\"elementor-element elementor-element-55d55fa4 e-con-full e-flex e-con e-child\" data-id=\"55d55fa4\" data-element_type=\"container\" data-e-type=\"container\">\n\t\t<div class=\"elementor-element elementor-element-950ea78 e-con-full e-flex e-con e-child\" data-id=\"950ea78\" data-element_type=\"container\" data-e-type=\"container\">\n\t\t\t\t<div data-dce-title-color=\"#282727\" class=\"elementor-element elementor-element-4029fb08 elementor-widget elementor-widget-heading\" data-id=\"4029fb08\" data-element_type=\"widget\" data-e-type=\"widget\" data-widget_type=\"heading.default\">\n\t\t\t\t<div class=\"elementor-widget-container\">\n\t\t\t\t\t<h2 class=\"elementor-heading-title elementor-size-default\">\u00c9cran tactile\n<\/h2>\t\t\t\t<\/div>\n\t\t\t\t<\/div>\n\t\t\t\t<div data-dce-text-color=\"#282727\" class=\"elementor-element elementor-element-de29a07 elementor-widget elementor-widget-text-editor\" data-id=\"de29a07\" data-element_type=\"widget\" data-e-type=\"widget\" data-widget_type=\"text-editor.default\">\n\t\t\t\t<div class=\"elementor-widget-container\">\n\t\t\t\t\t\t\t\t\t<p>Pr\u00e9parez vos boissons et configurez les param\u00e8tres comme vous le feriez avec un smartphone, gr\u00e2ce \u00e0 l&rsquo;interface touchscreen.<\/p>\t\t\t\t\t\t\t\t<\/div>\n\t\t\t\t<\/div>\n\t\t\t\t<\/div>\n\t\t<div class=\"elementor-element elementor-element-3d64ce09 e-con-full e-flex e-con e-child\" data-id=\"3d64ce09\" data-element_type=\"container\" data-e-type=\"container\">\n\t\t\t\t<div data-dce-title-color=\"#282727\" class=\"elementor-element elementor-element-1bb7290b elementor-widget elementor-widget-heading\" data-id=\"1bb7290b\" data-element_type=\"widget\" data-e-type=\"widget\" data-widget_type=\"heading.default\">\n\t\t\t\t<div class=\"elementor-widget-container\">\n\t\t\t\t\t<h2 class=\"elementor-heading-title elementor-size-default\">Boissons \u00e0 base de lait frais\n<\/h2>\t\t\t\t<\/div>\n\t\t\t\t<\/div>\n\t\t\t\t<div data-dce-text-color=\"#282727\" class=\"elementor-element elementor-element-e2910cf elementor-widget elementor-widget-text-editor\" data-id=\"e2910cf\" data-element_type=\"widget\" data-e-type=\"widget\" data-widget_type=\"text-editor.default\">\n\t\t\t\t<div class=\"elementor-widget-container\">\n\t\t\t\t\t\t\t\t\t<p>Personnalisez chaque recette et offrez aux clients un menu de caf\u00e9s complet. Il est possible de r\u00e9gler la temp\u00e9rature et le niveau de mousse du lait pour chaque boisson et m\u00eame travailler avec deux types diff\u00e9rents de lait frais.<\/p>\t\t\t\t\t\t\t\t<\/div>\n\t\t\t\t<\/div>\n\t\t\t\t<\/div>\n\t\t<div class=\"elementor-element elementor-element-1ed5f774 e-con-full e-flex e-con e-child\" data-id=\"1ed5f774\" data-element_type=\"container\" data-e-type=\"container\">\n\t\t\t\t<div data-dce-title-color=\"#282727\" class=\"elementor-element elementor-element-54b17a0e elementor-widget elementor-widget-heading\" data-id=\"54b17a0e\" data-element_type=\"widget\" data-e-type=\"widget\" data-widget_type=\"heading.default\">\n\t\t\t\t<div class=\"elementor-widget-container\">\n\t\t\t\t\t<h2 class=\"elementor-heading-title elementor-size-default\">Utilisation et maintenance faciles\n<\/h2>\t\t\t\t<\/div>\n\t\t\t\t<\/div>\n\t\t\t\t<div data-dce-text-color=\"#282727\" class=\"elementor-element elementor-element-14ca1e67 elementor-widget elementor-widget-text-editor\" data-id=\"14ca1e67\" data-element_type=\"widget\" data-e-type=\"widget\" data-widget_type=\"text-editor.default\">\n\t\t\t\t<div class=\"elementor-widget-container\">\n\t\t\t\t\t\t\t\t\t<p>Il suffit d&rsquo;appuyer pour faire un caf\u00e9, d&rsquo;appuyer \u00e0 nouveau pour acc\u00e9der aux composants internes, et d&rsquo;attendre quelques minutes pour que le cycle de nettoyage se termine.<\/p>\t\t\t\t\t\t\t\t<\/div>\n\t\t\t\t<\/div>\n\t\t\t\t<\/div>\n\t\t<div class=\"elementor-element elementor-element-30cca8e7 e-con-full e-flex e-con e-child\" data-id=\"30cca8e7\" data-element_type=\"container\" data-e-type=\"container\">\n\t\t\t\t<div data-dce-title-color=\"#282727\" class=\"elementor-element elementor-element-41ed025c elementor-widget elementor-widget-heading\" data-id=\"41ed025c\" data-element_type=\"widget\" data-e-type=\"widget\" data-widget_type=\"heading.default\">\n\t\t\t\t<div class=\"elementor-widget-container\">\n\t\t\t\t\t<h2 class=\"elementor-heading-title elementor-size-default\">Design Compact\n<\/h2>\t\t\t\t<\/div>\n\t\t\t\t<\/div>\n\t\t\t\t<div data-dce-text-color=\"#282727\" class=\"elementor-element elementor-element-2b2e1b4a elementor-widget elementor-widget-text-editor\" data-id=\"2b2e1b4a\" data-element_type=\"widget\" data-e-type=\"widget\" data-widget_type=\"text-editor.default\">\n\t\t\t\t<div class=\"elementor-widget-container\">\n\t\t\t\t\t\t\t\t\t<p>Si vous recherchez une solution peu encombrante, choisissez une machine \u00e0 caf\u00e9 Egro. Elles garantissent la plus haute qualit\u00e9 en occupant le moins d&rsquo;espace possible sur le comptoir.<\/p>\t\t\t\t\t\t\t\t<\/div>\n\t\t\t\t<\/div>\n\t\t\t\t<\/div>\n\t\t\t\t<\/div>\n\t\t\t\t<\/div>\n\t\t<div data-dce-background-color=\"#282727\" class=\"elementor-element elementor-element-d8e1d44 e-flex e-con-boxed e-con e-parent\" data-id=\"d8e1d44\" data-element_type=\"container\" data-e-type=\"container\" id=\"start\" data-settings=\"{&quot;background_background&quot;:&quot;classic&quot;}\">\n\t\t\t\t\t<div class=\"e-con-inner\">\n\t\t<div class=\"elementor-element elementor-element-606b84e6 e-con-full e-flex e-con e-child\" data-id=\"606b84e6\" data-element_type=\"container\" data-e-type=\"container\">\n\t\t\t\t<div data-dce-title-color=\"#FFFFFF\" class=\"elementor-element elementor-element-29d8f079 elementor-widget-mobile__width-initial elementor-widget-tablet__width-initial elementor-widget__width-initial h2-custom-header elementor-widget elementor-widget-heading\" data-id=\"29d8f079\" data-element_type=\"widget\" data-e-type=\"widget\" data-widget_type=\"heading.default\">\n\t\t\t\t<div class=\"elementor-widget-container\">\n\t\t\t\t\t<h2 class=\"elementor-heading-title elementor-size-default\">Nos machines \u00e0 caf\u00e9 dans les boulangeries et p\u00e2tisseries\n<\/h2>\t\t\t\t<\/div>\n\t\t\t\t<\/div>\n\t\t<div class=\"elementor-element elementor-element-45594697 e-flex e-con-boxed e-con e-child\" data-id=\"45594697\" data-element_type=\"container\" data-e-type=\"container\">\n\t\t\t\t\t<div class=\"e-con-inner\">\n\t\t\t\t<div class=\"elementor-element elementor-element-a73e19e elementor-arrows-position-outside elementor--h-position-center elementor--v-position-middle elementor-pagination-position-inside elementor-widget elementor-widget-slides\" data-id=\"a73e19e\" data-element_type=\"widget\" data-e-type=\"widget\" data-settings=\"{&quot;navigation&quot;:&quot;both&quot;,&quot;autoplay&quot;:&quot;yes&quot;,&quot;pause_on_hover&quot;:&quot;yes&quot;,&quot;pause_on_interaction&quot;:&quot;yes&quot;,&quot;autoplay_speed&quot;:5000,&quot;infinite&quot;:&quot;yes&quot;,&quot;transition&quot;:&quot;slide&quot;,&quot;transition_speed&quot;:500}\" data-widget_type=\"slides.default\">\n\t\t\t\t<div class=\"elementor-widget-container\">\n\t\t\t\t\t\t\t\t\t<div class=\"elementor-swiper\">\n\t\t\t\t\t<div class=\"elementor-slides-wrapper elementor-main-swiper swiper\" role=\"region\" aria-roledescription=\"carousel\" aria-label=\"Diapositives\" dir=\"ltr\" data-animation=\"fadeInUp\">\n\t\t\t\t<div class=\"swiper-wrapper elementor-slides\">\n\t\t\t\t\t\t\t\t\t\t<div class=\"elementor-repeater-item-929f195 swiper-slide\" role=\"group\" aria-roledescription=\"slide\"><div class=\"swiper-slide-bg\"><\/div><div class=\"swiper-slide-inner\" ><div class=\"swiper-slide-contents\"><\/div><\/div><\/div><div class=\"elementor-repeater-item-1fd5b59 swiper-slide\" role=\"group\" aria-roledescription=\"slide\"><div class=\"swiper-slide-bg\"><\/div><div class=\"swiper-slide-inner\" ><div class=\"swiper-slide-contents\"><\/div><\/div><\/div><div class=\"elementor-repeater-item-93b6aa5 swiper-slide\" role=\"group\" aria-roledescription=\"slide\"><div class=\"swiper-slide-bg\"><\/div><div class=\"swiper-slide-inner\" ><div class=\"swiper-slide-contents\"><\/div><\/div><\/div>\t\t\t\t<\/div>\n\t\t\t\t\t\t\t\t\t\t\t\t\t\t\t<div class=\"elementor-swiper-button elementor-swiper-button-prev\" role=\"button\" tabindex=\"0\" aria-label=\"Diapositive pr\u00e9c\u00e9dente\">\n\t\t\t\t\t\t\t<i aria-hidden=\"true\" class=\"eicon-chevron-left\"><\/i>\t\t\t\t\t\t<\/div>\n\t\t\t\t\t\t<div class=\"elementor-swiper-button elementor-swiper-button-next\" role=\"button\" tabindex=\"0\" aria-label=\"Diapositive suivante\">\n\t\t\t\t\t\t\t<i aria-hidden=\"true\" class=\"eicon-chevron-right\"><\/i>\t\t\t\t\t\t<\/div>\n\t\t\t\t\t\t\t\t\t\t\t\t\t\t\t\t<div class=\"swiper-pagination\"><\/div>\n\t\t\t\t\t\t\t\t\t\t\t\t<\/div>\n\t\t\t\t<\/div>\n\t\t\t\t\t\t\t\t<\/div>\n\t\t\t\t<\/div>\n\t\t\t\t\t<\/div>\n\t\t\t\t<\/div>\n\t\t\t\t<\/div>\n\t\t\t\t\t<\/div>\n\t\t\t\t<\/div>\n\t\t<div data-dce-background-color=\"#E2444C\" class=\"elementor-element elementor-element-d99b85a e-flex e-con-boxed e-con e-parent\" data-id=\"d99b85a\" data-element_type=\"container\" data-e-type=\"container\" data-settings=\"{&quot;background_background&quot;:&quot;classic&quot;}\">\n\t\t\t\t\t<div class=\"e-con-inner\">\n\t\t<div class=\"elementor-element elementor-element-96da901 e-con-full e-flex e-con e-child\" data-id=\"96da901\" data-element_type=\"container\" data-e-type=\"container\">\n\t\t\t\t<div data-dce-title-color=\"#FFFFFF\" class=\"elementor-element elementor-element-f49c657 elementor-widget-mobile__width-initial h2-custom-header elementor-widget elementor-widget-heading\" data-id=\"f49c657\" data-element_type=\"widget\" data-e-type=\"widget\" data-widget_type=\"heading.default\">\n\t\t\t\t<div class=\"elementor-widget-container\">\n\t\t\t\t\t<h2 class=\"elementor-heading-title elementor-size-default\">Trouvez la bonne machine \u00e0 caf\u00e9 pour votre activit\u00e9<\/h2>\t\t\t\t<\/div>\n\t\t\t\t<\/div>\n\t\t\t\t<div data-dce-text-color=\"#FFFFFF\" class=\"elementor-element elementor-element-88204bd elementor-widget__width-initial elementor-widget elementor-widget-text-editor\" data-id=\"88204bd\" data-element_type=\"widget\" data-e-type=\"widget\" data-widget_type=\"text-editor.default\">\n\t\t\t\t<div class=\"elementor-widget-container\">\n\t\t\t\t\t\t\t\t\t<p>Besoin d&rsquo;aide pour choisir ? R\u00e9pondez \u00e0 quelques questions et trouvez la bonne machine \u00e0 caf\u00e9 pour votre activit\u00e9<\/p>\t\t\t\t\t\t\t\t<\/div>\n\t\t\t\t<\/div>\n\t\t\t\t<div data-dce-background-color=\"#FFFFFF\" class=\"elementor-element elementor-element-372e369 elementor-align-justify elementor-mobile-align-justify elementor-widget-mobile__width-inherit elementor-widget elementor-widget-button\" data-id=\"372e369\" data-element_type=\"widget\" data-e-type=\"widget\" data-widget_type=\"button.default\">\n\t\t\t\t<div class=\"elementor-widget-container\">\n\t\t\t\t\t\t\t\t\t<div class=\"elementor-button-wrapper\">\n\t\t\t\t\t<a class=\"elementor-button elementor-button-link elementor-size-sm\" href=\"https:\/\/machine-finder.egrocoffee.com\/?lang=fr\" target=\"_blank\">\n\t\t\t\t\t\t<span class=\"elementor-button-content-wrapper\">\n\t\t\t\t\t\t\t\t\t<span class=\"elementor-button-text\">&gt; Allez \u00e0 Chercheur de machine \u00e0 caf\u00e9<\/span>\n\t\t\t\t\t<\/span>\n\t\t\t\t\t<\/a>\n\t\t\t\t<\/div>\n\t\t\t\t\t\t\t\t<\/div>\n\t\t\t\t<\/div>\n\t\t\t\t<\/div>\n\t\t<div class=\"elementor-element elementor-element-66fc7fb e-con-full elementor-hidden-tablet elementor-hidden-mobile e-flex e-con e-child\" data-id=\"66fc7fb\" data-element_type=\"container\" data-e-type=\"container\">\n\t\t\t\t<\/div>\n\t\t\t\t\t<\/div>\n\t\t\t\t<\/div>\n\t\t\t\t<\/div>\n\t\t","protected":false},"excerpt":{"rendered":"<p>P\u00e2tisserie et boulangerie Les machines \u00e0 caf\u00e9 super-automatiques Egro sont le bon choix si vous envisagez d&rsquo;\u00e9tendre votre activit\u00e9, de diversifier vos produits ou de gagner de nouveaux clients. Au-del\u00e0 de la p\u00e2tisserie Les boulangeries d&rsquo;aujourd&rsquo;hui sont plusieurs choses en une : p\u00e2tisserie, bistrot, magasin de d\u00e9tail. On ne fait plus la diff\u00e9rence. Tous les [&hellip;]<\/p>\n","protected":false},"author":1,"featured_media":0,"parent":26,"menu_order":0,"comment_status":"closed","ping_status":"closed","template":"","meta":{"_acf_changed":false,"footnotes":""},"class_list":["post-70996","page","type-page","status-publish","hentry"],"acf":[],"_links":{"self":[{"href":"https:\/\/egrocoffee.com\/fr\/wp-json\/wp\/v2\/pages\/70996","targetHints":{"allow":["GET"]}}],"collection":[{"href":"https:\/\/egrocoffee.com\/fr\/wp-json\/wp\/v2\/pages"}],"about":[{"href":"https:\/\/egrocoffee.com\/fr\/wp-json\/wp\/v2\/types\/page"}],"author":[{"embeddable":true,"href":"https:\/\/egrocoffee.com\/fr\/wp-json\/wp\/v2\/users\/1"}],"replies":[{"embeddable":true,"href":"https:\/\/egrocoffee.com\/fr\/wp-json\/wp\/v2\/comments?post=70996"}],"version-history":[{"count":10,"href":"https:\/\/egrocoffee.com\/fr\/wp-json\/wp\/v2\/pages\/70996\/revisions"}],"predecessor-version":[{"id":80934,"href":"https:\/\/egrocoffee.com\/fr\/wp-json\/wp\/v2\/pages\/70996\/revisions\/80934"}],"up":[{"embeddable":true,"href":"https:\/\/egrocoffee.com\/fr\/wp-json\/wp\/v2\/pages\/26"}],"wp:attachment":[{"href":"https:\/\/egrocoffee.com\/fr\/wp-json\/wp\/v2\/media?parent=70996"}],"curies":[{"name":"wp","href":"https:\/\/api.w.org\/{rel}","templated":true}]}}