{"id":70558,"date":"2023-08-18T13:08:29","date_gmt":"2023-08-18T11:08:29","guid":{"rendered":"https:\/\/staging.egrocoffee.com\/en\/?page_id=70558"},"modified":"2025-12-19T12:29:31","modified_gmt":"2025-12-19T11:29:31","slug":"technologie-du-cafe","status":"publish","type":"page","link":"https:\/\/egrocoffee.com\/fr\/qui-nous-sommes\/technologie-et-innovation\/technologie-du-cafe\/","title":{"rendered":"Coffee Technology"},"content":{"rendered":"\t\t<div data-elementor-type=\"wp-page\" data-elementor-id=\"70558\" class=\"elementor elementor-70558\" data-elementor-post-type=\"page\">\n\t\t\t\t<div data-dce-background-overlay-color=\"#000000\" data-dce-background-overlay-hover-color=\"#030000\" data-dce-background-image-url=\"https:\/\/egrocoffee.com\/en\/wp-content\/uploads\/sites\/3\/2023\/10\/coffee-system-egro-rancilio.jpg\" class=\"elementor-element elementor-element-a2a15b8 e-flex e-con-boxed e-con e-parent\" data-id=\"a2a15b8\" data-element_type=\"container\" data-e-type=\"container\" id=\"hero-banner\" data-settings=\"{&quot;background_background&quot;:&quot;classic&quot;}\">\n\t\t\t\t\t<div class=\"e-con-inner\">\n\t\t<div class=\"elementor-element elementor-element-fef2368 e-con-full e-flex e-con e-child\" data-id=\"fef2368\" data-element_type=\"container\" data-e-type=\"container\">\n\t\t\t\t<div data-dce-title-color=\"#FFFFFF\" class=\"elementor-element elementor-element-51815f6c elementor-widget elementor-widget-heading\" data-id=\"51815f6c\" data-element_type=\"widget\" data-e-type=\"widget\" data-widget_type=\"heading.default\">\n\t\t\t\t<div class=\"elementor-widget-container\">\n\t\t\t\t\t<h1 class=\"elementor-heading-title elementor-size-default\">Technologie du caf\u00e9\n<\/h1>\t\t\t\t<\/div>\n\t\t\t\t<\/div>\n\t\t\t\t<div data-dce-text-color=\"#FFFFFF\" class=\"elementor-element elementor-element-2d82fc8 elementor-widget-mobile__width-initial detailshow animated-fast elementor-invisible elementor-widget elementor-widget-text-editor\" data-id=\"2d82fc8\" data-element_type=\"widget\" data-e-type=\"widget\" data-settings=\"{&quot;motion_fx_motion_fx_mouse&quot;:&quot;yes&quot;,&quot;_animation&quot;:&quot;fadeInUp&quot;}\" data-widget_type=\"text-editor.default\">\n\t\t\t\t<div class=\"elementor-widget-container\">\n\t\t\t\t\t\t\t\t\t<p>Les machines \u00e0 caf\u00e9 super-automatiques Egro sont con\u00e7ues pour offrir les technologies les plus avanc\u00e9es en mati\u00e8re d&rsquo;extraction du caf\u00e9 ainsi que tout l&rsquo;art et le professionnalisme du barista \u00e0 port\u00e9e de clic.<\/p>\t\t\t\t\t\t\t\t<\/div>\n\t\t\t\t<\/div>\n\t\t\t\t<\/div>\n\t\t\t\t\t<\/div>\n\t\t\t\t<\/div>\n\t\t<div data-dce-background-color=\"#FFFFFF\" class=\"elementor-element elementor-element-4251b4bf e-con-full e-flex e-con e-parent\" data-id=\"4251b4bf\" data-element_type=\"container\" data-e-type=\"container\" data-settings=\"{&quot;background_background&quot;:&quot;classic&quot;}\">\n\t\t<div class=\"elementor-element elementor-element-7992e54d e-con-full e-flex e-con e-child\" data-id=\"7992e54d\" data-element_type=\"container\" data-e-type=\"container\">\n\t\t<div class=\"elementor-element elementor-element-d1e2166 e-con-full e-flex e-con e-child\" data-id=\"d1e2166\" data-element_type=\"container\" data-e-type=\"container\">\n\t\t\t\t<div data-dce-title-color=\"#282727\" class=\"elementor-element elementor-element-a363fad elementor-widget elementor-widget-heading\" data-id=\"a363fad\" data-element_type=\"widget\" data-e-type=\"widget\" data-widget_type=\"heading.default\">\n\t\t\t\t<div class=\"elementor-widget-container\">\n\t\t\t\t\t<h2 class=\"elementor-heading-title elementor-size-default\">Du grain de caf\u00e9 \u00e0 la tasse, la qualit\u00e9 est toujours \u00e0 port\u00e9e de main.\n<\/h2>\t\t\t\t<\/div>\n\t\t\t\t<\/div>\n\t\t\t\t<div data-dce-text-color=\"#282727\" class=\"elementor-element elementor-element-2371555 elementor-widget elementor-widget-text-editor\" data-id=\"2371555\" data-element_type=\"widget\" data-e-type=\"widget\" data-widget_type=\"text-editor.default\">\n\t\t\t\t<div class=\"elementor-widget-container\">\n\t\t\t\t\t\t\t\t\t<p>Les machines \u00e0 caf\u00e9 super-automatiques Egro prennent soin des grains de caf\u00e9 \u00e0 toutes les \u00e9tapes de la pr\u00e9paration, de la mouture \u00e0 la temp\u00e9rature de l&rsquo;eau d&rsquo;extraction. Nos technologies transforment l&rsquo;art du barista en un processus automatique qui garantit le go\u00fbt, la fra\u00eecheur et la plus grande r\u00e9p\u00e9tabilit\u00e9.<\/p>\t\t\t\t\t\t\t\t<\/div>\n\t\t\t\t<\/div>\n\t\t\t\t<\/div>\n\t\t<div class=\"elementor-element elementor-element-7d5d9bda e-con-full e-flex e-con e-child\" data-id=\"7d5d9bda\" data-element_type=\"container\" data-e-type=\"container\">\n\t\t\t\t<div data-dce-title-color=\"#282727\" class=\"elementor-element elementor-element-7be3e24 elementor-widget elementor-widget-heading\" data-id=\"7be3e24\" data-element_type=\"widget\" data-e-type=\"widget\" data-widget_type=\"heading.default\">\n\t\t\t\t<div class=\"elementor-widget-container\">\n\t\t\t\t\t<h2 class=\"elementor-heading-title elementor-size-default\">Mouture intelligente\n<\/h2>\t\t\t\t<\/div>\n\t\t\t\t<\/div>\n\t\t\t\t<div data-dce-text-color=\"#282727\" class=\"elementor-element elementor-element-aebb7a1 elementor-widget elementor-widget-text-editor\" data-id=\"aebb7a1\" data-element_type=\"widget\" data-e-type=\"widget\" data-widget_type=\"text-editor.default\">\n\t\t\t\t<div class=\"elementor-widget-container\">\n\t\t\t\t\t\t\t\t\t<p>La mouture auto-r\u00e9glable (SAG) est le syst\u00e8me de mouture intelligent capable de corriger en temps r\u00e9el les \u00e9ventuels changements de qualit\u00e9 du caf\u00e9, ce qui garantit une excellente mouture et une distribution constante, tasse apr\u00e8s tasse.<\/p>\t\t\t\t\t\t\t\t<\/div>\n\t\t\t\t<\/div>\n\t\t\t\t<\/div>\n\t\t<div class=\"elementor-element elementor-element-0e092eb e-con-full e-flex e-con e-child\" data-id=\"0e092eb\" data-element_type=\"container\" data-e-type=\"container\">\n\t\t\t\t<div data-dce-title-color=\"#282727\" class=\"elementor-element elementor-element-152bd2f elementor-widget elementor-widget-heading\" data-id=\"152bd2f\" data-element_type=\"widget\" data-e-type=\"widget\" data-widget_type=\"heading.default\">\n\t\t\t\t<div class=\"elementor-widget-container\">\n\t\t\t\t\t<h2 class=\"elementor-heading-title elementor-size-default\">Contr\u00f4le total de tous les param\u00e8tres d'extraction du caf\u00e9\n<\/h2>\t\t\t\t<\/div>\n\t\t\t\t<\/div>\n\t\t\t\t<div data-dce-text-color=\"#282727\" class=\"elementor-element elementor-element-709e9cd elementor-widget elementor-widget-text-editor\" data-id=\"709e9cd\" data-element_type=\"widget\" data-e-type=\"widget\" data-widget_type=\"text-editor.default\">\n\t\t\t\t<div class=\"elementor-widget-container\">\n\t\t\t\t\t\t\t\t\t<p>Personnalisez vos recettes de caf\u00e9 depuis l&rsquo;interface et mettez \u00e0 jour votre menu de caf\u00e9s \u00e0 tout moment. Une simple pression suffit pour choisir les ingr\u00e9dients, r\u00e9gler les doses et le degr\u00e9 de mouture, choisir le niveau de pression et activer la pr\u00e9-infusion.<\/p>\t\t\t\t\t\t\t\t<\/div>\n\t\t\t\t<\/div>\n\t\t\t\t<\/div>\n\t\t<div class=\"elementor-element elementor-element-e5efbb3 e-con-full e-flex e-con e-child\" data-id=\"e5efbb3\" data-element_type=\"container\" data-e-type=\"container\">\n\t\t\t\t<div data-dce-title-color=\"#282727\" class=\"elementor-element elementor-element-c92619a elementor-widget elementor-widget-heading\" data-id=\"c92619a\" data-element_type=\"widget\" data-e-type=\"widget\" data-widget_type=\"heading.default\">\n\t\t\t\t<div class=\"elementor-widget-container\">\n\t\t\t\t\t<h2 class=\"elementor-heading-title elementor-size-default\">Technologie double chaudi\u00e8re\n<\/h2>\t\t\t\t<\/div>\n\t\t\t\t<\/div>\n\t\t\t\t<div data-dce-text-color=\"#282727\" class=\"elementor-element elementor-element-e848813 elementor-widget elementor-widget-text-editor\" data-id=\"e848813\" data-element_type=\"widget\" data-e-type=\"widget\" data-widget_type=\"text-editor.default\">\n\t\t\t\t<div class=\"elementor-widget-container\">\n\t\t\t\t\t\t\t\t\t<p>Deux chaudi\u00e8res ind\u00e9pendantes pour la pr\u00e9paration du caf\u00e9 et la distribution de la vapeur avec la possibilit\u00e9 de r\u00e9gler diff\u00e9rentes temp\u00e9ratures afin de toujours obtenir ce qu&rsquo;il y a de mieux, que ce soit pour la distribution de la vapeur ou l&rsquo;extraction du caf\u00e9.<\/p>\t\t\t\t\t\t\t\t<\/div>\n\t\t\t\t<\/div>\n\t\t\t\t<\/div>\n\t\t<div class=\"elementor-element elementor-element-527bf4e e-con-full e-flex e-con e-child\" data-id=\"527bf4e\" data-element_type=\"container\" data-e-type=\"container\">\n\t\t\t\t<div data-dce-title-color=\"#282727\" class=\"elementor-element elementor-element-cbed017 elementor-widget elementor-widget-heading\" data-id=\"cbed017\" data-element_type=\"widget\" data-e-type=\"widget\" data-widget_type=\"heading.default\">\n\t\t\t\t<div class=\"elementor-widget-container\">\n\t\t\t\t\t<h2 class=\"elementor-heading-title elementor-size-default\">Pi\u00e8ces de longue dur\u00e9e et mat\u00e9riaux de haute qualit\u00e9\n<\/h2>\t\t\t\t<\/div>\n\t\t\t\t<\/div>\n\t\t\t\t<div data-dce-text-color=\"#282727\" class=\"elementor-element elementor-element-fd96b6c elementor-widget elementor-widget-text-editor\" data-id=\"fd96b6c\" data-element_type=\"widget\" data-e-type=\"widget\" data-widget_type=\"text-editor.default\">\n\t\t\t\t<div class=\"elementor-widget-container\">\n\t\t\t\t\t\t\t\t\t<p>Le groupe d\u2019infusion en acier inoxydable garantit des performances \u00e9lev\u00e9es et une fiabilit\u00e9 maximale. Il est disponible avec des chambres de distribution de diff\u00e9rentes capacit\u00e9s pour pr\u00e9parer une grande vari\u00e9t\u00e9 de recettes de caf\u00e9. La fermeture herm\u00e9tique Dura Brew r\u00e9duit l&rsquo;entretien de routine du groupe d\u2019infusion et les co\u00fbts d&rsquo;utilisation en g\u00e9n\u00e9ral de la machine.<\/p>\t\t\t\t\t\t\t\t<\/div>\n\t\t\t\t<\/div>\n\t\t\t\t<\/div>\n\t\t<div class=\"elementor-element elementor-element-f289d2f e-con-full e-flex e-con e-child\" data-id=\"f289d2f\" data-element_type=\"container\" data-e-type=\"container\">\n\t\t\t\t<div data-dce-title-color=\"#282727\" class=\"elementor-element elementor-element-3a1f8f7 elementor-widget elementor-widget-heading\" data-id=\"3a1f8f7\" data-element_type=\"widget\" data-e-type=\"widget\" data-widget_type=\"heading.default\">\n\t\t\t\t<div class=\"elementor-widget-container\">\n\t\t\t\t\t<h2 class=\"elementor-heading-title elementor-size-default\">Fra\u00eecheur et vari\u00e9t\u00e9 pour votre menu de caf\u00e9s\n<\/h2>\t\t\t\t<\/div>\n\t\t\t\t<\/div>\n\t\t\t\t<div data-dce-text-color=\"#282727\" class=\"elementor-element elementor-element-8546449 elementor-widget elementor-widget-text-editor\" data-id=\"8546449\" data-element_type=\"widget\" data-e-type=\"widget\" data-widget_type=\"text-editor.default\">\n\t\t\t\t<div class=\"elementor-widget-container\">\n\t\t\t\t\t\t\t\t\t<p>Travaillez simultan\u00e9ment avec diff\u00e9rents types de grains de caf\u00e9 et de produits instantan\u00e9s pour cr\u00e9er un menu de caf\u00e9s riche et vari\u00e9. Toutes les bacs des super-automatiques Egro peuvent \u00eatre retir\u00e9s et sont munis de verrouillages.<\/p>\t\t\t\t\t\t\t\t<\/div>\n\t\t\t\t<\/div>\n\t\t\t\t<\/div>\n\t\t\t\t<\/div>\n\t\t\t\t<\/div>\n\t\t<div data-dce-background-color=\"#282727\" class=\"elementor-element elementor-element-7dd5c565 e-flex e-con-boxed e-con e-parent\" data-id=\"7dd5c565\" data-element_type=\"container\" data-e-type=\"container\" data-settings=\"{&quot;background_background&quot;:&quot;classic&quot;}\">\n\t\t\t\t\t<div class=\"e-con-inner\">\n\t\t<div class=\"elementor-element elementor-element-793d10a6 e-con-full e-flex e-con e-child\" data-id=\"793d10a6\" data-element_type=\"container\" data-e-type=\"container\">\n\t\t\t\t<div data-dce-title-color=\"#FFFFFF\" class=\"elementor-element elementor-element-359bd908 elementor-widget-mobile__width-initial h2-custom-header elementor-widget elementor-widget-heading\" data-id=\"359bd908\" data-element_type=\"widget\" data-e-type=\"widget\" data-widget_type=\"heading.default\">\n\t\t\t\t<div class=\"elementor-widget-container\">\n\t\t\t\t\t<h2 class=\"elementor-heading-title elementor-size-default\">NOUS SOMMES ICI POUR VOUS AIDER<\/h2>\t\t\t\t<\/div>\n\t\t\t\t<\/div>\n\t\t\t\t<div data-dce-background-color=\"#E2444C\" class=\"elementor-element elementor-element-7fdf1254 elementor-align-justify elementor-widget__width-initial elementor-widget elementor-widget-button\" data-id=\"7fdf1254\" data-element_type=\"widget\" data-e-type=\"widget\" data-widget_type=\"button.default\">\n\t\t\t\t<div class=\"elementor-widget-container\">\n\t\t\t\t\t\t\t\t\t<div class=\"elementor-button-wrapper\">\n\t\t\t\t\t<a class=\"elementor-button elementor-button-link elementor-size-sm\" href=\"https:\/\/contact-us.egrocoffee.com\/fr-fr\/egro\/contact-us\/\" target=\"_blank\">\n\t\t\t\t\t\t<span class=\"elementor-button-content-wrapper\">\n\t\t\t\t\t\t\t\t\t<span class=\"elementor-button-text\">Contact Us<\/span>\n\t\t\t\t\t<\/span>\n\t\t\t\t\t<\/a>\n\t\t\t\t<\/div>\n\t\t\t\t\t\t\t\t<\/div>\n\t\t\t\t<\/div>\n\t\t\t\t<\/div>\n\t\t<div class=\"elementor-element elementor-element-71219c4b e-con-full elementor-hidden-tablet elementor-hidden-mobile e-flex e-con e-child\" data-id=\"71219c4b\" data-element_type=\"container\" data-e-type=\"container\">\n\t\t\t\t<\/div>\n\t\t\t\t\t<\/div>\n\t\t\t\t<\/div>\n\t\t\t\t<\/div>\n\t\t","protected":false},"excerpt":{"rendered":"<p>Technologie du caf\u00e9 Les machines \u00e0 caf\u00e9 super-automatiques Egro sont con\u00e7ues pour offrir les technologies les plus avanc\u00e9es en mati\u00e8re d&rsquo;extraction du caf\u00e9 ainsi que tout l&rsquo;art et le professionnalisme du barista \u00e0 port\u00e9e de clic. Du grain de caf\u00e9 \u00e0 la tasse, la qualit\u00e9 est toujours \u00e0 port\u00e9e de main. Les machines \u00e0 caf\u00e9 [&hellip;]<\/p>\n","protected":false},"author":1,"featured_media":0,"parent":70296,"menu_order":0,"comment_status":"closed","ping_status":"closed","template":"","meta":{"_acf_changed":false,"footnotes":""},"class_list":["post-70558","page","type-page","status-publish","hentry"],"acf":[],"_links":{"self":[{"href":"https:\/\/egrocoffee.com\/fr\/wp-json\/wp\/v2\/pages\/70558","targetHints":{"allow":["GET"]}}],"collection":[{"href":"https:\/\/egrocoffee.com\/fr\/wp-json\/wp\/v2\/pages"}],"about":[{"href":"https:\/\/egrocoffee.com\/fr\/wp-json\/wp\/v2\/types\/page"}],"author":[{"embeddable":true,"href":"https:\/\/egrocoffee.com\/fr\/wp-json\/wp\/v2\/users\/1"}],"replies":[{"embeddable":true,"href":"https:\/\/egrocoffee.com\/fr\/wp-json\/wp\/v2\/comments?post=70558"}],"version-history":[{"count":3,"href":"https:\/\/egrocoffee.com\/fr\/wp-json\/wp\/v2\/pages\/70558\/revisions"}],"predecessor-version":[{"id":80881,"href":"https:\/\/egrocoffee.com\/fr\/wp-json\/wp\/v2\/pages\/70558\/revisions\/80881"}],"up":[{"embeddable":true,"href":"https:\/\/egrocoffee.com\/fr\/wp-json\/wp\/v2\/pages\/70296"}],"wp:attachment":[{"href":"https:\/\/egrocoffee.com\/fr\/wp-json\/wp\/v2\/media?parent=70558"}],"curies":[{"name":"wp","href":"https:\/\/api.w.org\/{rel}","templated":true}]}}