{"id":70296,"date":"2023-08-16T12:32:24","date_gmt":"2023-08-16T10:32:24","guid":{"rendered":"https:\/\/staging.egrocoffee.com\/en\/?page_id=70296"},"modified":"2025-12-19T12:19:52","modified_gmt":"2025-12-19T11:19:52","slug":"technologie-et-innovation","status":"publish","type":"page","link":"https:\/\/egrocoffee.com\/fr\/qui-nous-sommes\/technologie-et-innovation\/","title":{"rendered":"Technology &amp; Innovation"},"content":{"rendered":"\t\t<div data-elementor-type=\"wp-page\" data-elementor-id=\"70296\" class=\"elementor elementor-70296\" data-elementor-post-type=\"page\">\n\t\t\t\t<div data-dce-background-overlay-hover-color=\"#000000\" data-dce-background-image-url=\"https:\/\/egrocoffee.com\/en\/wp-content\/uploads\/sites\/3\/2023\/10\/technology-egro-rancilio.jpg\" class=\"elementor-element elementor-element-9c0ba0d e-flex e-con-boxed e-con e-parent\" data-id=\"9c0ba0d\" data-element_type=\"container\" data-e-type=\"container\" id=\"hero-banner\" data-settings=\"{&quot;background_background&quot;:&quot;classic&quot;}\">\n\t\t\t\t\t<div class=\"e-con-inner\">\n\t\t<div class=\"elementor-element elementor-element-8888941 e-con-full e-flex e-con e-child\" data-id=\"8888941\" data-element_type=\"container\" data-e-type=\"container\">\n\t\t\t\t<div data-dce-title-color=\"#FFFFFF\" class=\"elementor-element elementor-element-35d2e64 elementor-widget elementor-widget-heading\" data-id=\"35d2e64\" data-element_type=\"widget\" data-e-type=\"widget\" data-widget_type=\"heading.default\">\n\t\t\t\t<div class=\"elementor-widget-container\">\n\t\t\t\t\t<h1 class=\"elementor-heading-title elementor-size-default\">Technologie\net innovation<\/h1>\t\t\t\t<\/div>\n\t\t\t\t<\/div>\n\t\t\t\t<div data-dce-text-color=\"#FFFFFF\" class=\"elementor-element elementor-element-a1225c3 animated-fast detailshow elementor-invisible elementor-widget elementor-widget-text-editor\" data-id=\"a1225c3\" data-element_type=\"widget\" data-e-type=\"widget\" data-settings=\"{&quot;_animation&quot;:&quot;fadeInUp&quot;}\" data-widget_type=\"text-editor.default\">\n\t\t\t\t<div class=\"elementor-widget-container\">\n\t\t\t\t\t\t\t\t\t<p>Nous d\u00e9veloppons des machines \u00e0 caf\u00e9 avanc\u00e9es totalement automatiques, fiables, intuitives et faciles \u00e0 utiliser, dans le but d&rsquo;offrir la meilleure qualit\u00e9 et la meilleure innovation pour votre service de caf\u00e9. De l&rsquo;extraction du caf\u00e9 \u00e0 la pr\u00e9paration du lait en passant par les services en bloc, d\u00e9couvrez comment nous r\u00e9volutionnons le monde des machines \u00e0 caf\u00e9 super-automatiques.<\/p>\t\t\t\t\t\t\t\t<\/div>\n\t\t\t\t<\/div>\n\t\t\t\t<\/div>\n\t\t<div class=\"elementor-element elementor-element-19e6991 e-con-full e-flex e-con e-child\" data-id=\"19e6991\" data-element_type=\"container\" data-e-type=\"container\">\n\t\t<div class=\"elementor-element elementor-element-ac9c822 e-flex e-con-boxed e-con e-child\" data-id=\"ac9c822\" data-element_type=\"container\" data-e-type=\"container\">\n\t\t\t\t\t<div class=\"e-con-inner\">\n\t\t\t\t<div class=\"elementor-element elementor-element-f9d50a9 elementor-widget elementor-widget-image\" data-id=\"f9d50a9\" data-element_type=\"widget\" data-e-type=\"widget\" data-widget_type=\"image.default\">\n\t\t\t\t<div class=\"elementor-widget-container\">\n\t\t\t\t\t\t\t\t\t\t\t\t\t\t\t\t<a href=\"#start\">\n\t\t\t\t\t\t\t<img decoding=\"async\" width=\"17\" height=\"6\" src=\"https:\/\/egrocoffee.com\/wp-content\/uploads\/2023\/08\/egro_down.png\" class=\"attachment-large size-large wp-image-914\" alt=\"\" \/>\t\t\t\t\t\t\t\t<\/a>\n\t\t\t\t\t\t\t\t\t\t\t\t\t\t\t<\/div>\n\t\t\t\t<\/div>\n\t\t\t\t\t<\/div>\n\t\t\t\t<\/div>\n\t\t\t\t<\/div>\n\t\t\t\t\t<\/div>\n\t\t\t\t<\/div>\n\t\t<div class=\"elementor-element elementor-element-f9de117 e-con-full e-flex e-con e-parent\" data-id=\"f9de117\" data-element_type=\"container\" data-e-type=\"container\" id=\"start\">\n\t\t<div class=\"elementor-element elementor-element-fc6afca e-con-full e-flex e-con e-child\" data-id=\"fc6afca\" data-element_type=\"container\" data-e-type=\"container\">\n\t\t<div data-dce-background-color=\"#E2444C\" class=\"elementor-element elementor-element-eac431d e-con-full e-flex e-con e-child\" data-id=\"eac431d\" data-element_type=\"container\" data-e-type=\"container\" data-settings=\"{&quot;background_background&quot;:&quot;classic&quot;}\">\n\t\t<div class=\"elementor-element elementor-element-65e806e e-con-full e-flex e-con e-child\" data-id=\"65e806e\" data-element_type=\"container\" data-e-type=\"container\">\n\t\t\t\t<div data-dce-title-color=\"#FFFFFF\" class=\"elementor-element elementor-element-52be43b elementor-widget-mobile__width-initial h2-custom-header-sub-page elementor-widget elementor-widget-heading\" data-id=\"52be43b\" data-element_type=\"widget\" data-e-type=\"widget\" data-widget_type=\"heading.default\">\n\t\t\t\t<div class=\"elementor-widget-container\">\n\t\t\t\t\t<h2 class=\"elementor-heading-title elementor-size-default\">Syst\u00e8mes de machine \u00e0 caf\u00e9\n<\/h2>\t\t\t\t<\/div>\n\t\t\t\t<\/div>\n\t\t\t\t<div data-dce-text-color=\"#FFFFFF\" class=\"elementor-element elementor-element-c25f5de elementor-widget__width-initial elementor-widget-tablet__width-initial elementor-widget elementor-widget-text-editor\" data-id=\"c25f5de\" data-element_type=\"widget\" data-e-type=\"widget\" data-widget_type=\"text-editor.default\">\n\t\t\t\t<div class=\"elementor-widget-container\">\n\t\t\t\t\t\t\t\t\t<p>De l&rsquo;analyse des grains \u00e0 l&rsquo;\u00e9tude de chaque phase du processus d&rsquo;extraction, nos recherches sur le caf\u00e9 guident le d\u00e9veloppement de toutes les technologies que nous concevons pour nos machines \u00e0 caf\u00e9.<\/p>\t\t\t\t\t\t\t\t<\/div>\n\t\t\t\t<\/div>\n\t\t\t\t<div data-dce-background-color=\"#FFFFFF\" class=\"elementor-element elementor-element-658a49e elementor-align-justify elementor-widget__width-initial elementor-widget-mobile__width-initial elementor-widget elementor-widget-button\" data-id=\"658a49e\" data-element_type=\"widget\" data-e-type=\"widget\" data-widget_type=\"button.default\">\n\t\t\t\t<div class=\"elementor-widget-container\">\n\t\t\t\t\t\t\t\t\t<div class=\"elementor-button-wrapper\">\n\t\t\t\t\t<a class=\"elementor-button elementor-button-link elementor-size-sm\" href=\"https:\/\/egrocoffee.com\/fr\/qui-nous-sommes\/technologie-et-innovation\/technologie-du-cafe\/\">\n\t\t\t\t\t\t<span class=\"elementor-button-content-wrapper\">\n\t\t\t\t\t\t\t\t\t<span class=\"elementor-button-text\">Pour en savoir plus<\/span>\n\t\t\t\t\t<\/span>\n\t\t\t\t\t<\/a>\n\t\t\t\t<\/div>\n\t\t\t\t\t\t\t\t<\/div>\n\t\t\t\t<\/div>\n\t\t\t\t<\/div>\n\t\t\t\t<\/div>\n\t\t<div data-dce-background-image-url=\"https:\/\/egrocoffee.com\/en\/wp-content\/uploads\/sites\/3\/2023\/10\/coffee-system-egro-rancilio.jpg\" class=\"elementor-element elementor-element-d9a32ef e-con-full elementor-hidden-mobile e-flex e-con e-child\" data-id=\"d9a32ef\" data-element_type=\"container\" data-e-type=\"container\" data-settings=\"{&quot;background_background&quot;:&quot;classic&quot;}\">\n\t\t\t\t<\/div>\n\t\t\t\t<\/div>\n\t\t\t\t<\/div>\n\t\t<div data-dce-background-color=\"#FFFFFF\" class=\"elementor-element elementor-element-5ce8bce e-con-full e-flex e-con e-parent\" data-id=\"5ce8bce\" data-element_type=\"container\" data-e-type=\"container\" data-settings=\"{&quot;background_background&quot;:&quot;classic&quot;}\">\n\t\t<div data-dce-background-image-url=\"https:\/\/egrocoffee.com\/en\/wp-content\/uploads\/sites\/3\/2023\/08\/Mask-Group-301@2x-1.png\" data-dce-background-overlay-image-url=\"https:\/\/egrocoffee.com\/en\/wp-content\/uploads\/sites\/3\/2023\/08\/Path-354@2x.png\" class=\"elementor-element elementor-element-1076e4ea e-con-full e-flex e-con e-child\" data-id=\"1076e4ea\" data-element_type=\"container\" data-e-type=\"container\" data-settings=\"{&quot;background_background&quot;:&quot;classic&quot;}\">\n\t\t<div class=\"elementor-element elementor-element-072268e e-con-full e-flex e-con e-child\" data-id=\"072268e\" data-element_type=\"container\" data-e-type=\"container\">\n\t\t\t\t<\/div>\n\t\t<div class=\"elementor-element elementor-element-18de6f3 e-con-full e-flex e-con e-child\" data-id=\"18de6f3\" data-element_type=\"container\" data-e-type=\"container\">\n\t\t\t\t<div data-dce-title-color=\"#FFFFFF\" class=\"elementor-element elementor-element-29b0994 elementor-widget-mobile__width-initial h2-custom-header-sub-page elementor-widget elementor-widget-heading\" data-id=\"29b0994\" data-element_type=\"widget\" data-e-type=\"widget\" data-widget_type=\"heading.default\">\n\t\t\t\t<div class=\"elementor-widget-container\">\n\t\t\t\t\t<h2 class=\"elementor-heading-title elementor-size-default\">SYST\u00c8MES POUR LE LAIT<\/h2>\t\t\t\t<\/div>\n\t\t\t\t<\/div>\n\t\t\t\t<div data-dce-text-color=\"#FFFFFF\" class=\"elementor-element elementor-element-9a40c3a elementor-widget__width-initial elementor-widget-tablet__width-initial elementor-widget elementor-widget-text-editor\" data-id=\"9a40c3a\" data-element_type=\"widget\" data-e-type=\"widget\" data-widget_type=\"text-editor.default\">\n\t\t\t\t<div class=\"elementor-widget-container\">\n\t\t\t\t\t\t\t\t\t<p>Nous avons d\u00e9velopp\u00e9 4 syst\u00e8mes diff\u00e9rents pour la pr\u00e9paration automatique de boissons au lait frais. Choisissez le syst\u00e8me de lait qui r\u00e9pond \u00e0 vos besoins.<\/p>\t\t\t\t\t\t\t\t<\/div>\n\t\t\t\t<\/div>\n\t\t\t\t<div data-dce-background-color=\"#E2444C\" class=\"elementor-element elementor-element-2f8de0a0 elementor-align-justify elementor-widget__width-initial elementor-widget elementor-widget-button\" data-id=\"2f8de0a0\" data-element_type=\"widget\" data-e-type=\"widget\" data-widget_type=\"button.default\">\n\t\t\t\t<div class=\"elementor-widget-container\">\n\t\t\t\t\t\t\t\t\t<div class=\"elementor-button-wrapper\">\n\t\t\t\t\t<a class=\"elementor-button elementor-button-link elementor-size-sm\" href=\"https:\/\/egrocoffee.com\/fr\/qui-nous-sommes\/technologie-et-innovation\/systemes-pour-le-lait\/\">\n\t\t\t\t\t\t<span class=\"elementor-button-content-wrapper\">\n\t\t\t\t\t\t\t\t\t<span class=\"elementor-button-text\">Pour en savoir plus<\/span>\n\t\t\t\t\t<\/span>\n\t\t\t\t\t<\/a>\n\t\t\t\t<\/div>\n\t\t\t\t\t\t\t\t<\/div>\n\t\t\t\t<\/div>\n\t\t\t\t<\/div>\n\t\t\t\t<\/div>\n\t\t\t\t<\/div>\n\t\t<div class=\"elementor-element elementor-element-b50b230 e-con-full e-flex e-con e-parent\" data-id=\"b50b230\" data-element_type=\"container\" data-e-type=\"container\">\n\t\t<div class=\"elementor-element elementor-element-5712ec1 e-con-full e-flex e-con e-child\" data-id=\"5712ec1\" data-element_type=\"container\" data-e-type=\"container\">\n\t\t<div data-dce-background-color=\"#282727\" class=\"elementor-element elementor-element-1472d77 e-con-full e-flex e-con e-child\" data-id=\"1472d77\" data-element_type=\"container\" data-e-type=\"container\" data-settings=\"{&quot;background_background&quot;:&quot;classic&quot;}\">\n\t\t<div class=\"elementor-element elementor-element-5b2d330 e-con-full e-flex e-con e-child\" data-id=\"5b2d330\" data-element_type=\"container\" data-e-type=\"container\">\n\t\t\t\t<div data-dce-title-color=\"#FFFFFF\" class=\"elementor-element elementor-element-05bf39d elementor-widget-mobile__width-initial h2-custom-header-sub-page elementor-widget elementor-widget-heading\" data-id=\"05bf39d\" data-element_type=\"widget\" data-e-type=\"widget\" data-widget_type=\"heading.default\">\n\t\t\t\t<div class=\"elementor-widget-container\">\n\t\t\t\t\t<h2 class=\"elementor-heading-title elementor-size-default\">CONNECT<\/h2>\t\t\t\t<\/div>\n\t\t\t\t<\/div>\n\t\t\t\t<div data-dce-text-color=\"#FFFFFF\" class=\"elementor-element elementor-element-b25fa9d elementor-widget__width-initial elementor-widget-tablet__width-initial elementor-widget elementor-widget-text-editor\" data-id=\"b25fa9d\" data-element_type=\"widget\" data-e-type=\"widget\" data-widget_type=\"text-editor.default\">\n\t\t\t\t<div class=\"elementor-widget-container\">\n\t\t\t\t\t\t\t\t\t<p>Choisissez notre syst\u00e8me de t\u00e9l\u00e9m\u00e9trie et transformez votre parc de machines en un r\u00e9seau interconnect\u00e9 de machines \u00e0 caf\u00e9.<\/p>\t\t\t\t\t\t\t\t<\/div>\n\t\t\t\t<\/div>\n\t\t\t\t<div data-dce-background-color=\"#E2444C\" class=\"elementor-element elementor-element-1450342 elementor-align-justify elementor-widget__width-initial elementor-widget elementor-widget-button\" data-id=\"1450342\" data-element_type=\"widget\" data-e-type=\"widget\" data-widget_type=\"button.default\">\n\t\t\t\t<div class=\"elementor-widget-container\">\n\t\t\t\t\t\t\t\t\t<div class=\"elementor-button-wrapper\">\n\t\t\t\t\t<a class=\"elementor-button elementor-button-link elementor-size-sm\" href=\"https:\/\/egrocoffee.com\/fr\/qui-nous-sommes\/technologie-et-innovation\/connect\/\">\n\t\t\t\t\t\t<span class=\"elementor-button-content-wrapper\">\n\t\t\t\t\t\t\t\t\t<span class=\"elementor-button-text\">Pour en savoir plus<\/span>\n\t\t\t\t\t<\/span>\n\t\t\t\t\t<\/a>\n\t\t\t\t<\/div>\n\t\t\t\t\t\t\t\t<\/div>\n\t\t\t\t<\/div>\n\t\t\t\t<\/div>\n\t\t\t\t<\/div>\n\t\t<div data-dce-background-image-url=\"https:\/\/egrocoffee.com\/en\/wp-content\/uploads\/sites\/3\/2023\/08\/Mask-Group-302.png\" class=\"elementor-element elementor-element-fe33659 e-con-full e-flex e-con e-child\" data-id=\"fe33659\" data-element_type=\"container\" data-e-type=\"container\" data-settings=\"{&quot;background_background&quot;:&quot;classic&quot;}\">\n\t\t\t\t<div class=\"elementor-element elementor-element-6fed47c elementor-absolute elementor-widget elementor-widget-image\" data-id=\"6fed47c\" data-element_type=\"widget\" data-e-type=\"widget\" data-settings=\"{&quot;_position&quot;:&quot;absolute&quot;}\" data-widget_type=\"image.default\">\n\t\t\t\t<div class=\"elementor-widget-container\">\n\t\t\t\t\t\t\t\t\t\t\t\t\t\t\t<img fetchpriority=\"high\" decoding=\"async\" width=\"554\" height=\"136\" src=\"https:\/\/egrocoffee.com\/wp-content\/uploads\/2023\/08\/Image-6@2x.png\" class=\"attachment-large size-large wp-image-70315\" alt=\"\" srcset=\"https:\/\/egrocoffee.com\/wp-content\/uploads\/2023\/08\/Image-6@2x.png 554w, https:\/\/egrocoffee.com\/wp-content\/uploads\/2023\/08\/Image-6@2x-300x74.png 300w, https:\/\/egrocoffee.com\/wp-content\/uploads\/2023\/08\/Image-6@2x-18x4.png 18w, https:\/\/egrocoffee.com\/wp-content\/uploads\/2023\/08\/Image-6@2x-15x4.png 15w, https:\/\/egrocoffee.com\/wp-content\/uploads\/2023\/08\/Image-6@2x-26x6.png 26w, https:\/\/egrocoffee.com\/wp-content\/uploads\/2023\/08\/Image-6@2x-38x9.png 38w\" sizes=\"(max-width: 554px) 100vw, 554px\" \/>\t\t\t\t\t\t\t\t\t\t\t\t\t\t\t<\/div>\n\t\t\t\t<\/div>\n\t\t\t\t<\/div>\n\t\t\t\t<\/div>\n\t\t\t\t<\/div>\n\t\t<div data-dce-background-color=\"#FFFFFF\" class=\"elementor-element elementor-element-9e35962 e-con-full e-flex e-con e-parent\" data-id=\"9e35962\" data-element_type=\"container\" data-e-type=\"container\" data-settings=\"{&quot;background_background&quot;:&quot;classic&quot;}\">\n\t\t<div data-dce-background-image-url=\"https:\/\/egrocoffee.com\/en\/wp-content\/uploads\/sites\/3\/2023\/12\/egro-certifications-hero-image-dark-02.jpg\" class=\"elementor-element elementor-element-d932d7c e-con-full e-flex e-con e-child\" data-id=\"d932d7c\" data-element_type=\"container\" data-e-type=\"container\" data-settings=\"{&quot;background_background&quot;:&quot;classic&quot;}\">\n\t\t<div class=\"elementor-element elementor-element-1f40c6b e-con-full e-flex e-con e-child\" data-id=\"1f40c6b\" data-element_type=\"container\" data-e-type=\"container\">\n\t\t\t\t<\/div>\n\t\t<div class=\"elementor-element elementor-element-cfa1b81 e-con-full e-flex e-con e-child\" data-id=\"cfa1b81\" data-element_type=\"container\" data-e-type=\"container\">\n\t\t\t\t<div data-dce-title-color=\"#FFFFFF\" class=\"elementor-element elementor-element-7547374 elementor-widget-mobile__width-initial h2-custom-header-sub-page elementor-widget elementor-widget-heading\" data-id=\"7547374\" data-element_type=\"widget\" data-e-type=\"widget\" data-widget_type=\"heading.default\">\n\t\t\t\t<div class=\"elementor-widget-container\">\n\t\t\t\t\t<h2 class=\"elementor-heading-title elementor-size-default\">Certifications<\/h2>\t\t\t\t<\/div>\n\t\t\t\t<\/div>\n\t\t\t\t<div data-dce-text-color=\"#FFFFFF\" class=\"elementor-element elementor-element-f6dfd29 elementor-widget__width-initial elementor-widget-tablet__width-initial elementor-widget elementor-widget-text-editor\" data-id=\"f6dfd29\" data-element_type=\"widget\" data-e-type=\"widget\" data-widget_type=\"text-editor.default\">\n\t\t\t\t<div class=\"elementor-widget-container\">\n\t\t\t\t\t\t\t\t\t<p>Nos machines \u00e0 caf\u00e9 super-automatiques sont certifi\u00e9es et r\u00e9pondent aux exigences des principales normes internationales en termes de processus, de s\u00e9curit\u00e9, de qualit\u00e9 et d&rsquo;environnement.<\/p>\t\t\t\t\t\t\t\t<\/div>\n\t\t\t\t<\/div>\n\t\t\t\t<div data-dce-background-color=\"#E2444C\" class=\"elementor-element elementor-element-62d5f7c elementor-align-justify elementor-widget__width-initial elementor-widget elementor-widget-button\" data-id=\"62d5f7c\" data-element_type=\"widget\" data-e-type=\"widget\" data-widget_type=\"button.default\">\n\t\t\t\t<div class=\"elementor-widget-container\">\n\t\t\t\t\t\t\t\t\t<div class=\"elementor-button-wrapper\">\n\t\t\t\t\t<a class=\"elementor-button elementor-button-link elementor-size-sm\" href=\"https:\/\/egrocoffee.com\/fr\/qui-nous-sommes\/technologie-et-innovation\/certifications\/\">\n\t\t\t\t\t\t<span class=\"elementor-button-content-wrapper\">\n\t\t\t\t\t\t\t\t\t<span class=\"elementor-button-text\">Pour en savoir plus<\/span>\n\t\t\t\t\t<\/span>\n\t\t\t\t\t<\/a>\n\t\t\t\t<\/div>\n\t\t\t\t\t\t\t\t<\/div>\n\t\t\t\t<\/div>\n\t\t\t\t<\/div>\n\t\t\t\t<\/div>\n\t\t\t\t<\/div>\n\t\t<div data-dce-background-color=\"#282727\" class=\"elementor-element elementor-element-7a628d83 e-flex e-con-boxed e-con e-parent\" data-id=\"7a628d83\" data-element_type=\"container\" data-e-type=\"container\" data-settings=\"{&quot;background_background&quot;:&quot;classic&quot;}\">\n\t\t\t\t\t<div class=\"e-con-inner\">\n\t\t<div class=\"elementor-element elementor-element-72da6e0e e-con-full e-flex e-con e-child\" data-id=\"72da6e0e\" data-element_type=\"container\" data-e-type=\"container\">\n\t\t\t\t<div data-dce-title-color=\"#FFFFFF\" class=\"elementor-element elementor-element-5d3dc05e elementor-widget-mobile__width-initial h2-custom-header elementor-widget elementor-widget-heading\" data-id=\"5d3dc05e\" data-element_type=\"widget\" data-e-type=\"widget\" data-widget_type=\"heading.default\">\n\t\t\t\t<div class=\"elementor-widget-container\">\n\t\t\t\t\t<h2 class=\"elementor-heading-title elementor-size-default\">NOUS SOMMES ICI POUR VOUS AIDER<\/h2>\t\t\t\t<\/div>\n\t\t\t\t<\/div>\n\t\t\t\t<div data-dce-background-color=\"#E2444C\" class=\"elementor-element elementor-element-4feef93e elementor-align-justify elementor-widget__width-initial elementor-widget elementor-widget-button\" data-id=\"4feef93e\" data-element_type=\"widget\" data-e-type=\"widget\" data-widget_type=\"button.default\">\n\t\t\t\t<div class=\"elementor-widget-container\">\n\t\t\t\t\t\t\t\t\t<div class=\"elementor-button-wrapper\">\n\t\t\t\t\t<a class=\"elementor-button elementor-button-link elementor-size-sm\" href=\"https:\/\/contact-us.egrocoffee.com\/fr-fr\/egro\/contact-us\/\" target=\"_blank\">\n\t\t\t\t\t\t<span class=\"elementor-button-content-wrapper\">\n\t\t\t\t\t\t\t\t\t<span class=\"elementor-button-text\">Nous contacter<\/span>\n\t\t\t\t\t<\/span>\n\t\t\t\t\t<\/a>\n\t\t\t\t<\/div>\n\t\t\t\t\t\t\t\t<\/div>\n\t\t\t\t<\/div>\n\t\t\t\t<\/div>\n\t\t<div class=\"elementor-element elementor-element-5e57daf2 e-con-full elementor-hidden-tablet elementor-hidden-mobile e-flex e-con e-child\" data-id=\"5e57daf2\" data-element_type=\"container\" data-e-type=\"container\">\n\t\t\t\t<\/div>\n\t\t\t\t\t<\/div>\n\t\t\t\t<\/div>\n\t\t\t\t<\/div>\n\t\t","protected":false},"excerpt":{"rendered":"<p>Technologie et innovation Nous d\u00e9veloppons des machines \u00e0 caf\u00e9 avanc\u00e9es totalement automatiques, fiables, intuitives et faciles \u00e0 utiliser, dans le but d&rsquo;offrir la meilleure qualit\u00e9 et la meilleure innovation pour votre service de caf\u00e9. De l&rsquo;extraction du caf\u00e9 \u00e0 la pr\u00e9paration du lait en passant par les services en bloc, d\u00e9couvrez comment nous r\u00e9volutionnons le [&hellip;]<\/p>\n","protected":false},"author":1,"featured_media":0,"parent":70425,"menu_order":0,"comment_status":"closed","ping_status":"closed","template":"","meta":{"_acf_changed":false,"footnotes":""},"class_list":["post-70296","page","type-page","status-publish","hentry"],"acf":[],"_links":{"self":[{"href":"https:\/\/egrocoffee.com\/fr\/wp-json\/wp\/v2\/pages\/70296","targetHints":{"allow":["GET"]}}],"collection":[{"href":"https:\/\/egrocoffee.com\/fr\/wp-json\/wp\/v2\/pages"}],"about":[{"href":"https:\/\/egrocoffee.com\/fr\/wp-json\/wp\/v2\/types\/page"}],"author":[{"embeddable":true,"href":"https:\/\/egrocoffee.com\/fr\/wp-json\/wp\/v2\/users\/1"}],"replies":[{"embeddable":true,"href":"https:\/\/egrocoffee.com\/fr\/wp-json\/wp\/v2\/comments?post=70296"}],"version-history":[{"count":3,"href":"https:\/\/egrocoffee.com\/fr\/wp-json\/wp\/v2\/pages\/70296\/revisions"}],"predecessor-version":[{"id":80876,"href":"https:\/\/egrocoffee.com\/fr\/wp-json\/wp\/v2\/pages\/70296\/revisions\/80876"}],"up":[{"embeddable":true,"href":"https:\/\/egrocoffee.com\/fr\/wp-json\/wp\/v2\/pages\/70425"}],"wp:attachment":[{"href":"https:\/\/egrocoffee.com\/fr\/wp-json\/wp\/v2\/media?parent=70296"}],"curies":[{"name":"wp","href":"https:\/\/api.w.org\/{rel}","templated":true}]}}