{"id":70558,"date":"2023-08-18T13:08:29","date_gmt":"2023-08-18T11:08:29","guid":{"rendered":"https:\/\/staging.egrocoffee.com\/en\/?page_id=70558"},"modified":"2025-12-17T12:41:14","modified_gmt":"2025-12-17T11:41:14","slug":"tecnologia-de-cafe","status":"publish","type":"page","link":"https:\/\/egrocoffee.com\/es\/quienes-somos\/tecnologia-innovacion\/tecnologia-de-cafe\/","title":{"rendered":"Coffee Technology"},"content":{"rendered":"\t\t<div data-elementor-type=\"wp-page\" data-elementor-id=\"70558\" class=\"elementor elementor-70558\" data-elementor-post-type=\"page\">\n\t\t\t\t<div data-dce-background-overlay-color=\"#000000\" data-dce-background-overlay-hover-color=\"#030000\" data-dce-background-image-url=\"https:\/\/egrocoffee.com\/en\/wp-content\/uploads\/sites\/3\/2023\/10\/coffee-system-egro-rancilio.jpg\" class=\"elementor-element elementor-element-a2a15b8 e-flex e-con-boxed e-con e-parent\" data-id=\"a2a15b8\" data-element_type=\"container\" data-e-type=\"container\" id=\"hero-banner\" data-settings=\"{&quot;background_background&quot;:&quot;classic&quot;}\">\n\t\t\t\t\t<div class=\"e-con-inner\">\n\t\t<div class=\"elementor-element elementor-element-fef2368 e-con-full e-flex e-con e-child\" data-id=\"fef2368\" data-element_type=\"container\" data-e-type=\"container\">\n\t\t\t\t<div data-dce-title-color=\"#FFFFFF\" class=\"elementor-element elementor-element-51815f6c elementor-widget elementor-widget-heading\" data-id=\"51815f6c\" data-element_type=\"widget\" data-e-type=\"widget\" data-widget_type=\"heading.default\">\n\t\t\t\t<div class=\"elementor-widget-container\">\n\t\t\t\t\t<h1 class=\"elementor-heading-title elementor-size-default\">Tecnolog\u00eda de caf\u00e9<\/h1>\t\t\t\t<\/div>\n\t\t\t\t<\/div>\n\t\t\t\t<div data-dce-text-color=\"#FFFFFF\" class=\"elementor-element elementor-element-2d82fc8 elementor-widget-mobile__width-initial detailshow animated-fast elementor-invisible elementor-widget elementor-widget-text-editor\" data-id=\"2d82fc8\" data-element_type=\"widget\" data-e-type=\"widget\" data-settings=\"{&quot;motion_fx_motion_fx_mouse&quot;:&quot;yes&quot;,&quot;_animation&quot;:&quot;fadeInUp&quot;}\" data-widget_type=\"text-editor.default\">\n\t\t\t\t<div class=\"elementor-widget-container\">\n\t\t\t\t\t\t\t\t\t<p>Las m\u00e1quinas de caf\u00e9 superautom\u00e1ticas Egro est\u00e1n dise\u00f1adas para ofrecer las tecnolog\u00edas m\u00e1s avanzadas en extracci\u00f3n de caf\u00e9 y todo el arte y profesionalidad de un barista a un solo clic.<\/p>\t\t\t\t\t\t\t\t<\/div>\n\t\t\t\t<\/div>\n\t\t\t\t<\/div>\n\t\t\t\t\t<\/div>\n\t\t\t\t<\/div>\n\t\t<div data-dce-background-color=\"#FFFFFF\" class=\"elementor-element elementor-element-4251b4bf e-con-full e-flex e-con e-parent\" data-id=\"4251b4bf\" data-element_type=\"container\" data-e-type=\"container\" data-settings=\"{&quot;background_background&quot;:&quot;classic&quot;}\">\n\t\t<div class=\"elementor-element elementor-element-7992e54d e-con-full e-flex e-con e-child\" data-id=\"7992e54d\" data-element_type=\"container\" data-e-type=\"container\">\n\t\t<div class=\"elementor-element elementor-element-d1e2166 e-con-full e-flex e-con e-child\" data-id=\"d1e2166\" data-element_type=\"container\" data-e-type=\"container\">\n\t\t\t\t<div data-dce-title-color=\"#282727\" class=\"elementor-element elementor-element-a363fad elementor-widget elementor-widget-heading\" data-id=\"a363fad\" data-element_type=\"widget\" data-e-type=\"widget\" data-widget_type=\"heading.default\">\n\t\t\t\t<div class=\"elementor-widget-container\">\n\t\t\t\t\t<h2 class=\"elementor-heading-title elementor-size-default\">Desde el grano de caf\u00e9 hasta la taza, la calidad est\u00e1 siempre al alcance de la mano.<\/h2>\t\t\t\t<\/div>\n\t\t\t\t<\/div>\n\t\t\t\t<div data-dce-text-color=\"#282727\" class=\"elementor-element elementor-element-2371555 elementor-widget elementor-widget-text-editor\" data-id=\"2371555\" data-element_type=\"widget\" data-e-type=\"widget\" data-widget_type=\"text-editor.default\">\n\t\t\t\t<div class=\"elementor-widget-container\">\n\t\t\t\t\t\t\t\t\t<p>Las m\u00e1quinas de caf\u00e9 superautom\u00e1ticas Egro cuidan los granos de caf\u00e9 en todas las fases de preparaci\u00f3n, desde la molienda hasta la temperatura del agua de extracci\u00f3n. Nuestras tecnolog\u00edas transforman el arte del barista en un proceso autom\u00e1tico, garantizando sabor, frescura y la m\u00e1xima repetibilidad.<\/p>\t\t\t\t\t\t\t\t<\/div>\n\t\t\t\t<\/div>\n\t\t\t\t<\/div>\n\t\t<div class=\"elementor-element elementor-element-7d5d9bda e-con-full e-flex e-con e-child\" data-id=\"7d5d9bda\" data-element_type=\"container\" data-e-type=\"container\">\n\t\t\t\t<div data-dce-title-color=\"#282727\" class=\"elementor-element elementor-element-7be3e24 elementor-widget elementor-widget-heading\" data-id=\"7be3e24\" data-element_type=\"widget\" data-e-type=\"widget\" data-widget_type=\"heading.default\">\n\t\t\t\t<div class=\"elementor-widget-container\">\n\t\t\t\t\t<h2 class=\"elementor-heading-title elementor-size-default\">Molienda inteligente<\/h2>\t\t\t\t<\/div>\n\t\t\t\t<\/div>\n\t\t\t\t<div data-dce-text-color=\"#282727\" class=\"elementor-element elementor-element-aebb7a1 elementor-widget elementor-widget-text-editor\" data-id=\"aebb7a1\" data-element_type=\"widget\" data-e-type=\"widget\" data-widget_type=\"text-editor.default\">\n\t\t\t\t<div class=\"elementor-widget-container\">\n\t\t\t\t\t\t\t\t\t<p>La molienda autoajustable (SAG) es el sistema de molienda inteligente capaz de corregir en tiempo real los posibles cambios en la calidad del caf\u00e9, garantizando una molienda excelente y una erogaci\u00f3n constante, taza tras taza.<\/p>\t\t\t\t\t\t\t\t<\/div>\n\t\t\t\t<\/div>\n\t\t\t\t<\/div>\n\t\t<div class=\"elementor-element elementor-element-0e092eb e-con-full e-flex e-con e-child\" data-id=\"0e092eb\" data-element_type=\"container\" data-e-type=\"container\">\n\t\t\t\t<div data-dce-title-color=\"#282727\" class=\"elementor-element elementor-element-152bd2f elementor-widget elementor-widget-heading\" data-id=\"152bd2f\" data-element_type=\"widget\" data-e-type=\"widget\" data-widget_type=\"heading.default\">\n\t\t\t\t<div class=\"elementor-widget-container\">\n\t\t\t\t\t<h2 class=\"elementor-heading-title elementor-size-default\">Control total de todos los par\u00e1metros de extracci\u00f3n del caf\u00e9<\/h2>\t\t\t\t<\/div>\n\t\t\t\t<\/div>\n\t\t\t\t<div data-dce-text-color=\"#282727\" class=\"elementor-element elementor-element-709e9cd elementor-widget elementor-widget-text-editor\" data-id=\"709e9cd\" data-element_type=\"widget\" data-e-type=\"widget\" data-widget_type=\"text-editor.default\">\n\t\t\t\t<div class=\"elementor-widget-container\">\n\t\t\t\t\t\t\t\t\t<p>Personaliza tus recetas de caf\u00e9 desde la interfaz y actualiza tu carta de caf\u00e9s en cualquier momento. Basta un simple toque para elegir los ingredientes, regular las dosis y el grado de molienda, elegir el nivel de prensado y activar la pre-infusi\u00f3n.<\/p>\t\t\t\t\t\t\t\t<\/div>\n\t\t\t\t<\/div>\n\t\t\t\t<\/div>\n\t\t<div class=\"elementor-element elementor-element-e5efbb3 e-con-full e-flex e-con e-child\" data-id=\"e5efbb3\" data-element_type=\"container\" data-e-type=\"container\">\n\t\t\t\t<div data-dce-title-color=\"#282727\" class=\"elementor-element elementor-element-c92619a elementor-widget elementor-widget-heading\" data-id=\"c92619a\" data-element_type=\"widget\" data-e-type=\"widget\" data-widget_type=\"heading.default\">\n\t\t\t\t<div class=\"elementor-widget-container\">\n\t\t\t\t\t<h2 class=\"elementor-heading-title elementor-size-default\">Tecnolog\u00eda de doble caldera<\/h2>\t\t\t\t<\/div>\n\t\t\t\t<\/div>\n\t\t\t\t<div data-dce-text-color=\"#282727\" class=\"elementor-element elementor-element-e848813 elementor-widget elementor-widget-text-editor\" data-id=\"e848813\" data-element_type=\"widget\" data-e-type=\"widget\" data-widget_type=\"text-editor.default\">\n\t\t\t\t<div class=\"elementor-widget-container\">\n\t\t\t\t\t\t\t\t\t<p>Dos calderas independientes para la preparaci\u00f3n de caf\u00e9 y la erogaci\u00f3n de vapor con la posibilidad de ajustar diferentes temperaturas para obtener siempre lo mejor, ya sea para la erogaci\u00f3n de vapor o para la extracci\u00f3n de caf\u00e9.<\/p>\t\t\t\t\t\t\t\t<\/div>\n\t\t\t\t<\/div>\n\t\t\t\t<\/div>\n\t\t<div class=\"elementor-element elementor-element-527bf4e e-con-full e-flex e-con e-child\" data-id=\"527bf4e\" data-element_type=\"container\" data-e-type=\"container\">\n\t\t\t\t<div data-dce-title-color=\"#282727\" class=\"elementor-element elementor-element-cbed017 elementor-widget elementor-widget-heading\" data-id=\"cbed017\" data-element_type=\"widget\" data-e-type=\"widget\" data-widget_type=\"heading.default\">\n\t\t\t\t<div class=\"elementor-widget-container\">\n\t\t\t\t\t<h2 class=\"elementor-heading-title elementor-size-default\">Piezas duraderas y materiales de alta calidad<\/h2>\t\t\t\t<\/div>\n\t\t\t\t<\/div>\n\t\t\t\t<div data-dce-text-color=\"#282727\" class=\"elementor-element elementor-element-fd96b6c elementor-widget elementor-widget-text-editor\" data-id=\"fd96b6c\" data-element_type=\"widget\" data-e-type=\"widget\" data-widget_type=\"text-editor.default\">\n\t\t\t\t<div class=\"elementor-widget-container\">\n\t\t\t\t\t\t\t\t\t<p>El grupo de erogaci\u00f3n de acero inoxidable garantiza un alto rendimiento y la m\u00e1xima fiabilidad. Est\u00e1 disponible con c\u00e1maras dosificadoras de diferentes capacidades para preparar una gran variedad de recetas de caf\u00e9. El cierre herm\u00e9tico Dura Brew reduce el mantenimiento ordinario del grupo de erogaci\u00f3n y los costes generales de utilizaci\u00f3n de la m\u00e1quina.<\/p>\t\t\t\t\t\t\t\t<\/div>\n\t\t\t\t<\/div>\n\t\t\t\t<\/div>\n\t\t<div class=\"elementor-element elementor-element-f289d2f e-con-full e-flex e-con e-child\" data-id=\"f289d2f\" data-element_type=\"container\" data-e-type=\"container\">\n\t\t\t\t<div data-dce-title-color=\"#282727\" class=\"elementor-element elementor-element-3a1f8f7 elementor-widget elementor-widget-heading\" data-id=\"3a1f8f7\" data-element_type=\"widget\" data-e-type=\"widget\" data-widget_type=\"heading.default\">\n\t\t\t\t<div class=\"elementor-widget-container\">\n\t\t\t\t\t<h2 class=\"elementor-heading-title elementor-size-default\">Frescura y variedad para tu carta de caf\u00e9s<\/h2>\t\t\t\t<\/div>\n\t\t\t\t<\/div>\n\t\t\t\t<div data-dce-text-color=\"#282727\" class=\"elementor-element elementor-element-8546449 elementor-widget elementor-widget-text-editor\" data-id=\"8546449\" data-element_type=\"widget\" data-e-type=\"widget\" data-widget_type=\"text-editor.default\">\n\t\t\t\t<div class=\"elementor-widget-container\">\n\t\t\t\t\t\t\t\t\t<p>Trabaja simult\u00e1neamente con distintos tipos de caf\u00e9 en grano y productos instant\u00e1neos para crear un men\u00fa de caf\u00e9 rico y variado. Todas las tolvas de las superautom\u00e1ticas Egro pueden extraerse y est\u00e1n equipadas con bloqueos.<\/p>\t\t\t\t\t\t\t\t<\/div>\n\t\t\t\t<\/div>\n\t\t\t\t<\/div>\n\t\t\t\t<\/div>\n\t\t\t\t<\/div>\n\t\t<div data-dce-background-color=\"#282727\" class=\"elementor-element elementor-element-7dd5c565 e-flex e-con-boxed e-con e-parent\" data-id=\"7dd5c565\" data-element_type=\"container\" data-e-type=\"container\" data-settings=\"{&quot;background_background&quot;:&quot;classic&quot;}\">\n\t\t\t\t\t<div class=\"e-con-inner\">\n\t\t<div class=\"elementor-element elementor-element-793d10a6 e-con-full e-flex e-con e-child\" data-id=\"793d10a6\" data-element_type=\"container\" data-e-type=\"container\">\n\t\t\t\t<div data-dce-title-color=\"#FFFFFF\" class=\"elementor-element elementor-element-359bd908 elementor-widget-mobile__width-initial h2-custom-header elementor-widget elementor-widget-heading\" data-id=\"359bd908\" data-element_type=\"widget\" data-e-type=\"widget\" data-widget_type=\"heading.default\">\n\t\t\t\t<div class=\"elementor-widget-container\">\n\t\t\t\t\t<h2 class=\"elementor-heading-title elementor-size-default\">ESTAMOS AQU\u00cc PARA AYUDARTE<\/h2>\t\t\t\t<\/div>\n\t\t\t\t<\/div>\n\t\t\t\t<div data-dce-background-color=\"#E2444C\" class=\"elementor-element elementor-element-7fdf1254 elementor-align-justify elementor-widget__width-initial elementor-widget elementor-widget-button\" data-id=\"7fdf1254\" data-element_type=\"widget\" data-e-type=\"widget\" data-widget_type=\"button.default\">\n\t\t\t\t<div class=\"elementor-widget-container\">\n\t\t\t\t\t\t\t\t\t<div class=\"elementor-button-wrapper\">\n\t\t\t\t\t<a class=\"elementor-button elementor-button-link elementor-size-sm\" href=\"https:\/\/contact-us.egrocoffee.com\/es-es\/egro\/contact-us\/\" target=\"_blank\">\n\t\t\t\t\t\t<span class=\"elementor-button-content-wrapper\">\n\t\t\t\t\t\t\t\t\t<span class=\"elementor-button-text\">Cont\u00e1ctenos<\/span>\n\t\t\t\t\t<\/span>\n\t\t\t\t\t<\/a>\n\t\t\t\t<\/div>\n\t\t\t\t\t\t\t\t<\/div>\n\t\t\t\t<\/div>\n\t\t\t\t<\/div>\n\t\t<div class=\"elementor-element elementor-element-71219c4b e-con-full elementor-hidden-tablet elementor-hidden-mobile e-flex e-con e-child\" data-id=\"71219c4b\" data-element_type=\"container\" data-e-type=\"container\">\n\t\t\t\t<\/div>\n\t\t\t\t\t<\/div>\n\t\t\t\t<\/div>\n\t\t\t\t<\/div>\n\t\t","protected":false},"excerpt":{"rendered":"<p>Tecnolog\u00eda de caf\u00e9 Las m\u00e1quinas de caf\u00e9 superautom\u00e1ticas Egro est\u00e1n dise\u00f1adas para ofrecer las tecnolog\u00edas m\u00e1s avanzadas en extracci\u00f3n de caf\u00e9 y todo el arte y profesionalidad de un barista a un solo clic. Desde el grano de caf\u00e9 hasta la taza, la calidad est\u00e1 siempre al alcance de la mano. Las m\u00e1quinas de caf\u00e9 [&hellip;]<\/p>\n","protected":false},"author":1,"featured_media":0,"parent":70296,"menu_order":0,"comment_status":"closed","ping_status":"closed","template":"","meta":{"_acf_changed":false,"footnotes":""},"class_list":["post-70558","page","type-page","status-publish","hentry"],"acf":[],"_links":{"self":[{"href":"https:\/\/egrocoffee.com\/es\/wp-json\/wp\/v2\/pages\/70558","targetHints":{"allow":["GET"]}}],"collection":[{"href":"https:\/\/egrocoffee.com\/es\/wp-json\/wp\/v2\/pages"}],"about":[{"href":"https:\/\/egrocoffee.com\/es\/wp-json\/wp\/v2\/types\/page"}],"author":[{"embeddable":true,"href":"https:\/\/egrocoffee.com\/es\/wp-json\/wp\/v2\/users\/1"}],"replies":[{"embeddable":true,"href":"https:\/\/egrocoffee.com\/es\/wp-json\/wp\/v2\/comments?post=70558"}],"version-history":[{"count":3,"href":"https:\/\/egrocoffee.com\/es\/wp-json\/wp\/v2\/pages\/70558\/revisions"}],"predecessor-version":[{"id":81718,"href":"https:\/\/egrocoffee.com\/es\/wp-json\/wp\/v2\/pages\/70558\/revisions\/81718"}],"up":[{"embeddable":true,"href":"https:\/\/egrocoffee.com\/es\/wp-json\/wp\/v2\/pages\/70296"}],"wp:attachment":[{"href":"https:\/\/egrocoffee.com\/es\/wp-json\/wp\/v2\/media?parent=70558"}],"curies":[{"name":"wp","href":"https:\/\/api.w.org\/{rel}","templated":true}]}}