{"id":70425,"date":"2023-08-18T16:59:48","date_gmt":"2023-08-18T14:59:48","guid":{"rendered":"https:\/\/staging.egrocoffee.com\/en\/?page_id=70425"},"modified":"2025-12-17T12:35:05","modified_gmt":"2025-12-17T11:35:05","slug":"quienes-somos","status":"publish","type":"page","link":"https:\/\/egrocoffee.com\/es\/quienes-somos\/","title":{"rendered":"Who we are"},"content":{"rendered":"\t\t<div data-elementor-type=\"wp-page\" data-elementor-id=\"70425\" class=\"elementor elementor-70425\" data-elementor-post-type=\"page\">\n\t\t\t\t<div data-dce-background-overlay-color=\"#000000\" data-dce-background-overlay-hover-color=\"#030000\" data-dce-background-image-url=\"https:\/\/egrocoffee.com\/en\/wp-content\/uploads\/sites\/3\/2023\/09\/iStock-1306503806-Rosso-Egro.png\" class=\"elementor-element elementor-element-a2a15b8 e-flex e-con-boxed e-con e-parent\" data-id=\"a2a15b8\" data-element_type=\"container\" data-e-type=\"container\" id=\"hero-banner\" data-settings=\"{&quot;background_background&quot;:&quot;classic&quot;}\">\n\t\t\t\t\t<div class=\"e-con-inner\">\n\t\t<div class=\"elementor-element elementor-element-fef2368 e-con-full e-flex e-con e-child\" data-id=\"fef2368\" data-element_type=\"container\" data-e-type=\"container\">\n\t\t\t\t<div data-dce-title-color=\"#FFFFFF\" class=\"elementor-element elementor-element-51815f6c elementor-widget elementor-widget-heading\" data-id=\"51815f6c\" data-element_type=\"widget\" data-e-type=\"widget\" data-widget_type=\"heading.default\">\n\t\t\t\t<div class=\"elementor-widget-container\">\n\t\t\t\t\t<h1 class=\"elementor-heading-title elementor-size-default\">Built for excellence<\/h1>\t\t\t\t<\/div>\n\t\t\t\t<\/div>\n\t\t<div class=\"elementor-element elementor-element-e1b0360 e-con-full e-flex e-con e-child\" data-id=\"e1b0360\" data-element_type=\"container\" data-e-type=\"container\">\n\t\t\t\t<div data-dce-text-color=\"#FFFFFF\" class=\"elementor-element elementor-element-2d82fc8 detailshow animated-fast elementor-invisible elementor-widget elementor-widget-text-editor\" data-id=\"2d82fc8\" data-element_type=\"widget\" data-e-type=\"widget\" data-settings=\"{&quot;_animation&quot;:&quot;fadeInUp&quot;}\" data-widget_type=\"text-editor.default\">\n\t\t\t\t<div class=\"elementor-widget-container\">\n\t\t\t\t\t\t\t\t\t<p>Dise\u00f1amos y comercializamos m\u00e1quinas de caf\u00e9 superautom\u00e1ticas profesionales. Formamos parte del Grupo Ali, una de las empresas m\u00e1s importantes del mundo en equipamiento para servicios alimentarios, que opera en m\u00e1s de 100 pa\u00edses de todo el mundo con nuestras filiales y una red de distribuidores y servicio t\u00e9cnico.<\/p>\t\t\t\t\t\t\t\t<\/div>\n\t\t\t\t<\/div>\n\t\t\t\t<div data-dce-text-color=\"#FFFFFF\" class=\"elementor-element elementor-element-d30bb94 detailshow animated-fast elementor-invisible elementor-widget elementor-widget-text-editor\" data-id=\"d30bb94\" data-element_type=\"widget\" data-e-type=\"widget\" data-settings=\"{&quot;_animation&quot;:&quot;fadeInUp&quot;}\" data-widget_type=\"text-editor.default\">\n\t\t\t\t<div class=\"elementor-widget-container\">\n\t\t\t\t\t\t\t\t\t<p>Somos el socio ideal para los profesionales de la restauraci\u00f3n y el OCS que desean aumentar su negocio con un servicio de caf\u00e9 de primera calidad. Ofrecemos productos para todas las necesidades y seguimos a nuestros clientes desde la consulta hasta la asistencia posventa.<\/p>\t\t\t\t\t\t\t\t<\/div>\n\t\t\t\t<\/div>\n\t\t\t\t<\/div>\n\t\t\t\t<\/div>\n\t\t<div class=\"elementor-element elementor-element-1417e735 e-con-full e-flex e-con e-child\" data-id=\"1417e735\" data-element_type=\"container\" data-e-type=\"container\">\n\t\t<div class=\"elementor-element elementor-element-3534f00f e-flex e-con-boxed e-con e-child\" data-id=\"3534f00f\" data-element_type=\"container\" data-e-type=\"container\">\n\t\t\t\t\t<div class=\"e-con-inner\">\n\t\t\t\t<div class=\"elementor-element elementor-element-3bee30ee elementor-widget elementor-widget-image\" data-id=\"3bee30ee\" data-element_type=\"widget\" data-e-type=\"widget\" data-widget_type=\"image.default\">\n\t\t\t\t<div class=\"elementor-widget-container\">\n\t\t\t\t\t\t\t\t\t\t\t\t\t\t\t\t<a href=\"#start\">\n\t\t\t\t\t\t\t<img decoding=\"async\" width=\"17\" height=\"6\" src=\"https:\/\/egrocoffee.com\/wp-content\/uploads\/2023\/08\/egro_down.png\" class=\"attachment-large size-large wp-image-914\" alt=\"\" \/>\t\t\t\t\t\t\t\t<\/a>\n\t\t\t\t\t\t\t\t\t\t\t\t\t\t\t<\/div>\n\t\t\t\t<\/div>\n\t\t\t\t\t<\/div>\n\t\t\t\t<\/div>\n\t\t\t\t<\/div>\n\t\t\t\t\t<\/div>\n\t\t\t\t<\/div>\n\t\t<div data-dce-background-color=\"#FFFFFF\" class=\"elementor-element elementor-element-fb4e2a2 e-flex e-con-boxed e-con e-parent\" data-id=\"fb4e2a2\" data-element_type=\"container\" data-e-type=\"container\" id=\"start\" data-settings=\"{&quot;background_background&quot;:&quot;classic&quot;}\">\n\t\t\t\t\t<div class=\"e-con-inner\">\n\t\t<div data-dce-background-color=\"#E2444C\" data-dce-background-image-url=\"https:\/\/egrocoffee.com\/en\/wp-content\/uploads\/sites\/3\/2023\/09\/appolinary-kalashnikova-WYGhTLym344-unsplash-scaled.jpg\" class=\"elementor-element elementor-element-747a050d e-flex e-con-boxed e-con e-child\" data-id=\"747a050d\" data-element_type=\"container\" data-e-type=\"container\" data-settings=\"{&quot;background_background&quot;:&quot;classic&quot;}\">\n\t\t\t\t\t<div class=\"e-con-inner\">\n\t\t\t\t<div data-dce-title-color=\"#FFFFFF\" class=\"elementor-element elementor-element-65cf4450 h2-custom-header elementor-widget elementor-widget-heading\" data-id=\"65cf4450\" data-element_type=\"widget\" data-e-type=\"widget\" data-widget_type=\"heading.default\">\n\t\t\t\t<div class=\"elementor-widget-container\">\n\t\t\t\t\t<h2 class=\"elementor-heading-title elementor-size-default\">Una actitud verde<\/h2>\t\t\t\t<\/div>\n\t\t\t\t<\/div>\n\t\t\t\t<div data-dce-text-color=\"#FFFFFF\" class=\"elementor-element elementor-element-120deb78 elementor-widget__width-initial elementor-widget-mobile__width-initial elementor-widget elementor-widget-text-editor\" data-id=\"120deb78\" data-element_type=\"widget\" data-e-type=\"widget\" data-widget_type=\"text-editor.default\">\n\t\t\t\t<div class=\"elementor-widget-container\">\n\t\t\t\t\t\t\t\t\t<p>Nuestro modelo de negocio se basa en la sostenibilidad. Nuestro objetivo es seguir creciendo de forma responsable, con respeto por el planeta y la mejora personal.<\/p>\t\t\t\t\t\t\t\t<\/div>\n\t\t\t\t<\/div>\n\t\t\t\t<div data-dce-background-color=\"#E2444C\" class=\"elementor-element elementor-element-49c37043 elementor-align-justify elementor-widget__width-initial elementor-widget elementor-widget-button\" data-id=\"49c37043\" data-element_type=\"widget\" data-e-type=\"widget\" data-widget_type=\"button.default\">\n\t\t\t\t<div class=\"elementor-widget-container\">\n\t\t\t\t\t\t\t\t\t<div class=\"elementor-button-wrapper\">\n\t\t\t\t\t<a class=\"elementor-button elementor-button-link elementor-size-sm\" href=\"https:\/\/www.ranciliogroup.com\/es\/sustainability\/\" rel=\"noopener\">\n\t\t\t\t\t\t<span class=\"elementor-button-content-wrapper\">\n\t\t\t\t\t\t\t\t\t<span class=\"elementor-button-text\">Descubrir m\u00e1s<\/span>\n\t\t\t\t\t<\/span>\n\t\t\t\t\t<\/a>\n\t\t\t\t<\/div>\n\t\t\t\t\t\t\t\t<\/div>\n\t\t\t\t<\/div>\n\t\t\t\t\t<\/div>\n\t\t\t\t<\/div>\n\t\t\t\t\t<\/div>\n\t\t\t\t<\/div>\n\t\t<div data-dce-background-color=\"#E2444C\" class=\"elementor-element elementor-element-ce83e97 history-castor e-flex e-con-boxed e-con e-parent\" data-id=\"ce83e97\" data-element_type=\"container\" data-e-type=\"container\" data-settings=\"{&quot;background_background&quot;:&quot;classic&quot;}\">\n\t\t\t\t\t<div class=\"e-con-inner\">\n\t\t<div class=\"elementor-element elementor-element-7fa2899 e-con-full e-flex e-con e-child\" data-id=\"7fa2899\" data-element_type=\"container\" data-e-type=\"container\">\n\t\t\t\t<div data-dce-title-color=\"#FFFFFF\" class=\"elementor-element elementor-element-a783f42 elementor-widget-mobile__width-initial h2-custom-header elementor-widget elementor-widget-heading\" data-id=\"a783f42\" data-element_type=\"widget\" data-e-type=\"widget\" data-widget_type=\"heading.default\">\n\t\t\t\t<div class=\"elementor-widget-container\">\n\t\t\t\t\t<h2 class=\"elementor-heading-title elementor-size-default\">Historia<\/h2>\t\t\t\t<\/div>\n\t\t\t\t<\/div>\n\t\t\t\t<div data-dce-text-color=\"#FFFFFF\" class=\"elementor-element elementor-element-6ae9a36 elementor-widget__width-initial elementor-invisible elementor-widget elementor-widget-text-editor\" data-id=\"6ae9a36\" data-element_type=\"widget\" data-e-type=\"widget\" data-settings=\"{&quot;_animation&quot;:&quot;fadeIn&quot;}\" data-widget_type=\"text-editor.default\">\n\t\t\t\t<div class=\"elementor-widget-container\">\n\t\t\t\t\t\t\t\t\t<p>Nuestra historia comenz\u00f3 hace casi 200 a\u00f1os en Suiza. Recorre las etapas de nuestro camino y la aventura empresarial de nuestro fundador.<\/p>\t\t\t\t\t\t\t\t<\/div>\n\t\t\t\t<\/div>\n\t\t\t\t<div data-dce-background-color=\"#FFFFFF\" class=\"elementor-element elementor-element-b3b4c2f elementor-align-justify elementor-mobile-align-justify elementor-widget-mobile__width-inherit elementor-hidden-tablet elementor-hidden-mobile elementor-widget elementor-widget-button\" data-id=\"b3b4c2f\" data-element_type=\"widget\" data-e-type=\"widget\" data-widget_type=\"button.default\">\n\t\t\t\t<div class=\"elementor-widget-container\">\n\t\t\t\t\t\t\t\t\t<div class=\"elementor-button-wrapper\">\n\t\t\t\t\t<a class=\"elementor-button elementor-button-link elementor-size-sm\" href=\"https:\/\/egrocoffee.com\/es\/quienes-somos\/historia\/\">\n\t\t\t\t\t\t<span class=\"elementor-button-content-wrapper\">\n\t\t\t\t\t\t\t\t\t<span class=\"elementor-button-text\">Descubrir m\u00e1s<\/span>\n\t\t\t\t\t<\/span>\n\t\t\t\t\t<\/a>\n\t\t\t\t<\/div>\n\t\t\t\t\t\t\t\t<\/div>\n\t\t\t\t<\/div>\n\t\t\t\t<\/div>\n\t\t<div data-dce-background-image-url=\"https:\/\/egrocoffee.com\/en\/wp-content\/uploads\/sites\/3\/2023\/08\/crop_kastor_egloff.png\" class=\"elementor-element elementor-element-c9a0122 e-con-full elementor-hidden-mobile animated-slow e-flex elementor-invisible e-con e-child\" data-id=\"c9a0122\" data-element_type=\"container\" data-e-type=\"container\" data-settings=\"{&quot;background_background&quot;:&quot;classic&quot;,&quot;position&quot;:&quot;absolute&quot;,&quot;motion_fx_motion_fx_scrolling&quot;:&quot;yes&quot;,&quot;motion_fx_translateX_effect&quot;:&quot;yes&quot;,&quot;motion_fx_translateX_affectedRange&quot;:{&quot;unit&quot;:&quot;%&quot;,&quot;size&quot;:&quot;&quot;,&quot;sizes&quot;:{&quot;start&quot;:&quot;0&quot;,&quot;end&quot;:&quot;50&quot;}},&quot;animation&quot;:&quot;slideInRight&quot;,&quot;animation_delay&quot;:&quot;1000&quot;,&quot;motion_fx_translateX_speed&quot;:{&quot;unit&quot;:&quot;px&quot;,&quot;size&quot;:4,&quot;sizes&quot;:[]},&quot;motion_fx_devices&quot;:[&quot;desktop&quot;,&quot;tablet&quot;,&quot;mobile&quot;]}\">\n\t\t\t\t<\/div>\n\t\t<div data-dce-background-image-url=\"https:\/\/egrocoffee.com\/en\/wp-content\/uploads\/sites\/3\/2023\/08\/crop_kastor_egloff.png\" class=\"elementor-element elementor-element-c864bff e-con-full elementor-hidden-tablet elementor-hidden-desktop e-flex elementor-invisible e-con e-child\" data-id=\"c864bff\" data-element_type=\"container\" data-e-type=\"container\" data-settings=\"{&quot;background_background&quot;:&quot;classic&quot;,&quot;animation&quot;:&quot;slideInRight&quot;}\">\n\t\t\t\t<\/div>\n\t\t\t\t<div data-dce-background-color=\"#FFFFFF\" class=\"elementor-element elementor-element-4378438 elementor-align-justify elementor-mobile-align-justify elementor-hidden-desktop elementor-hidden-tablet elementor-widget elementor-widget-button\" data-id=\"4378438\" data-element_type=\"widget\" data-e-type=\"widget\" data-widget_type=\"button.default\">\n\t\t\t\t<div class=\"elementor-widget-container\">\n\t\t\t\t\t\t\t\t\t<div class=\"elementor-button-wrapper\">\n\t\t\t\t\t<a class=\"elementor-button elementor-button-link elementor-size-sm\" href=\"#\">\n\t\t\t\t\t\t<span class=\"elementor-button-content-wrapper\">\n\t\t\t\t\t\t\t\t\t<span class=\"elementor-button-text\">Read Our History<\/span>\n\t\t\t\t\t<\/span>\n\t\t\t\t\t<\/a>\n\t\t\t\t<\/div>\n\t\t\t\t\t\t\t\t<\/div>\n\t\t\t\t<\/div>\n\t\t\t\t\t<\/div>\n\t\t\t\t<\/div>\n\t\t<div data-dce-background-color=\"#282727\" data-dce-background-overlay-color=\"#000000\" data-dce-background-image-url=\"https:\/\/egrocoffee.com\/en\/wp-content\/uploads\/sites\/3\/2023\/09\/DSCF6820-scaled.jpg\" class=\"elementor-element elementor-element-1cf9b6ca e-flex e-con-boxed e-con e-parent\" data-id=\"1cf9b6ca\" data-element_type=\"container\" data-e-type=\"container\" data-settings=\"{&quot;background_background&quot;:&quot;classic&quot;}\">\n\t\t\t\t\t<div class=\"e-con-inner\">\n\t\t<div class=\"elementor-element elementor-element-c28b36 e-con-full e-flex e-con e-child\" data-id=\"c28b36\" data-element_type=\"container\" data-e-type=\"container\">\n\t\t\t\t<div data-dce-title-color=\"#FFFFFF\" class=\"elementor-element elementor-element-6af83ed elementor-widget-mobile__width-initial h2-custom-header elementor-widget elementor-widget-heading\" data-id=\"6af83ed\" data-element_type=\"widget\" data-e-type=\"widget\" data-widget_type=\"heading.default\">\n\t\t\t\t<div class=\"elementor-widget-container\">\n\t\t\t\t\t<h2 class=\"elementor-heading-title elementor-size-default\">Tecnolog\u00eda &amp; Innovaci\u00f3n<\/h2>\t\t\t\t<\/div>\n\t\t\t\t<\/div>\n\t\t\t\t<div data-dce-text-color=\"#FFFFFF\" class=\"elementor-element elementor-element-53cade7b elementor-widget__width-initial elementor-widget elementor-widget-text-editor\" data-id=\"53cade7b\" data-element_type=\"widget\" data-e-type=\"widget\" data-widget_type=\"text-editor.default\">\n\t\t\t\t<div class=\"elementor-widget-container\">\n\t\t\t\t\t\t\t\t\t<p>Estamos apasionadamente comprometidos con la innovaci\u00f3n, y creemos que la innovaci\u00f3n debe conducir a una nueva forma sostenible de hacer que nuestras m\u00e1quinas de caf\u00e9 sean a\u00fan m\u00e1s fiables, funcionales y f\u00e1ciles de usar.<\/p>\t\t\t\t\t\t\t\t<\/div>\n\t\t\t\t<\/div>\n\t\t\t\t<div data-dce-background-color=\"#E2444C\" class=\"elementor-element elementor-element-37afaba9 elementor-align-justify elementor-widget__width-initial elementor-widget elementor-widget-button\" data-id=\"37afaba9\" data-element_type=\"widget\" data-e-type=\"widget\" data-widget_type=\"button.default\">\n\t\t\t\t<div class=\"elementor-widget-container\">\n\t\t\t\t\t\t\t\t\t<div class=\"elementor-button-wrapper\">\n\t\t\t\t\t<a class=\"elementor-button elementor-button-link elementor-size-sm\" href=\"https:\/\/egrocoffee.com\/es\/quienes-somos\/tecnologia-innovacion\/\">\n\t\t\t\t\t\t<span class=\"elementor-button-content-wrapper\">\n\t\t\t\t\t\t\t\t\t<span class=\"elementor-button-text\">Descubrir m\u00e1s<\/span>\n\t\t\t\t\t<\/span>\n\t\t\t\t\t<\/a>\n\t\t\t\t<\/div>\n\t\t\t\t\t\t\t\t<\/div>\n\t\t\t\t<\/div>\n\t\t\t\t<\/div>\n\t\t<div class=\"elementor-element elementor-element-2070f9df e-con-full elementor-hidden-tablet elementor-hidden-mobile e-flex e-con e-child\" data-id=\"2070f9df\" data-element_type=\"container\" data-e-type=\"container\">\n\t\t\t\t<\/div>\n\t\t\t\t\t<\/div>\n\t\t\t\t<\/div>\n\t\t<div data-dce-background-color=\"#FFFFFF\" class=\"elementor-element elementor-element-06d04e6 e-flex e-con-boxed e-con e-parent\" data-id=\"06d04e6\" data-element_type=\"container\" data-e-type=\"container\" data-settings=\"{&quot;background_background&quot;:&quot;video&quot;}\">\n\t\t\t\t\t<div class=\"e-con-inner\">\n\t\t<div data-dce-background-color=\"#E2444C\" data-dce-background-overlay-color=\"#000000\" class=\"elementor-element elementor-element-071283f e-flex e-con-boxed e-con e-child\" data-id=\"071283f\" data-element_type=\"container\" data-e-type=\"container\" data-settings=\"{&quot;background_background&quot;:&quot;video&quot;,&quot;background_video_link&quot;:&quot;https:\\\/\\\/egrocoffee.com\\\/en\\\/wp-content\\\/uploads\\\/sites\\\/3\\\/2023\\\/09\\\/Rancilio-Group_Coffee-machines_hp_web.mp4&quot;,&quot;background_video_start&quot;:&quot;0&quot;}\">\n\t\t\t\t\t<div class=\"e-con-inner\">\n\t\t<div class=\"elementor-background-video-container elementor-hidden-mobile\">\n\t\t\t\t\t\t\t<video class=\"elementor-background-video-hosted\" role=\"presentation\" autoplay muted playsinline loop><\/video>\n\t\t\t\t\t<\/div>\t\t<div data-dce-title-color=\"#FFFFFF\" class=\"elementor-element elementor-element-12f5862 elementor-widget elementor-widget-heading\" data-id=\"12f5862\" data-element_type=\"widget\" data-e-type=\"widget\" data-widget_type=\"heading.default\">\n\t\t\t\t<div class=\"elementor-widget-container\">\n\t\t\t\t\t<h2 class=\"elementor-heading-title elementor-size-default\">OUR FAMILY<\/h2>\t\t\t\t<\/div>\n\t\t\t\t<\/div>\n\t\t\t\t<div class=\"elementor-element elementor-element-29cf3fc elementor-widget elementor-widget-image\" data-id=\"29cf3fc\" data-element_type=\"widget\" data-e-type=\"widget\" data-widget_type=\"image.default\">\n\t\t\t\t<div class=\"elementor-widget-container\">\n\t\t\t\t\t\t\t\t\t\t\t\t\t\t\t<img decoding=\"async\" width=\"300\" height=\"50\" src=\"https:\/\/egrocoffee.com\/wp-content\/uploads\/2023\/08\/Image-15-300x50.png\" class=\"attachment-medium size-medium wp-image-70102\" alt=\"\" srcset=\"https:\/\/egrocoffee.com\/wp-content\/uploads\/2023\/08\/Image-15-300x50.png 300w, https:\/\/egrocoffee.com\/wp-content\/uploads\/2023\/08\/Image-15-18x3.png 18w, https:\/\/egrocoffee.com\/wp-content\/uploads\/2023\/08\/Image-15-15x3.png 15w, https:\/\/egrocoffee.com\/wp-content\/uploads\/2023\/08\/Image-15-26x4.png 26w, https:\/\/egrocoffee.com\/wp-content\/uploads\/2023\/08\/Image-15-38x6.png 38w, https:\/\/egrocoffee.com\/wp-content\/uploads\/2023\/08\/Image-15.png 628w\" sizes=\"(max-width: 300px) 100vw, 300px\" \/>\t\t\t\t\t\t\t\t\t\t\t\t\t\t\t<\/div>\n\t\t\t\t<\/div>\n\t\t\t\t<div data-dce-background-color=\"#E2444C\" class=\"elementor-element elementor-element-a65d216 elementor-align-justify elementor-widget__width-initial elementor-widget elementor-widget-button\" data-id=\"a65d216\" data-element_type=\"widget\" data-e-type=\"widget\" data-widget_type=\"button.default\">\n\t\t\t\t<div class=\"elementor-widget-container\">\n\t\t\t\t\t\t\t\t\t<div class=\"elementor-button-wrapper\">\n\t\t\t\t\t<a class=\"elementor-button elementor-button-link elementor-size-sm\" href=\"http:\/\/ranciliogroup.com\/\" rel=\"noopener\">\n\t\t\t\t\t\t<span class=\"elementor-button-content-wrapper\">\n\t\t\t\t\t\t\t\t\t<span class=\"elementor-button-text\">ranciliogroup.com<\/span>\n\t\t\t\t\t<\/span>\n\t\t\t\t\t<\/a>\n\t\t\t\t<\/div>\n\t\t\t\t\t\t\t\t<\/div>\n\t\t\t\t<\/div>\n\t\t\t\t\t<\/div>\n\t\t\t\t<\/div>\n\t\t\t\t\t<\/div>\n\t\t\t\t<\/div>\n\t\t<div data-dce-background-color=\"#282727\" class=\"elementor-element elementor-element-45e189 e-flex e-con-boxed e-con e-parent\" data-id=\"45e189\" data-element_type=\"container\" data-e-type=\"container\" data-settings=\"{&quot;background_background&quot;:&quot;classic&quot;}\">\n\t\t\t\t\t<div class=\"e-con-inner\">\n\t\t<div class=\"elementor-element elementor-element-7d5bfee1 e-con-full e-flex e-con e-child\" data-id=\"7d5bfee1\" data-element_type=\"container\" data-e-type=\"container\">\n\t\t\t\t<div data-dce-title-color=\"#FFFFFF\" class=\"elementor-element elementor-element-68bc14f elementor-widget-mobile__width-initial h2-custom-header elementor-widget elementor-widget-heading\" data-id=\"68bc14f\" data-element_type=\"widget\" data-e-type=\"widget\" data-widget_type=\"heading.default\">\n\t\t\t\t<div class=\"elementor-widget-container\">\n\t\t\t\t\t<h2 class=\"elementor-heading-title elementor-size-default\">ESTAMOS AQU\u00cc PARA AYUDARTE<\/h2>\t\t\t\t<\/div>\n\t\t\t\t<\/div>\n\t\t\t\t<div data-dce-background-color=\"#E2444C\" class=\"elementor-element elementor-element-54c7d4f elementor-align-justify elementor-widget__width-initial elementor-widget elementor-widget-button\" data-id=\"54c7d4f\" data-element_type=\"widget\" data-e-type=\"widget\" data-widget_type=\"button.default\">\n\t\t\t\t<div class=\"elementor-widget-container\">\n\t\t\t\t\t\t\t\t\t<div class=\"elementor-button-wrapper\">\n\t\t\t\t\t<a class=\"elementor-button elementor-button-link elementor-size-sm\" href=\"https:\/\/contact-us.egrocoffee.com\/es-es\/egro\/contact-us\/\" target=\"_blank\">\n\t\t\t\t\t\t<span class=\"elementor-button-content-wrapper\">\n\t\t\t\t\t\t\t\t\t<span class=\"elementor-button-text\">Cont\u00e1ctenos<\/span>\n\t\t\t\t\t<\/span>\n\t\t\t\t\t<\/a>\n\t\t\t\t<\/div>\n\t\t\t\t\t\t\t\t<\/div>\n\t\t\t\t<\/div>\n\t\t\t\t<\/div>\n\t\t<div class=\"elementor-element elementor-element-2522f7e3 e-con-full elementor-hidden-tablet elementor-hidden-mobile e-flex e-con e-child\" data-id=\"2522f7e3\" data-element_type=\"container\" data-e-type=\"container\">\n\t\t\t\t<\/div>\n\t\t\t\t\t<\/div>\n\t\t\t\t<\/div>\n\t\t\t\t<\/div>\n\t\t","protected":false},"excerpt":{"rendered":"<p>Built for excellence Dise\u00f1amos y comercializamos m\u00e1quinas de caf\u00e9 superautom\u00e1ticas profesionales. Formamos parte del Grupo Ali, una de las empresas m\u00e1s importantes del mundo en equipamiento para servicios alimentarios, que opera en m\u00e1s de 100 pa\u00edses de todo el mundo con nuestras filiales y una red de distribuidores y servicio t\u00e9cnico. Somos el socio ideal [&hellip;]<\/p>\n","protected":false},"author":1,"featured_media":0,"parent":0,"menu_order":0,"comment_status":"closed","ping_status":"closed","template":"","meta":{"_acf_changed":false,"footnotes":""},"class_list":["post-70425","page","type-page","status-publish","hentry"],"acf":[],"_links":{"self":[{"href":"https:\/\/egrocoffee.com\/es\/wp-json\/wp\/v2\/pages\/70425","targetHints":{"allow":["GET"]}}],"collection":[{"href":"https:\/\/egrocoffee.com\/es\/wp-json\/wp\/v2\/pages"}],"about":[{"href":"https:\/\/egrocoffee.com\/es\/wp-json\/wp\/v2\/types\/page"}],"author":[{"embeddable":true,"href":"https:\/\/egrocoffee.com\/es\/wp-json\/wp\/v2\/users\/1"}],"replies":[{"embeddable":true,"href":"https:\/\/egrocoffee.com\/es\/wp-json\/wp\/v2\/comments?post=70425"}],"version-history":[{"count":9,"href":"https:\/\/egrocoffee.com\/es\/wp-json\/wp\/v2\/pages\/70425\/revisions"}],"predecessor-version":[{"id":81712,"href":"https:\/\/egrocoffee.com\/es\/wp-json\/wp\/v2\/pages\/70425\/revisions\/81712"}],"wp:attachment":[{"href":"https:\/\/egrocoffee.com\/es\/wp-json\/wp\/v2\/media?parent=70425"}],"curies":[{"name":"wp","href":"https:\/\/api.w.org\/{rel}","templated":true}]}}