{"id":70972,"date":"2023-08-22T14:52:38","date_gmt":"2023-08-22T12:52:38","guid":{"rendered":"https:\/\/staging.egrocoffee.com\/en\/?page_id=70972"},"modified":"2026-01-26T13:46:33","modified_gmt":"2026-01-26T12:46:33","slug":"hotel","status":"publish","type":"page","link":"https:\/\/egrocoffee.com\/de\/losungen-fur-unternehmen\/hotel\/","title":{"rendered":"Hotel"},"content":{"rendered":"\t\t<div data-elementor-type=\"wp-page\" data-elementor-id=\"70972\" class=\"elementor elementor-70972\" data-elementor-post-type=\"page\">\n\t\t\t\t<div data-dce-background-overlay-color=\"#000000\" data-dce-background-image-url=\"https:\/\/egrocoffee.com\/wp-content\/uploads\/NEXT-NMS-POWDER-HOTEL2.jpg\" class=\"elementor-element elementor-element-41acdc7f e-flex e-con-boxed e-con e-parent\" data-id=\"41acdc7f\" data-element_type=\"container\" data-e-type=\"container\" id=\"hero-banner\" data-settings=\"{&quot;background_background&quot;:&quot;classic&quot;}\">\n\t\t\t\t\t<div class=\"e-con-inner\">\n\t\t<div class=\"elementor-element elementor-element-41bb5fb1 e-con-full e-flex e-con e-child\" data-id=\"41bb5fb1\" data-element_type=\"container\" data-e-type=\"container\">\n\t\t\t\t<div data-dce-title-color=\"#FFFFFF\" class=\"elementor-element elementor-element-54c9d097 elementor-widget elementor-widget-heading\" data-id=\"54c9d097\" data-element_type=\"widget\" data-e-type=\"widget\" data-widget_type=\"heading.default\">\n\t\t\t\t<div class=\"elementor-widget-container\">\n\t\t\t\t\t<h1 class=\"elementor-heading-title elementor-size-default\">HOTEL<\/h1>\t\t\t\t<\/div>\n\t\t\t\t<\/div>\n\t\t\t\t<div data-dce-text-color=\"#FFFFFF\" class=\"elementor-element elementor-element-010c361 elementor-widget elementor-widget-text-editor\" data-id=\"010c361\" data-element_type=\"widget\" data-e-type=\"widget\" data-widget_type=\"text-editor.default\">\n\t\t\t\t<div class=\"elementor-widget-container\">\n\t\t\t\t\t\t\t\t\t<p>Entscheiden Sie sich f\u00fcr einen Egro Kaffeevollautomaten und machen Sie das Fr\u00fchst\u00fcck, das Sie Ihren G\u00e4sten anbieten, zu einem unvergesslichen Erlebnis.<\/p>\t\t\t\t\t\t\t\t<\/div>\n\t\t\t\t<\/div>\n\t\t\t\t<\/div>\n\t\t<div class=\"elementor-element elementor-element-603fa9a0 e-con-full e-flex e-con e-child\" data-id=\"603fa9a0\" data-element_type=\"container\" data-e-type=\"container\">\n\t\t<div class=\"elementor-element elementor-element-195acb4 e-flex e-con-boxed e-con e-child\" data-id=\"195acb4\" data-element_type=\"container\" data-e-type=\"container\">\n\t\t\t\t\t<div class=\"e-con-inner\">\n\t\t\t\t<div class=\"elementor-element elementor-element-36197115 elementor-widget elementor-widget-image\" data-id=\"36197115\" data-element_type=\"widget\" data-e-type=\"widget\" data-widget_type=\"image.default\">\n\t\t\t\t<div class=\"elementor-widget-container\">\n\t\t\t\t\t\t\t\t\t\t\t\t\t\t\t\t<a href=\"#start\">\n\t\t\t\t\t\t\t<img decoding=\"async\" width=\"17\" height=\"6\" src=\"https:\/\/egrocoffee.com\/wp-content\/uploads\/2023\/08\/egro_down.png\" class=\"attachment-large size-large wp-image-914\" alt=\"\" \/>\t\t\t\t\t\t\t\t<\/a>\n\t\t\t\t\t\t\t\t\t\t\t\t\t\t\t<\/div>\n\t\t\t\t<\/div>\n\t\t\t\t\t<\/div>\n\t\t\t\t<\/div>\n\t\t\t\t<\/div>\n\t\t\t\t\t<\/div>\n\t\t\t\t<\/div>\n\t\t<div data-dce-background-color=\"#FFFFFF\" class=\"elementor-element elementor-element-74920e1a e-con-full e-flex e-con e-parent\" data-id=\"74920e1a\" data-element_type=\"container\" data-e-type=\"container\" data-settings=\"{&quot;background_background&quot;:&quot;classic&quot;}\">\n\t\t<div class=\"elementor-element elementor-element-3e06cb2e e-con-full e-flex e-con e-child\" data-id=\"3e06cb2e\" data-element_type=\"container\" data-e-type=\"container\">\n\t\t<div data-dce-background-image-url=\"https:\/\/egrocoffee.com\/en\/wp-content\/uploads\/sites\/3\/2023\/10\/iStock-1448847087-scaled.jpg\" class=\"elementor-element elementor-element-6b0e15a4 e-con-full e-flex e-con e-child\" data-id=\"6b0e15a4\" data-element_type=\"container\" data-e-type=\"container\" data-settings=\"{&quot;background_background&quot;:&quot;classic&quot;}\">\n\t\t\t\t<\/div>\n\t\t<div class=\"elementor-element elementor-element-113970af e-con-full e-flex e-con e-child\" data-id=\"113970af\" data-element_type=\"container\" data-e-type=\"container\">\n\t\t\t\t<div data-dce-title-color=\"#00000FF7\" class=\"elementor-element elementor-element-42be322 elementor-widget__width-initial elementor-widget elementor-widget-heading\" data-id=\"42be322\" data-element_type=\"widget\" data-e-type=\"widget\" data-widget_type=\"heading.default\">\n\t\t\t\t<div class=\"elementor-widget-container\">\n\t\t\t\t\t<h2 class=\"elementor-heading-title elementor-size-default\">Treibstoff f\u00fcr den perfekten Urlaub<\/h2>\t\t\t\t<\/div>\n\t\t\t\t<\/div>\n\t\t\t\t<div data-dce-text-color=\"#00000D\" class=\"elementor-element elementor-element-0bb609d elementor-widget__width-initial elementor-widget elementor-widget-text-editor\" data-id=\"0bb609d\" data-element_type=\"widget\" data-e-type=\"widget\" data-widget_type=\"text-editor.default\">\n\t\t\t\t<div class=\"elementor-widget-container\">\n\t\t\t\t\t\t\t\t\t<p>Das Fr\u00fchst\u00fcck ist eine der wichtigsten Dienstleistungen eines Hotels und kann die Meinung der G\u00e4ste \u00fcber ihren gesamten Aufenthalt bestimmen. Alle G\u00e4ste fr\u00fchst\u00fccken im Hotel und m\u00f6chten den Tag mit ihrem bevorzugten Kaffee oder Milchgetr\u00e4nk beginnen.<\/p>\t\t\t\t\t\t\t\t<\/div>\n\t\t\t\t<\/div>\n\t\t\t\t<\/div>\n\t\t\t\t<\/div>\n\t\t<div data-dce-background-color=\"#282727\" class=\"elementor-element elementor-element-2ed6169c e-con-full e-flex e-con e-child\" data-id=\"2ed6169c\" data-element_type=\"container\" data-e-type=\"container\" data-settings=\"{&quot;background_background&quot;:&quot;classic&quot;}\">\n\t\t<div class=\"elementor-element elementor-element-71ddc09b e-con-full e-flex e-con e-child\" data-id=\"71ddc09b\" data-element_type=\"container\" data-e-type=\"container\">\n\t\t\t\t<div data-dce-title-color=\"#FFFFFF\" class=\"elementor-element elementor-element-14e355b elementor-widget__width-initial elementor-widget elementor-widget-heading\" data-id=\"14e355b\" data-element_type=\"widget\" data-e-type=\"widget\" data-widget_type=\"heading.default\">\n\t\t\t\t<div class=\"elementor-widget-container\">\n\t\t\t\t\t<h2 class=\"elementor-heading-title elementor-size-default\">Perfekten Kaffee und mehr zubereiten<\/h2>\t\t\t\t<\/div>\n\t\t\t\t<\/div>\n\t\t\t\t<div data-dce-text-color=\"#FFFFFF\" class=\"elementor-element elementor-element-8c092a2 elementor-widget elementor-widget-text-editor\" data-id=\"8c092a2\" data-element_type=\"widget\" data-e-type=\"widget\" data-widget_type=\"text-editor.default\">\n\t\t\t\t<div class=\"elementor-widget-container\">\n\t\t\t\t\t\t\t\t\t<p>Die Egro Kaffeevollautomaten bereiten automatisch italienischen Espresso, cremigen Cappuccino, alle Arten von Getr\u00e4nken mit frischer Milch und k\u00f6stliche hei\u00dfe Schokolade zu.<\/p>\t\t\t\t\t\t\t\t<\/div>\n\t\t\t\t<\/div>\n\t\t\t\t<\/div>\n\t\t<div data-dce-background-image-url=\"https:\/\/egrocoffee.com\/wp-content\/uploads\/NEXT-X2-CATERING.jpg\" class=\"elementor-element elementor-element-55b46b9 e-con-full e-flex e-con e-child\" data-id=\"55b46b9\" data-element_type=\"container\" data-e-type=\"container\" data-settings=\"{&quot;background_background&quot;:&quot;classic&quot;}\">\n\t\t\t\t<\/div>\n\t\t\t\t<\/div>\n\t\t<div class=\"elementor-element elementor-element-d9a7161 e-con-full e-flex e-con e-child\" data-id=\"d9a7161\" data-element_type=\"container\" data-e-type=\"container\">\n\t\t<div data-dce-background-image-url=\"https:\/\/egrocoffee.com\/wp-content\/uploads\/QUBE_PM-hotel_LR-scaled-new.jpg\" class=\"elementor-element elementor-element-5a4b852 e-con-full e-flex e-con e-child\" data-id=\"5a4b852\" data-element_type=\"container\" data-e-type=\"container\" data-settings=\"{&quot;background_background&quot;:&quot;classic&quot;}\">\n\t\t\t\t<\/div>\n\t\t<div data-dce-background-color=\"#E2444C\" class=\"elementor-element elementor-element-4b193d9 e-con-full e-flex e-con e-child\" data-id=\"4b193d9\" data-element_type=\"container\" data-e-type=\"container\" data-settings=\"{&quot;background_background&quot;:&quot;classic&quot;}\">\n\t\t\t\t<div data-dce-title-color=\"#FFFFFF\" class=\"elementor-element elementor-element-c01bdfa elementor-widget__width-initial elementor-widget elementor-widget-heading\" data-id=\"c01bdfa\" data-element_type=\"widget\" data-e-type=\"widget\" data-widget_type=\"heading.default\">\n\t\t\t\t<div class=\"elementor-widget-container\">\n\t\t\t\t\t<h2 class=\"elementor-heading-title elementor-size-default\">St\u00e4rken Sie Ihre G\u00e4ste\n<\/h2>\t\t\t\t<\/div>\n\t\t\t\t<\/div>\n\t\t\t\t<div data-dce-text-color=\"#FFFFFF\" class=\"elementor-element elementor-element-85647c1 elementor-widget elementor-widget-text-editor\" data-id=\"85647c1\" data-element_type=\"widget\" data-e-type=\"widget\" data-widget_type=\"text-editor.default\">\n\t\t\t\t<div class=\"elementor-widget-container\">\n\t\t\t\t\t\t\t\t\t<p>Mit den speziellen Selbstbedienungskonfigurationen und dem Touchscreen-Bedienfeld k\u00f6nnen Ihre G\u00e4ste jedes Getr\u00e4nk einfach und selbstst\u00e4ndig zubereiten.<\/p>\t\t\t\t\t\t\t\t<\/div>\n\t\t\t\t<\/div>\n\t\t\t\t<\/div>\n\t\t\t\t<\/div>\n\t\t\t\t<\/div>\n\t\t<div data-dce-background-color=\"#FFFFFF\" class=\"elementor-element elementor-element-70af4596 e-flex e-con-boxed e-con e-parent\" data-id=\"70af4596\" data-element_type=\"container\" data-e-type=\"container\" data-settings=\"{&quot;background_background&quot;:&quot;classic&quot;}\">\n\t\t\t\t\t<div class=\"e-con-inner\">\n\t\t\t\t<div data-dce-title-color=\"#282727\" class=\"elementor-element elementor-element-423345ee h2-custom-header elementor-widget elementor-widget-heading\" data-id=\"423345ee\" data-element_type=\"widget\" data-e-type=\"widget\" data-widget_type=\"heading.default\">\n\t\t\t\t<div class=\"elementor-widget-container\">\n\t\t\t\t\t<h2 class=\"elementor-heading-title elementor-size-default\">Unsere L\u00f6sungen f\u00fcr Hotels<\/h2>\t\t\t\t<\/div>\n\t\t\t\t<\/div>\n\t\t\t\t\t<\/div>\n\t\t\t\t<\/div>\n\t\t<div data-dce-background-color=\"#FFFFFF\" class=\"elementor-element elementor-element-5347582c e-con-full e-flex e-con e-parent\" data-id=\"5347582c\" data-element_type=\"container\" data-e-type=\"container\" data-settings=\"{&quot;background_background&quot;:&quot;classic&quot;}\">\n\t\t<div class=\"elementor-element elementor-element-55d55fa4 e-con-full e-flex e-con e-child\" data-id=\"55d55fa4\" data-element_type=\"container\" data-e-type=\"container\">\n\t\t<div class=\"elementor-element elementor-element-950ea78 e-con-full e-flex e-con e-child\" data-id=\"950ea78\" data-element_type=\"container\" data-e-type=\"container\">\n\t\t\t\t<div data-dce-title-color=\"#282727\" class=\"elementor-element elementor-element-4029fb08 elementor-widget elementor-widget-heading\" data-id=\"4029fb08\" data-element_type=\"widget\" data-e-type=\"widget\" data-widget_type=\"heading.default\">\n\t\t\t\t<div class=\"elementor-widget-container\">\n\t\t\t\t\t<h2 class=\"elementor-heading-title elementor-size-default\">Touschscreen<\/h2>\t\t\t\t<\/div>\n\t\t\t\t<\/div>\n\t\t\t\t<div data-dce-text-color=\"#282727\" class=\"elementor-element elementor-element-de29a07 elementor-widget elementor-widget-text-editor\" data-id=\"de29a07\" data-element_type=\"widget\" data-e-type=\"widget\" data-widget_type=\"text-editor.default\">\n\t\t\t\t<div class=\"elementor-widget-container\">\n\t\t\t\t\t\t\t\t\t<p>W\u00e4hlen Sie die Symbole f\u00fcr Ihre Getr\u00e4nke aus und passen Sie Farben und Bilder nach Wunsch an. Laden Sie Videos und Fotodiashows hoch, die w\u00e4hrend der Ausgabe auf dem Bedienfeld angezeigt werden oder als Bildschirmschoner dienen, wenn das Ger\u00e4t nicht in Betrieb ist.<\/p>\t\t\t\t\t\t\t\t<\/div>\n\t\t\t\t<\/div>\n\t\t\t\t<\/div>\n\t\t<div class=\"elementor-element elementor-element-3d64ce09 e-con-full e-flex e-con e-child\" data-id=\"3d64ce09\" data-element_type=\"container\" data-e-type=\"container\">\n\t\t\t\t<div data-dce-title-color=\"#282727\" class=\"elementor-element elementor-element-1bb7290b elementor-widget elementor-widget-heading\" data-id=\"1bb7290b\" data-element_type=\"widget\" data-e-type=\"widget\" data-widget_type=\"heading.default\">\n\t\t\t\t<div class=\"elementor-widget-container\">\n\t\t\t\t\t<h2 class=\"elementor-heading-title elementor-size-default\">Selbstbedienungskonfiguration<\/h2>\t\t\t\t<\/div>\n\t\t\t\t<\/div>\n\t\t\t\t<div data-dce-text-color=\"#282727\" class=\"elementor-element elementor-element-e2910cf elementor-widget elementor-widget-text-editor\" data-id=\"e2910cf\" data-element_type=\"widget\" data-e-type=\"widget\" data-widget_type=\"text-editor.default\">\n\t\t\t\t<div class=\"elementor-widget-container\">\n\t\t\t\t\t\t\t\t\t<p>Konfigurieren Sie Ihren Egro im Selbstbedienungsmodus, so dass Ihre G\u00e4ste ihre Lieblingsgetr\u00e4nke ohne Hilfe des Personal selbst zubereiten k\u00f6nnen.<\/p>\t\t\t\t\t\t\t\t<\/div>\n\t\t\t\t<\/div>\n\t\t\t\t<\/div>\n\t\t<div class=\"elementor-element elementor-element-1ed5f774 e-con-full e-flex e-con e-child\" data-id=\"1ed5f774\" data-element_type=\"container\" data-e-type=\"container\">\n\t\t\t\t<div data-dce-title-color=\"#282727\" class=\"elementor-element elementor-element-54b17a0e elementor-widget elementor-widget-heading\" data-id=\"54b17a0e\" data-element_type=\"widget\" data-e-type=\"widget\" data-widget_type=\"heading.default\">\n\t\t\t\t<div class=\"elementor-widget-container\">\n\t\t\t\t\t<h2 class=\"elementor-heading-title elementor-size-default\">AUTOMATIC SPOUT<\/h2>\t\t\t\t<\/div>\n\t\t\t\t<\/div>\n\t\t\t\t<div data-dce-text-color=\"#282727\" class=\"elementor-element elementor-element-14ca1e67 elementor-widget elementor-widget-text-editor\" data-id=\"14ca1e67\" data-element_type=\"widget\" data-e-type=\"widget\" data-widget_type=\"text-editor.default\">\n\t\t\t\t<div class=\"elementor-widget-container\">\n\t\t\t\t\t\t\t\t\t<p>Die H\u00f6he des Auslaufs passt sich automatisch an das gew\u00e4hlte Getr\u00e4nk und den verwendeten Tassentyp an.<\/p>\t\t\t\t\t\t\t\t<\/div>\n\t\t\t\t<\/div>\n\t\t\t\t<\/div>\n\t\t<div class=\"elementor-element elementor-element-30cca8e7 e-con-full e-flex e-con e-child\" data-id=\"30cca8e7\" data-element_type=\"container\" data-e-type=\"container\">\n\t\t\t\t<div data-dce-title-color=\"#282727\" class=\"elementor-element elementor-element-41ed025c elementor-widget elementor-widget-heading\" data-id=\"41ed025c\" data-element_type=\"widget\" data-e-type=\"widget\" data-widget_type=\"heading.default\">\n\t\t\t\t<div class=\"elementor-widget-container\">\n\t\t\t\t\t<h2 class=\"elementor-heading-title elementor-size-default\">Leichtes Umschalten<\/h2>\t\t\t\t<\/div>\n\t\t\t\t<\/div>\n\t\t\t\t<div data-dce-text-color=\"#282727\" class=\"elementor-element elementor-element-2b2e1b4a elementor-widget elementor-widget-text-editor\" data-id=\"2b2e1b4a\" data-element_type=\"widget\" data-e-type=\"widget\" data-widget_type=\"text-editor.default\">\n\t\t\t\t<div class=\"elementor-widget-container\">\n\t\t\t\t\t\t\t\t\t<p>Passen Sie verschiedene Men\u00fcs an und aktivieren Sie sie schnell, um zu jeder Tageszeit, in jeder Situation und f\u00fcr jede Art von Service die ideale Konfiguration zu erhalten.<\/p>\t\t\t\t\t\t\t\t<\/div>\n\t\t\t\t<\/div>\n\t\t\t\t<\/div>\n\t\t\t\t<\/div>\n\t\t\t\t<\/div>\n\t\t<div data-dce-background-color=\"#282727\" class=\"elementor-element elementor-element-d8e1d44 e-flex e-con-boxed e-con e-parent\" data-id=\"d8e1d44\" data-element_type=\"container\" data-e-type=\"container\" id=\"start\" data-settings=\"{&quot;background_background&quot;:&quot;classic&quot;}\">\n\t\t\t\t\t<div class=\"e-con-inner\">\n\t\t<div class=\"elementor-element elementor-element-606b84e6 e-con-full e-flex e-con e-child\" data-id=\"606b84e6\" data-element_type=\"container\" data-e-type=\"container\">\n\t\t\t\t<div data-dce-title-color=\"#FFFFFF\" class=\"elementor-element elementor-element-29d8f079 elementor-widget-mobile__width-initial elementor-widget-tablet__width-initial elementor-widget__width-initial h2-custom-header elementor-widget elementor-widget-heading\" data-id=\"29d8f079\" data-element_type=\"widget\" data-e-type=\"widget\" data-widget_type=\"heading.default\">\n\t\t\t\t<div class=\"elementor-widget-container\">\n\t\t\t\t\t<h2 class=\"elementor-heading-title elementor-size-default\">Unsere Kaffeemaschinen in Hotels<\/h2>\t\t\t\t<\/div>\n\t\t\t\t<\/div>\n\t\t<div class=\"elementor-element elementor-element-45594697 e-flex e-con-boxed e-con e-child\" data-id=\"45594697\" data-element_type=\"container\" data-e-type=\"container\">\n\t\t\t\t\t<div class=\"e-con-inner\">\n\t\t\t\t<div class=\"elementor-element elementor-element-a73e19e elementor-arrows-position-outside elementor--h-position-center elementor--v-position-middle elementor-pagination-position-inside elementor-widget elementor-widget-slides\" data-id=\"a73e19e\" data-element_type=\"widget\" data-e-type=\"widget\" data-settings=\"{&quot;navigation&quot;:&quot;both&quot;,&quot;autoplay&quot;:&quot;yes&quot;,&quot;pause_on_hover&quot;:&quot;yes&quot;,&quot;pause_on_interaction&quot;:&quot;yes&quot;,&quot;autoplay_speed&quot;:5000,&quot;infinite&quot;:&quot;yes&quot;,&quot;transition&quot;:&quot;slide&quot;,&quot;transition_speed&quot;:500}\" data-widget_type=\"slides.default\">\n\t\t\t\t<div class=\"elementor-widget-container\">\n\t\t\t\t\t\t\t\t\t<div class=\"elementor-swiper\">\n\t\t\t\t\t<div class=\"elementor-slides-wrapper elementor-main-swiper swiper\" role=\"region\" aria-roledescription=\"carousel\" aria-label=\"Slider\" dir=\"ltr\" data-animation=\"fadeInUp\">\n\t\t\t\t<div class=\"swiper-wrapper elementor-slides\">\n\t\t\t\t\t\t\t\t\t\t<div class=\"elementor-repeater-item-929f195 swiper-slide\" role=\"group\" aria-roledescription=\"slide\"><div class=\"swiper-slide-bg\" role=\"img\" aria-label=\"0NE_KEY_PC-catering\"><\/div><div class=\"swiper-slide-inner\" ><div class=\"swiper-slide-contents\"><\/div><\/div><\/div><div class=\"elementor-repeater-item-edb448d swiper-slide\" role=\"group\" aria-roledescription=\"slide\"><div class=\"swiper-slide-bg\"><\/div><div class=\"swiper-slide-inner\" ><div class=\"swiper-slide-contents\"><\/div><\/div><\/div><div class=\"elementor-repeater-item-fc70e96 swiper-slide\" role=\"group\" aria-roledescription=\"slide\"><div class=\"swiper-slide-bg\"><\/div><div class=\"swiper-slide-inner\" ><div class=\"swiper-slide-contents\"><\/div><\/div><\/div><div class=\"elementor-repeater-item-0a286c2 swiper-slide\" role=\"group\" aria-roledescription=\"slide\"><div class=\"swiper-slide-bg\" role=\"img\" aria-label=\"NEXT-NMS-lounge\"><\/div><div class=\"swiper-slide-inner\" ><div class=\"swiper-slide-contents\"><\/div><\/div><\/div>\t\t\t\t<\/div>\n\t\t\t\t\t\t\t\t\t\t\t\t\t\t\t<div class=\"elementor-swiper-button elementor-swiper-button-prev\" role=\"button\" tabindex=\"0\" aria-label=\"Vorheriger Slide\">\n\t\t\t\t\t\t\t<i aria-hidden=\"true\" class=\"eicon-chevron-left\"><\/i>\t\t\t\t\t\t<\/div>\n\t\t\t\t\t\t<div class=\"elementor-swiper-button elementor-swiper-button-next\" role=\"button\" tabindex=\"0\" aria-label=\"N\u00e4chster Slide\">\n\t\t\t\t\t\t\t<i aria-hidden=\"true\" class=\"eicon-chevron-right\"><\/i>\t\t\t\t\t\t<\/div>\n\t\t\t\t\t\t\t\t\t\t\t\t\t\t\t\t<div class=\"swiper-pagination\"><\/div>\n\t\t\t\t\t\t\t\t\t\t\t\t<\/div>\n\t\t\t\t<\/div>\n\t\t\t\t\t\t\t\t<\/div>\n\t\t\t\t<\/div>\n\t\t\t\t\t<\/div>\n\t\t\t\t<\/div>\n\t\t\t\t<\/div>\n\t\t\t\t\t<\/div>\n\t\t\t\t<\/div>\n\t\t<div data-dce-background-color=\"#E2444C\" class=\"elementor-element elementor-element-2ad217c e-flex e-con-boxed e-con e-parent\" data-id=\"2ad217c\" data-element_type=\"container\" data-e-type=\"container\" data-settings=\"{&quot;background_background&quot;:&quot;classic&quot;}\">\n\t\t\t\t\t<div class=\"e-con-inner\">\n\t\t<div class=\"elementor-element elementor-element-2654799 e-con-full e-flex e-con e-child\" data-id=\"2654799\" data-element_type=\"container\" data-e-type=\"container\">\n\t\t\t\t<div data-dce-title-color=\"#FFFFFF\" class=\"elementor-element elementor-element-e96d81c elementor-widget-mobile__width-initial h2-custom-header-two elementor-widget elementor-widget-heading\" data-id=\"e96d81c\" data-element_type=\"widget\" data-e-type=\"widget\" data-widget_type=\"heading.default\">\n\t\t\t\t<div class=\"elementor-widget-container\">\n\t\t\t\t\t<h2 class=\"elementor-heading-title elementor-size-default\">Finden Sie die richtige Kaffeemaschine f\u00fcr Ihr Unternehmen\r\n<\/h2>\t\t\t\t<\/div>\n\t\t\t\t<\/div>\n\t\t\t\t<div data-dce-text-color=\"#FFFFFF\" class=\"elementor-element elementor-element-7fe6456 elementor-widget__width-initial elementor-widget elementor-widget-text-editor\" data-id=\"7fe6456\" data-element_type=\"widget\" data-e-type=\"widget\" data-widget_type=\"text-editor.default\">\n\t\t\t\t<div class=\"elementor-widget-container\">\n\t\t\t\t\t\t\t\t\t<p>Brauchen Sie Hilfe bei der Auswahl? Beantworten Sie einige Fragen und finden Sie die richtige Kaffeemaschine f\u00fcr Ihr Unternehmen<\/p>\t\t\t\t\t\t\t\t<\/div>\n\t\t\t\t<\/div>\n\t\t\t\t<div data-dce-background-color=\"#FFFFFF\" class=\"elementor-element elementor-element-93e9c80 elementor-align-justify elementor-mobile-align-justify elementor-widget-mobile__width-inherit elementor-widget elementor-widget-button\" data-id=\"93e9c80\" data-element_type=\"widget\" data-e-type=\"widget\" data-widget_type=\"button.default\">\n\t\t\t\t<div class=\"elementor-widget-container\">\n\t\t\t\t\t\t\t\t\t<div class=\"elementor-button-wrapper\">\n\t\t\t\t\t<a class=\"elementor-button elementor-button-link elementor-size-sm\" href=\"https:\/\/machine-finder.egrocoffee.com\/?lang=de\" target=\"_blank\">\n\t\t\t\t\t\t<span class=\"elementor-button-content-wrapper\">\n\t\t\t\t\t\t\t\t\t<span class=\"elementor-button-text\">Weiter zu Kaffeemaschinen-Finder<\/span>\n\t\t\t\t\t<\/span>\n\t\t\t\t\t<\/a>\n\t\t\t\t<\/div>\n\t\t\t\t\t\t\t\t<\/div>\n\t\t\t\t<\/div>\n\t\t\t\t<\/div>\n\t\t<div class=\"elementor-element elementor-element-77aecd3 e-con-full elementor-hidden-tablet elementor-hidden-mobile e-flex e-con e-child\" data-id=\"77aecd3\" data-element_type=\"container\" data-e-type=\"container\">\n\t\t\t\t<\/div>\n\t\t\t\t\t<\/div>\n\t\t\t\t<\/div>\n\t\t\t\t<\/div>\n\t\t","protected":false},"excerpt":{"rendered":"<p>HOTEL Entscheiden Sie sich f\u00fcr einen Egro Kaffeevollautomaten und machen Sie das Fr\u00fchst\u00fcck, das Sie Ihren G\u00e4sten anbieten, zu einem unvergesslichen Erlebnis. Treibstoff f\u00fcr den perfekten Urlaub Das Fr\u00fchst\u00fcck ist eine der wichtigsten Dienstleistungen eines Hotels und kann die Meinung der G\u00e4ste \u00fcber ihren gesamten Aufenthalt bestimmen. Alle G\u00e4ste fr\u00fchst\u00fccken im Hotel und m\u00f6chten den [&hellip;]<\/p>\n","protected":false},"author":1,"featured_media":0,"parent":26,"menu_order":0,"comment_status":"closed","ping_status":"closed","template":"","meta":{"_acf_changed":false,"footnotes":""},"class_list":["post-70972","page","type-page","status-publish","hentry"],"acf":[],"_links":{"self":[{"href":"https:\/\/egrocoffee.com\/de\/wp-json\/wp\/v2\/pages\/70972","targetHints":{"allow":["GET"]}}],"collection":[{"href":"https:\/\/egrocoffee.com\/de\/wp-json\/wp\/v2\/pages"}],"about":[{"href":"https:\/\/egrocoffee.com\/de\/wp-json\/wp\/v2\/types\/page"}],"author":[{"embeddable":true,"href":"https:\/\/egrocoffee.com\/de\/wp-json\/wp\/v2\/users\/1"}],"replies":[{"embeddable":true,"href":"https:\/\/egrocoffee.com\/de\/wp-json\/wp\/v2\/comments?post=70972"}],"version-history":[{"count":13,"href":"https:\/\/egrocoffee.com\/de\/wp-json\/wp\/v2\/pages\/70972\/revisions"}],"predecessor-version":[{"id":80767,"href":"https:\/\/egrocoffee.com\/de\/wp-json\/wp\/v2\/pages\/70972\/revisions\/80767"}],"up":[{"embeddable":true,"href":"https:\/\/egrocoffee.com\/de\/wp-json\/wp\/v2\/pages\/26"}],"wp:attachment":[{"href":"https:\/\/egrocoffee.com\/de\/wp-json\/wp\/v2\/media?parent=70972"}],"curies":[{"name":"wp","href":"https:\/\/api.w.org\/{rel}","templated":true}]}}