{"id":70558,"date":"2023-08-18T13:08:29","date_gmt":"2023-08-18T11:08:29","guid":{"rendered":"https:\/\/staging.egrocoffee.com\/en\/?page_id=70558"},"modified":"2025-12-18T16:37:37","modified_gmt":"2025-12-18T15:37:37","slug":"kaffeetechnologie","status":"publish","type":"page","link":"https:\/\/egrocoffee.com\/de\/wer-wir-sind\/technologie-und-innovation\/kaffeetechnologie\/","title":{"rendered":"Coffee Technology"},"content":{"rendered":"\t\t<div data-elementor-type=\"wp-page\" data-elementor-id=\"70558\" class=\"elementor elementor-70558\" data-elementor-post-type=\"page\">\n\t\t\t\t<div data-dce-background-overlay-color=\"#000000\" data-dce-background-overlay-hover-color=\"#030000\" data-dce-background-image-url=\"https:\/\/egrocoffee.com\/en\/wp-content\/uploads\/sites\/3\/2023\/10\/coffee-system-egro-rancilio.jpg\" class=\"elementor-element elementor-element-a2a15b8 e-flex e-con-boxed e-con e-parent\" data-id=\"a2a15b8\" data-element_type=\"container\" data-e-type=\"container\" id=\"hero-banner\" data-settings=\"{&quot;background_background&quot;:&quot;classic&quot;}\">\n\t\t\t\t\t<div class=\"e-con-inner\">\n\t\t<div class=\"elementor-element elementor-element-fef2368 e-con-full e-flex e-con e-child\" data-id=\"fef2368\" data-element_type=\"container\" data-e-type=\"container\">\n\t\t\t\t<div data-dce-title-color=\"#FFFFFF\" class=\"elementor-element elementor-element-51815f6c elementor-widget elementor-widget-heading\" data-id=\"51815f6c\" data-element_type=\"widget\" data-e-type=\"widget\" data-widget_type=\"heading.default\">\n\t\t\t\t<div class=\"elementor-widget-container\">\n\t\t\t\t\t<h1 class=\"elementor-heading-title elementor-size-default\">Kaffeetechnologie<\/h1>\t\t\t\t<\/div>\n\t\t\t\t<\/div>\n\t\t\t\t<div data-dce-text-color=\"#FFFFFF\" class=\"elementor-element elementor-element-2d82fc8 elementor-widget-mobile__width-initial detailshow animated-fast elementor-invisible elementor-widget elementor-widget-text-editor\" data-id=\"2d82fc8\" data-element_type=\"widget\" data-e-type=\"widget\" data-settings=\"{&quot;motion_fx_motion_fx_mouse&quot;:&quot;yes&quot;,&quot;_animation&quot;:&quot;fadeInUp&quot;}\" data-widget_type=\"text-editor.default\">\n\t\t\t\t<div class=\"elementor-widget-container\">\n\t\t\t\t\t\t\t\t\t<p>Die Egro Kaffeevollautomaten sind so konzipiert, dass sie die fortschrittlichsten Technologien zur Kaffeeextraktion bieten und die ganze Kunst und Professionalit\u00e4t eines Barista nur einen Klick entfernt ist.<\/p>\t\t\t\t\t\t\t\t<\/div>\n\t\t\t\t<\/div>\n\t\t\t\t<\/div>\n\t\t\t\t\t<\/div>\n\t\t\t\t<\/div>\n\t\t<div data-dce-background-color=\"#FFFFFF\" class=\"elementor-element elementor-element-4251b4bf e-con-full e-flex e-con e-parent\" data-id=\"4251b4bf\" data-element_type=\"container\" data-e-type=\"container\" data-settings=\"{&quot;background_background&quot;:&quot;classic&quot;}\">\n\t\t<div class=\"elementor-element elementor-element-7992e54d e-con-full e-flex e-con e-child\" data-id=\"7992e54d\" data-element_type=\"container\" data-e-type=\"container\">\n\t\t<div class=\"elementor-element elementor-element-d1e2166 e-con-full e-flex e-con e-child\" data-id=\"d1e2166\" data-element_type=\"container\" data-e-type=\"container\">\n\t\t\t\t<div data-dce-title-color=\"#282727\" class=\"elementor-element elementor-element-a363fad elementor-widget elementor-widget-heading\" data-id=\"a363fad\" data-element_type=\"widget\" data-e-type=\"widget\" data-widget_type=\"heading.default\">\n\t\t\t\t<div class=\"elementor-widget-container\">\n\t\t\t\t\t<h2 class=\"elementor-heading-title elementor-size-default\">Von der Kaffeebohne bis zur Tasse - stets erstklassige Qualit\u00e4t.<\/h2>\t\t\t\t<\/div>\n\t\t\t\t<\/div>\n\t\t\t\t<div data-dce-text-color=\"#282727\" class=\"elementor-element elementor-element-2371555 elementor-widget elementor-widget-text-editor\" data-id=\"2371555\" data-element_type=\"widget\" data-e-type=\"widget\" data-widget_type=\"text-editor.default\">\n\t\t\t\t<div class=\"elementor-widget-container\">\n\t\t\t\t\t\t\t\t\t<p>Die Egro Kaffeevollautomaten gew\u00e4hrleisten eine schonende Handhabung der Kaffeebohnen in allen Phasen der Zubereitung, vom Mahlen bis zur Extraktion. Unsere Technologien verwandeln die Kunst des Barista in einen automatischen Prozess, der Geschmack, Frische und h\u00f6chste Wiederholbarkeit garantiert.<\/p>\t\t\t\t\t\t\t\t<\/div>\n\t\t\t\t<\/div>\n\t\t\t\t<\/div>\n\t\t<div class=\"elementor-element elementor-element-7d5d9bda e-con-full e-flex e-con e-child\" data-id=\"7d5d9bda\" data-element_type=\"container\" data-e-type=\"container\">\n\t\t\t\t<div data-dce-title-color=\"#282727\" class=\"elementor-element elementor-element-7be3e24 elementor-widget elementor-widget-heading\" data-id=\"7be3e24\" data-element_type=\"widget\" data-e-type=\"widget\" data-widget_type=\"heading.default\">\n\t\t\t\t<div class=\"elementor-widget-container\">\n\t\t\t\t\t<h2 class=\"elementor-heading-title elementor-size-default\">Intelligentes Mahlen<\/h2>\t\t\t\t<\/div>\n\t\t\t\t<\/div>\n\t\t\t\t<div data-dce-text-color=\"#282727\" class=\"elementor-element elementor-element-aebb7a1 elementor-widget elementor-widget-text-editor\" data-id=\"aebb7a1\" data-element_type=\"widget\" data-e-type=\"widget\" data-widget_type=\"text-editor.default\">\n\t\t\t\t<div class=\"elementor-widget-container\">\n\t\t\t\t\t\t\t\t\t<p>Das selbstregulierende Mahlen (SAG) ist ein intelligentes Mahlsystem, das in der Lage ist, eventuelle Qualit\u00e4tsver\u00e4nderungen des Kaffees in Echtzeit zu korrigieren und so eine hervorragende Mahlung und Tasse f\u00fcr Tasse eine konstante Ausgabe zu garantieren.<\/p>\t\t\t\t\t\t\t\t<\/div>\n\t\t\t\t<\/div>\n\t\t\t\t<\/div>\n\t\t<div class=\"elementor-element elementor-element-0e092eb e-con-full e-flex e-con e-child\" data-id=\"0e092eb\" data-element_type=\"container\" data-e-type=\"container\">\n\t\t\t\t<div data-dce-title-color=\"#282727\" class=\"elementor-element elementor-element-152bd2f elementor-widget elementor-widget-heading\" data-id=\"152bd2f\" data-element_type=\"widget\" data-e-type=\"widget\" data-widget_type=\"heading.default\">\n\t\t\t\t<div class=\"elementor-widget-container\">\n\t\t\t\t\t<h2 class=\"elementor-heading-title elementor-size-default\">Vollst\u00e4ndige Kontrolle \u00fcber alle Parameter der Kaffeeextraktion<\/h2>\t\t\t\t<\/div>\n\t\t\t\t<\/div>\n\t\t\t\t<div data-dce-text-color=\"#282727\" class=\"elementor-element elementor-element-709e9cd elementor-widget elementor-widget-text-editor\" data-id=\"709e9cd\" data-element_type=\"widget\" data-e-type=\"widget\" data-widget_type=\"text-editor.default\">\n\t\t\t\t<div class=\"elementor-widget-container\">\n\t\t\t\t\t\t\t\t\t<p>Personalisieren Sie Ihre Kaffeerezepte \u00fcber das Bedienfeld und aktualisieren Sie Ihr Kaffeemen\u00fc jederzeit. Eine einfache Ber\u00fchrung gen\u00fcgt, um die Zutaten auszuw\u00e4hlen, die Dosierung und den Mahlgrad zu regulieren, die Pressstufe zu w\u00e4hlen und die Vorbr\u00fchung zu aktivieren.<\/p>\t\t\t\t\t\t\t\t<\/div>\n\t\t\t\t<\/div>\n\t\t\t\t<\/div>\n\t\t<div class=\"elementor-element elementor-element-e5efbb3 e-con-full e-flex e-con e-child\" data-id=\"e5efbb3\" data-element_type=\"container\" data-e-type=\"container\">\n\t\t\t\t<div data-dce-title-color=\"#282727\" class=\"elementor-element elementor-element-c92619a elementor-widget elementor-widget-heading\" data-id=\"c92619a\" data-element_type=\"widget\" data-e-type=\"widget\" data-widget_type=\"heading.default\">\n\t\t\t\t<div class=\"elementor-widget-container\">\n\t\t\t\t\t<h2 class=\"elementor-heading-title elementor-size-default\">Dual-Boiler-Technologie<\/h2>\t\t\t\t<\/div>\n\t\t\t\t<\/div>\n\t\t\t\t<div data-dce-text-color=\"#282727\" class=\"elementor-element elementor-element-e848813 elementor-widget elementor-widget-text-editor\" data-id=\"e848813\" data-element_type=\"widget\" data-e-type=\"widget\" data-widget_type=\"text-editor.default\">\n\t\t\t\t<div class=\"elementor-widget-container\">\n\t\t\t\t\t\t\t\t\t<p>Zwei unabh\u00e4ngige Boiler f\u00fcr die Kaffeezubereitung und die Dampfausgabe mit der M\u00f6glichkeit, verschiedene Temperaturen einzustellen, um sowohl bei der Dampfausgabe als auch bei der Kaffeeextraktion immer das Beste zu erhalten.<\/p>\t\t\t\t\t\t\t\t<\/div>\n\t\t\t\t<\/div>\n\t\t\t\t<\/div>\n\t\t<div class=\"elementor-element elementor-element-527bf4e e-con-full e-flex e-con e-child\" data-id=\"527bf4e\" data-element_type=\"container\" data-e-type=\"container\">\n\t\t\t\t<div data-dce-title-color=\"#282727\" class=\"elementor-element elementor-element-cbed017 elementor-widget elementor-widget-heading\" data-id=\"cbed017\" data-element_type=\"widget\" data-e-type=\"widget\" data-widget_type=\"heading.default\">\n\t\t\t\t<div class=\"elementor-widget-container\">\n\t\t\t\t\t<h2 class=\"elementor-heading-title elementor-size-default\">Langlebige Teile und hochwertige Materialien<\/h2>\t\t\t\t<\/div>\n\t\t\t\t<\/div>\n\t\t\t\t<div data-dce-text-color=\"#282727\" class=\"elementor-element elementor-element-fd96b6c elementor-widget elementor-widget-text-editor\" data-id=\"fd96b6c\" data-element_type=\"widget\" data-e-type=\"widget\" data-widget_type=\"text-editor.default\">\n\t\t\t\t<div class=\"elementor-widget-container\">\n\t\t\t\t\t\t\t\t\t<p>Der Gruppenkopf aus rostfreiem Stahl garantiert hohe Leistung und maximale Zuverl\u00e4ssigkeit. Er ist mit Dosierkammern mit unterschiedlichem Fassungsverm\u00f6gen erh\u00e4ltlich, um die Zubereitung einer gro\u00dfen Vielfalt an Kaffeerezepten zu erm\u00f6glichen. Der luftdichte Dura-Brew-Verschluss reduziert die routinem\u00e4\u00dfige Wartung des Gruppenkopfes und die Gesamtkosten f\u00fcr den Betrieb der Maschine.<\/p>\t\t\t\t\t\t\t\t<\/div>\n\t\t\t\t<\/div>\n\t\t\t\t<\/div>\n\t\t<div class=\"elementor-element elementor-element-f289d2f e-con-full e-flex e-con e-child\" data-id=\"f289d2f\" data-element_type=\"container\" data-e-type=\"container\">\n\t\t\t\t<div data-dce-title-color=\"#282727\" class=\"elementor-element elementor-element-3a1f8f7 elementor-widget elementor-widget-heading\" data-id=\"3a1f8f7\" data-element_type=\"widget\" data-e-type=\"widget\" data-widget_type=\"heading.default\">\n\t\t\t\t<div class=\"elementor-widget-container\">\n\t\t\t\t\t<h2 class=\"elementor-heading-title elementor-size-default\">Frische und Vielfalt f\u00fcr Ihr Kaffeemen\u00fc<\/h2>\t\t\t\t<\/div>\n\t\t\t\t<\/div>\n\t\t\t\t<div data-dce-text-color=\"#282727\" class=\"elementor-element elementor-element-8546449 elementor-widget elementor-widget-text-editor\" data-id=\"8546449\" data-element_type=\"widget\" data-e-type=\"widget\" data-widget_type=\"text-editor.default\">\n\t\t\t\t<div class=\"elementor-widget-container\">\n\t\t\t\t\t\t\t\t\t<p>Arbeiten Sie gleichzeitig mit verschiedenen Arten von Kaffeebohnen und Instantprodukten, um ein reichhaltiges, abwechslungsreiches Kaffeemen\u00fc zu kreieren. Alle Trichter der Egro Kaffeevollautomaten k\u00f6nnen abgenommen werden und sind mit Schl\u00f6ssern versehen.<\/p>\t\t\t\t\t\t\t\t<\/div>\n\t\t\t\t<\/div>\n\t\t\t\t<\/div>\n\t\t\t\t<\/div>\n\t\t\t\t<\/div>\n\t\t<div data-dce-background-color=\"#282727\" class=\"elementor-element elementor-element-7dd5c565 e-flex e-con-boxed e-con e-parent\" data-id=\"7dd5c565\" data-element_type=\"container\" data-e-type=\"container\" data-settings=\"{&quot;background_background&quot;:&quot;classic&quot;}\">\n\t\t\t\t\t<div class=\"e-con-inner\">\n\t\t<div class=\"elementor-element elementor-element-793d10a6 e-con-full e-flex e-con e-child\" data-id=\"793d10a6\" data-element_type=\"container\" data-e-type=\"container\">\n\t\t\t\t<div data-dce-title-color=\"#FFFFFF\" class=\"elementor-element elementor-element-359bd908 elementor-widget-mobile__width-initial h2-custom-header elementor-widget elementor-widget-heading\" data-id=\"359bd908\" data-element_type=\"widget\" data-e-type=\"widget\" data-widget_type=\"heading.default\">\n\t\t\t\t<div class=\"elementor-widget-container\">\n\t\t\t\t\t<h2 class=\"elementor-heading-title elementor-size-default\">Wir sind f\u00fcr Sie da<\/h2>\t\t\t\t<\/div>\n\t\t\t\t<\/div>\n\t\t\t\t<div data-dce-background-color=\"#E2444C\" class=\"elementor-element elementor-element-7fdf1254 elementor-align-justify elementor-widget__width-initial elementor-widget elementor-widget-button\" data-id=\"7fdf1254\" data-element_type=\"widget\" data-e-type=\"widget\" data-widget_type=\"button.default\">\n\t\t\t\t<div class=\"elementor-widget-container\">\n\t\t\t\t\t\t\t\t\t<div class=\"elementor-button-wrapper\">\n\t\t\t\t\t<a class=\"elementor-button elementor-button-link elementor-size-sm\" href=\"https:\/\/contact-us.egrocoffee.com\/de-de\/egro\/contact-us\/\" target=\"_blank\">\n\t\t\t\t\t\t<span class=\"elementor-button-content-wrapper\">\n\t\t\t\t\t\t\t\t\t<span class=\"elementor-button-text\">Kontaktieren sie uns<\/span>\n\t\t\t\t\t<\/span>\n\t\t\t\t\t<\/a>\n\t\t\t\t<\/div>\n\t\t\t\t\t\t\t\t<\/div>\n\t\t\t\t<\/div>\n\t\t\t\t<\/div>\n\t\t<div class=\"elementor-element elementor-element-71219c4b e-con-full elementor-hidden-tablet elementor-hidden-mobile e-flex e-con e-child\" data-id=\"71219c4b\" data-element_type=\"container\" data-e-type=\"container\">\n\t\t\t\t<\/div>\n\t\t\t\t\t<\/div>\n\t\t\t\t<\/div>\n\t\t\t\t<\/div>\n\t\t","protected":false},"excerpt":{"rendered":"<p>Kaffeetechnologie Die Egro Kaffeevollautomaten sind so konzipiert, dass sie die fortschrittlichsten Technologien zur Kaffeeextraktion bieten und die ganze Kunst und Professionalit\u00e4t eines Barista nur einen Klick entfernt ist. Von der Kaffeebohne bis zur Tasse &#8211; stets erstklassige Qualit\u00e4t. Die Egro Kaffeevollautomaten gew\u00e4hrleisten eine schonende Handhabung der Kaffeebohnen in allen Phasen der Zubereitung, vom Mahlen bis [&hellip;]<\/p>\n","protected":false},"author":1,"featured_media":0,"parent":70296,"menu_order":0,"comment_status":"closed","ping_status":"closed","template":"","meta":{"_acf_changed":false,"footnotes":""},"class_list":["post-70558","page","type-page","status-publish","hentry"],"acf":[],"_links":{"self":[{"href":"https:\/\/egrocoffee.com\/de\/wp-json\/wp\/v2\/pages\/70558","targetHints":{"allow":["GET"]}}],"collection":[{"href":"https:\/\/egrocoffee.com\/de\/wp-json\/wp\/v2\/pages"}],"about":[{"href":"https:\/\/egrocoffee.com\/de\/wp-json\/wp\/v2\/types\/page"}],"author":[{"embeddable":true,"href":"https:\/\/egrocoffee.com\/de\/wp-json\/wp\/v2\/users\/1"}],"replies":[{"embeddable":true,"href":"https:\/\/egrocoffee.com\/de\/wp-json\/wp\/v2\/comments?post=70558"}],"version-history":[{"count":3,"href":"https:\/\/egrocoffee.com\/de\/wp-json\/wp\/v2\/pages\/70558\/revisions"}],"predecessor-version":[{"id":80721,"href":"https:\/\/egrocoffee.com\/de\/wp-json\/wp\/v2\/pages\/70558\/revisions\/80721"}],"up":[{"embeddable":true,"href":"https:\/\/egrocoffee.com\/de\/wp-json\/wp\/v2\/pages\/70296"}],"wp:attachment":[{"href":"https:\/\/egrocoffee.com\/de\/wp-json\/wp\/v2\/media?parent=70558"}],"curies":[{"name":"wp","href":"https:\/\/api.w.org\/{rel}","templated":true}]}}